{"id":12377,"date":"2019-09-30T10:25:31","date_gmt":"2019-09-30T08:25:31","guid":{"rendered":"https:\/\/mago.cloud\/?page_id=12377"},"modified":"2020-08-10T15:35:24","modified_gmt":"2020-08-10T13:35:24","slug":"mago-cloud","status":"publish","type":"page","link":"https:\/\/mago.cloud\/it\/mago-cloud","title":{"rendered":"MagoCloud"},"content":{"rendered":"<div class=\"wpb-content-wrapper\">[vc_row full_width=&#8221;stretch_row&#8221; equal_height=&#8221;yes&#8221; content_placement=&#8221;middle&#8221; wrap_container=&#8221;yes&#8221; css=&#8221;.vc_custom_1526655567506{margin-bottom: 40px !important;background-color: #ffffff !important;background-position: 0 0 !important;background-repeat: no-repeat !important;}&#8221; el_class=&#8221;bg-img-cover&#8221;][vc_column animation_type=&#8221;fadeIn&#8221;][rev_slider_vc alias=&#8221;it_c_cloudtemplate&#8221;][\/vc_column][\/vc_row][vc_row full_width=&#8221;stretch_row&#8221; wrap_container=&#8221;yes&#8221; text_align=&#8221;left&#8221; remove_margin_top=&#8221;yes&#8221; remove_margin_bottom=&#8221;yes&#8221; remove_border=&#8221;yes&#8221; css=&#8221;.vc_custom_1525957325142{margin-top: 20px !important;margin-right: 0px !important;margin-bottom: 0px !important;margin-left: 0px !important;border-top-width: 0px !important;border-right-width: 0px !important;border-bottom-width: 0px !important;border-left-width: 0px !important;padding-top: 0px !important;padding-right: 0px !important;padding-bottom: 40px !important;padding-left: 0px !important;}&#8221; el_class=&#8221;bg-custom-color-1&#8243;][vc_column][vc_custom_heading text=&#8221;MagoCloud \u00e8 un software gestionale cloud nativo, progettato fin dagli inizi per funzionare su rete Internet impiegando le pi\u00f9 moderne tecnologie del Web.<\/p>\n<p>Pensato per la media impresa, ma adatto anche per aziende di piccola dimensione, MagoCloud si implementa in tempi rapidissimi. Grazie alla sua semplicit\u00e0 d&#8217;uso, i tuoi collaboratori aumenteranno da subito la loro produttivit\u00e0.&#8221; font_container=&#8221;tag:h2|font_size:22|text_align:left|color:%230a0a0a|line_height:1.5&#8243; google_fonts=&#8221;font_family:Roboto%3A100%2C100italic%2C300%2C300italic%2Cregular%2Citalic%2C500%2C500italic%2C700%2C700italic%2C900%2C900italic|font_style:300%20light%20regular%3A300%3Anormal&#8221; css_animation=&#8221;fadeInUpBig&#8221;][vc_empty_space][vc_row_inner][vc_column_inner width=&#8221;1\/3&#8243;][vc_cta h2=&#8221;UN&#8217;UNICA BASE DATI&#8221; txt_align=&#8221;center&#8221; add_icon=&#8221;top&#8221; i_type=&#8221;entypo&#8221; i_icon_entypo=&#8221;entypo-icon entypo-icon-database&#8221; i_color=&#8221;custom&#8221; i_size=&#8221;xl&#8221; i_css_animation=&#8221;fadeIn&#8221; css_animation=&#8221;fadeInUpBig&#8221; i_custom_color=&#8221;#005eb8&#8243;]<span id=\"hs_cos_wrapper_module_14914017659592363\" class=\"hs_cos_wrapper hs_cos_wrapper_widget_container hs_cos_wrapper_type_widget_container\" data-hs-cos-general-type=\"widget_container\" data-hs-cos-type=\"widget_container\">Tutti i dati sono sempre aggiornati in tempo reale e risiedono in un unico archivio. Meno errori, pi\u00f9 velocit\u00e0 e dati pi\u00f9 affidabili!<\/span>[\/vc_cta][\/vc_column_inner][vc_column_inner width=&#8221;1\/3&#8243;][vc_cta h2=&#8221;LAVORI OVUNQUE&#8221; txt_align=&#8221;center&#8221; add_icon=&#8221;top&#8221; i_type=&#8221;entypo&#8221; i_icon_entypo=&#8221;entypo-icon entypo-icon-location&#8221; i_color=&#8221;custom&#8221; i_size=&#8221;xl&#8221; i_css_animation=&#8221;fadeIn&#8221; css_animation=&#8221;fadeInUpBig&#8221; i_custom_color=&#8221;#005eb8&#8243;]<span id=\"hs_cos_wrapper_module_14914017659592363\" class=\"hs_cos_wrapper hs_cos_wrapper_widget_container hs_cos_wrapper_type_widget_container\" data-hs-cos-general-type=\"widget_container\" data-hs-cos-type=\"widget_container\">Devi accedere ai dati aziendali da casa? In viaggio? Quando sei da un cliente? Basta una connessione Internet per accedere a MagoCloud!<\/span>[\/vc_cta][\/vc_column_inner][vc_column_inner width=&#8221;1\/3&#8243;][vc_cta h2=&#8221;INTERNAZIONALE&#8221; txt_align=&#8221;center&#8221; add_icon=&#8221;top&#8221; i_type=&#8221;entypo&#8221; i_icon_entypo=&#8221;entypo-icon entypo-icon-globe&#8221; i_color=&#8221;custom&#8221; i_size=&#8221;xl&#8221; i_css_animation=&#8221;fadeIn&#8221; css_animation=&#8221;fadeInUpBig&#8221; i_custom_color=&#8221;#005eb8&#8243;]Multilingua, multinormativa e multivaluta. MagoCloud \u00e8 pensato per supportare lo sviluppo di qualunque localizzazione fiscale e funzionale.[\/vc_cta][\/vc_column_inner][\/vc_row_inner][vc_row_inner][vc_column_inner width=&#8221;1\/3&#8243;][vc_cta h2=&#8221;PER OGNI INDUSTRY&#8221; txt_align=&#8221;center&#8221; add_icon=&#8221;top&#8221; i_type=&#8221;entypo&#8221; i_icon_entypo=&#8221;entypo-icon entypo-icon-thumbs-up&#8221; i_color=&#8221;custom&#8221; i_size=&#8221;xl&#8221; i_css_animation=&#8221;fadeIn&#8221; css_animation=&#8221;fadeInUpBig&#8221; i_custom_color=&#8221;#005eb8&#8243;]<span id=\"hs_cos_wrapper_module_14914017659592363\" class=\"hs_cos_wrapper hs_cos_wrapper_widget_container hs_cos_wrapper_type_widget_container\" data-hs-cos-general-type=\"widget_container\" data-hs-cos-type=\"widget_container\">Funzionalit\u00e0 specifiche pensate per ogni settore, realizzate da esperti per rispondere alle esigenze specifiche di ogni azienda.<br \/>\n<\/span>[\/vc_cta][\/vc_column_inner][vc_column_inner width=&#8221;1\/3&#8243;][vc_cta h2=&#8221;PER OGNI DEVICE&#8221; txt_align=&#8221;center&#8221; add_icon=&#8221;top&#8221; i_type=&#8221;entypo&#8221; i_icon_entypo=&#8221;entypo-icon entypo-icon-mobile&#8221; i_color=&#8221;custom&#8221; i_size=&#8221;xl&#8221; i_css_animation=&#8221;fadeIn&#8221; css_animation=&#8221;fadeInUpBig&#8221; i_custom_color=&#8221;#005eb8&#8243;]<span id=\"hs_cos_wrapper_module_14914017659592363\" class=\"hs_cos_wrapper hs_cos_wrapper_widget_container hs_cos_wrapper_type_widget_container\" data-hs-cos-general-type=\"widget_container\" data-hs-cos-type=\"widget_container\">Una soluzione che si rivolge a tutti gli utenti all&#8217;interno dell&#8217;azienda, accessibile con ogni dispositivo, 24h in ogni luogo.<\/span>[\/vc_cta][\/vc_column_inner][vc_column_inner width=&#8221;1\/3&#8243;][vc_cta h2=&#8221;FACILE E VELOCE&#8221; txt_align=&#8221;center&#8221; add_icon=&#8221;top&#8221; i_type=&#8221;entypo&#8221; i_icon_entypo=&#8221;entypo-icon entypo-icon-rocket&#8221; i_color=&#8221;custom&#8221; i_size=&#8221;xl&#8221; i_css_animation=&#8221;fadeIn&#8221; css_animation=&#8221;fadeInUpBig&#8221; i_custom_color=&#8221;#005eb8&#8243;]<span id=\"hs_cos_wrapper_module_14914017659592363\" class=\"hs_cos_wrapper hs_cos_wrapper_widget_container hs_cos_wrapper_type_widget_container\" data-hs-cos-general-type=\"widget_container\" data-hs-cos-type=\"widget_container\">Diventa operativo in poco tempo, eliminando i costi e la complessit\u00e0 legati all\u2019hardware e al software di sistema.<\/span>[\/vc_cta][\/vc_column_inner][\/vc_row_inner][\/vc_column][\/vc_row][vc_row][vc_column]<div class=\"porto-block\" data-id=\"14219\"><style>.vc_custom_1581075535106{margin-top: 40px !important;margin-bottom: 40px !important;background-color: #ffc72c !important;background-position: 0 0 !important;background-repeat: no-repeat !important;}.vc_custom_1581075568542{padding-top: 50px !important;padding-right: 50px !important;padding-bottom: 50px !important;padding-left: 100px !important;}.vc_custom_1581075579749{padding-top: 50px !important;padding-right: 100px !important;padding-bottom: 50px !important;padding-left: 50px !important;}<\/style><p>[vc_row full_width=\"stretch_row_content\" equal_height=\"yes\" content_placement=\"middle\" wrap_container=\"yes\" css=\".vc_custom_1581075535106{margin-top: 40px !important;margin-bottom: 40px !important;background-color: #ffc72c !important;background-position: 0 0 !important;background-repeat: no-repeat !important;}\" el_class=\"bg-img-cover\"][vc_column width=\"2\/3\" animation_type=\"fadeIn\" css=\".vc_custom_1581075568542{padding-top: 50px !important;padding-right: 50px !important;padding-bottom: 50px !important;padding-left: 100px !important;}\"][vc_custom_heading text=\"Scopri ora MagoCloud!\" use_theme_fonts=\"yes\"][vc_empty_space height=\"20px\"][vc_custom_heading text=\"Dal primo contatto all'inserimento dell'ordine: finalmente non devi pi\u00f9 integrare altri sistemi. Tutto in un software!\" font_container=\"tag:p|font_size:18|text_align:left\" use_theme_fonts=\"yes\"][\/vc_column][vc_column width=\"1\/3\" css=\".vc_custom_1581075579749{padding-top: 50px !important;padding-right: 100px !important;padding-bottom: 50px !important;padding-left: 50px !important;}\"][vc_btn title=\"Contattaci\" style=\"custom\" custom_background=\"#005eb8\" custom_text=\"#ffffff\" shape=\"rounded\" size=\"xl\" align=\"center\" link=\"url:https%3A%2F%2Fmago.cloud%2Fit%2Fcontatti|title:Contattaci|target:_blank\" el_class=\"buttonStyle\"][\/vc_column][\/vc_row]<\/p>\r\n<\/div>[\/vc_column][\/vc_row][vc_row full_width=&#8221;stretch_row_content&#8221; equal_height=&#8221;yes&#8221; content_placement=&#8221;middle&#8221; wrap_container=&#8221;yes&#8221; css=&#8221;.vc_custom_1582121406434{margin-top: 40px !important;background: #ffffff url(https:\/\/mago.cloud\/wp-content\/uploads\/2020\/02\/MagoCloud.jpg?id=14314) !important;background-position: 0 0 !important;background-repeat: no-repeat !important;}&#8221; el_class=&#8221;bg-img-cover&#8221;][vc_column animation_type=&#8221;fadeIn&#8221;]<div class=\"porto-block\" data-id=\"13354\"><style>.vc_custom_1747840044125{padding-top: 50px !important;padding-right: 50px !important;padding-bottom: 50px !important;padding-left: 50px !important;}.vc_custom_1747840083578{porto_vc_design_option}@media(max-width:575px){.vc_custom_1747840044125{padding-right:15px!important;padding-left:15px!important;}}@media(max-width:575px){.vc_custom_1747840083578{padding-right:0px!important;padding-left:0px!important;}}.wpb_custom_ab3c06935b22e757d9ab4d573cfe1562.porto-u-heading .porto-u-main-heading > *{font-weight:600;font-size:38px;}.testoBordato { text-shadow: -1px 0 #000, 0 1px #000, 1px 0 #000, 0 -1px #000 !important;}<\/style>[vc_row full_width=\"stretch_row_content\" wrap_container=\"yes\" equal_height=\"yes\" content_placement=\"middle\" parallax=\"content-moving\" el_class=\"bg-img-cover\" conditional_render=\"%5B%7B%22value_role%22%3A%22administrator%22%7D%5D\" css=\".vc_custom_1747840044125{padding-top: 50px !important;padding-right: 50px !important;padding-bottom: 50px !important;padding-left: 50px !important;}\" css_params=\"{``css_padding_right_xs``:``15px``,``css_padding_left_xs``:``15px``}\" custom_css_response=\"@media(max-width:575px){.vc_custom_1747840044125{padding-right:15px!important;padding-left:15px!important;}}\"][vc_column animation_type=\"fadeIn\" conditional_render=\"%5B%7B%22value_role%22%3A%22administrator%22%7D%5D\"]<div class=\"porto-u-heading  wpb_custom_ab3c06935b22e757d9ab4d573cfe1562 porto-u-55ca8359258f9a412be7e73af65d2aac  vc_custom_1747840083578\"><div class=\"porto-u-main-heading\"><h2   style=\"color:#ffffff;\">Parlaci del tuo progetto, siamo pronti a realizzarlo!<\/h2><\/div><style>.porto-u-55ca8359258f9a412be7e73af65d2aac.porto-u-heading{text-align:center}<\/style><\/div>[vc_empty_space][vc_row_inner][vc_column_inner width=\"1\/2\"][vc_btn title=\"Richiedi demo\" style=\"custom\" custom_background=\"#005eb8\" custom_text=\"#ffffff\" shape=\"rounded\" size=\"xl\" align=\"center\" link=\"url:https%3A%2F%2Fmago.cloud%2Fit%2Frichiesta-demo|title:Richiedi%20demo\" el_class=\"buttonStyle\"][\/vc_column_inner][vc_column_inner width=\"1\/2\"][vc_btn title=\"Contattaci\" style=\"custom\" custom_background=\"#005eb8\" custom_text=\"#ffffff\" shape=\"rounded\" size=\"xl\" align=\"center\" link=\"url:https%3A%2F%2Fmago.cloud%2Fit%2Fcontatti|title:Contact%20us\" el_class=\"buttonStyle\"][\/vc_column_inner][\/vc_row_inner][vc_row_inner disable_element=\"yes\"][vc_column_inner width=\"1\/3\"][vc_btn title=\"Richiedi demo\" style=\"custom\" custom_background=\"#005eb8\" custom_text=\"#ffffff\" shape=\"rounded\" size=\"xl\" align=\"center\" link=\"url:https%3A%2F%2Fmago.cloud%2Fit%2Frichiesta-demo|title:Richiedi%20demo\" el_class=\"buttonStyle\"][\/vc_column_inner][vc_column_inner width=\"1\/3\"][vc_btn title=\"Vai allo Store\" style=\"custom\" custom_background=\"#005eb8\" custom_text=\"#ffffff\" shape=\"rounded\" size=\"xl\" align=\"center\" link=\"url:https%3A%2F%2Fstore.mago.cloud|target:_blank\"][\/vc_column_inner][vc_column_inner width=\"1\/3\"][vc_btn title=\"Contattaci\" style=\"custom\" custom_background=\"#005eb8\" custom_text=\"#ffffff\" shape=\"rounded\" size=\"xl\" align=\"center\" link=\"url:https%3A%2F%2Fmago.cloud%2Fit%2Fcontatti|title:Contact%20us\" el_class=\"buttonStyle\"][\/vc_column_inner][\/vc_row_inner][\/vc_column][\/vc_row]<\/div>[\/vc_column][\/vc_row]\n<\/div>","protected":false},"excerpt":{"rendered":"<p>[vc_row full_width=&#8221;stretch_row&#8221; equal_height=&#8221;yes&#8221; content_placement=&#8221;middle&#8221; wrap_container=&#8221;yes&#8221; css=&#8221;.vc_custom_1526655567506{margin-bottom: 40px !important;background-color: #ffffff !important;background-position: 0 0 !important;background-repeat: no-repeat !important;}&#8221; el_class=&#8221;bg-img-cover&#8221;][vc_column animation_type=&#8221;fadeIn&#8221;][rev_slider_vc alias=&#8221;it_c_cloudtemplate&#8221;][\/vc_column][\/vc_row][vc_row full_width=&#8221;stretch_row&#8221; wrap_container=&#8221;yes&#8221; text_align=&#8221;left&#8221; remove_margin_top=&#8221;yes&#8221; remove_margin_bottom=&#8221;yes&#8221; remove_border=&#8221;yes&#8221; css=&#8221;.vc_custom_1525957325142{margin-top: 20px !important;margin-right: 0px !important;margin-bottom: 0px !important;margin-left: 0px !important;border-top-width: 0px !important;border-right-width: 0px !important;border-bottom-width: 0px !important;border-left-width: 0px !important;padding-top: 0px !important;padding-right: 0px !important;padding-bottom: 40px !important;padding-left: 0px !important;}&#8221; el_class=&#8221;bg-custom-color-1&#8243;][vc_column][vc_custom_heading text=&#8221;MagoCloud \u00e8 un software gestionale [&hellip;]<\/p>\n","protected":false},"author":4,"featured_media":0,"parent":0,"menu_order":0,"comment_status":"closed","ping_status":"closed","template":"","meta":{"footnotes":""},"class_list":["post-12377","page","type-page","status-publish","hentry"],"yoast_head":"<!-- This site is optimized with the Yoast SEO plugin v27.3 - https:\/\/yoast.com\/product\/yoast-seo-wordpress\/ -->\n<title>MagoCloud - MagoCloud ERP<\/title>\n<meta name=\"robots\" content=\"index, follow, max-snippet:-1, max-image-preview:large, max-video-preview:-1\" \/>\n<link rel=\"canonical\" href=\"https:\/\/mago.cloud\/it\/mago-cloud\" \/>\n<meta property=\"og:locale\" content=\"it_IT\" \/>\n<meta property=\"og:type\" content=\"article\" \/>\n<meta property=\"og:title\" content=\"MagoCloud - MagoCloud ERP\" \/>\n<meta property=\"og:description\" content=\"[vc_row full_width=&#8221;stretch_row&#8221; equal_height=&#8221;yes&#8221; content_placement=&#8221;middle&#8221; wrap_container=&#8221;yes&#8221; css=&#8221;.vc_custom_1526655567506{margin-bottom: 40px !important;background-color: #ffffff !important;background-position: 0 0 !important;background-repeat: no-repeat !important;}&#8221; el_class=&#8221;bg-img-cover&#8221;][vc_column animation_type=&#8221;fadeIn&#8221;][rev_slider_vc alias=&#8221;it_c_cloudtemplate&#8221;][\/vc_column][\/vc_row][vc_row full_width=&#8221;stretch_row&#8221; wrap_container=&#8221;yes&#8221; text_align=&#8221;left&#8221; remove_margin_top=&#8221;yes&#8221; remove_margin_bottom=&#8221;yes&#8221; remove_border=&#8221;yes&#8221; css=&#8221;.vc_custom_1525957325142{margin-top: 20px !important;margin-right: 0px !important;margin-bottom: 0px !important;margin-left: 0px !important;border-top-width: 0px !important;border-right-width: 0px !important;border-bottom-width: 0px !important;border-left-width: 0px !important;padding-top: 0px !important;padding-right: 0px !important;padding-bottom: 40px !important;padding-left: 0px !important;}&#8221; el_class=&#8221;bg-custom-color-1&#8243;][vc_column][vc_custom_heading text=&#8221;MagoCloud \u00e8 un software gestionale [&hellip;]\" \/>\n<meta property=\"og:url\" content=\"https:\/\/mago.cloud\/it\/mago-cloud\" \/>\n<meta property=\"og:site_name\" content=\"MagoCloud ERP\" \/>\n<meta property=\"article:publisher\" content=\"https:\/\/www.facebook.com\/Zucchetti-Worldwide-799895010175846\/\" \/>\n<meta property=\"article:modified_time\" content=\"2020-08-10T13:35:24+00:00\" \/>\n<meta name=\"twitter:card\" content=\"summary_large_image\" \/>\n<meta name=\"twitter:site\" content=\"@ZucchettiWorld\" \/>\n<meta name=\"twitter:label1\" content=\"Tempo di lettura stimato\" \/>\n\t<meta name=\"twitter:data1\" content=\"3 minuti\" \/>\n<script type=\"application\/ld+json\" class=\"yoast-schema-graph\">{\"@context\":\"https:\\\/\\\/schema.org\",\"@graph\":[{\"@type\":\"WebPage\",\"@id\":\"https:\\\/\\\/mago.cloud\\\/it\\\/mago-cloud\",\"url\":\"https:\\\/\\\/mago.cloud\\\/it\\\/mago-cloud\",\"name\":\"MagoCloud - MagoCloud ERP\",\"isPartOf\":{\"@id\":\"https:\\\/\\\/mago.cloud\\\/it#website\"},\"datePublished\":\"2019-09-30T08:25:31+00:00\",\"dateModified\":\"2020-08-10T13:35:24+00:00\",\"breadcrumb\":{\"@id\":\"https:\\\/\\\/mago.cloud\\\/it\\\/mago-cloud#breadcrumb\"},\"inLanguage\":\"it-IT\",\"potentialAction\":[{\"@type\":\"ReadAction\",\"target\":[\"https:\\\/\\\/mago.cloud\\\/it\\\/mago-cloud\"]}]},{\"@type\":\"BreadcrumbList\",\"@id\":\"https:\\\/\\\/mago.cloud\\\/it\\\/mago-cloud#breadcrumb\",\"itemListElement\":[{\"@type\":\"ListItem\",\"position\":1,\"name\":\"Home\",\"item\":\"https:\\\/\\\/mago.cloud\\\/it\"},{\"@type\":\"ListItem\",\"position\":2,\"name\":\"MagoCloud\"}]},{\"@type\":\"WebSite\",\"@id\":\"https:\\\/\\\/mago.cloud\\\/it#website\",\"url\":\"https:\\\/\\\/mago.cloud\\\/it\",\"name\":\"MagoCloud ERP\",\"description\":\"\",\"potentialAction\":[{\"@type\":\"SearchAction\",\"target\":{\"@type\":\"EntryPoint\",\"urlTemplate\":\"https:\\\/\\\/mago.cloud\\\/it?s={search_term_string}\"},\"query-input\":{\"@type\":\"PropertyValueSpecification\",\"valueRequired\":true,\"valueName\":\"search_term_string\"}}],\"inLanguage\":\"it-IT\"}]}<\/script>\n<!-- \/ Yoast SEO plugin. -->","yoast_head_json":{"title":"MagoCloud - MagoCloud ERP","robots":{"index":"index","follow":"follow","max-snippet":"max-snippet:-1","max-image-preview":"max-image-preview:large","max-video-preview":"max-video-preview:-1"},"canonical":"https:\/\/mago.cloud\/it\/mago-cloud","og_locale":"it_IT","og_type":"article","og_title":"MagoCloud - MagoCloud ERP","og_description":"[vc_row full_width=&#8221;stretch_row&#8221; equal_height=&#8221;yes&#8221; content_placement=&#8221;middle&#8221; wrap_container=&#8221;yes&#8221; css=&#8221;.vc_custom_1526655567506{margin-bottom: 40px !important;background-color: #ffffff !important;background-position: 0 0 !important;background-repeat: no-repeat !important;}&#8221; el_class=&#8221;bg-img-cover&#8221;][vc_column animation_type=&#8221;fadeIn&#8221;][rev_slider_vc alias=&#8221;it_c_cloudtemplate&#8221;][\/vc_column][\/vc_row][vc_row full_width=&#8221;stretch_row&#8221; wrap_container=&#8221;yes&#8221; text_align=&#8221;left&#8221; remove_margin_top=&#8221;yes&#8221; remove_margin_bottom=&#8221;yes&#8221; remove_border=&#8221;yes&#8221; css=&#8221;.vc_custom_1525957325142{margin-top: 20px !important;margin-right: 0px !important;margin-bottom: 0px !important;margin-left: 0px !important;border-top-width: 0px !important;border-right-width: 0px !important;border-bottom-width: 0px !important;border-left-width: 0px !important;padding-top: 0px !important;padding-right: 0px !important;padding-bottom: 40px !important;padding-left: 0px !important;}&#8221; el_class=&#8221;bg-custom-color-1&#8243;][vc_column][vc_custom_heading text=&#8221;MagoCloud \u00e8 un software gestionale [&hellip;]","og_url":"https:\/\/mago.cloud\/it\/mago-cloud","og_site_name":"MagoCloud ERP","article_publisher":"https:\/\/www.facebook.com\/Zucchetti-Worldwide-799895010175846\/","article_modified_time":"2020-08-10T13:35:24+00:00","twitter_card":"summary_large_image","twitter_site":"@ZucchettiWorld","twitter_misc":{"Tempo di lettura stimato":"3 minuti"},"schema":{"@context":"https:\/\/schema.org","@graph":[{"@type":"WebPage","@id":"https:\/\/mago.cloud\/it\/mago-cloud","url":"https:\/\/mago.cloud\/it\/mago-cloud","name":"MagoCloud - MagoCloud ERP","isPartOf":{"@id":"https:\/\/mago.cloud\/it#website"},"datePublished":"2019-09-30T08:25:31+00:00","dateModified":"2020-08-10T13:35:24+00:00","breadcrumb":{"@id":"https:\/\/mago.cloud\/it\/mago-cloud#breadcrumb"},"inLanguage":"it-IT","potentialAction":[{"@type":"ReadAction","target":["https:\/\/mago.cloud\/it\/mago-cloud"]}]},{"@type":"BreadcrumbList","@id":"https:\/\/mago.cloud\/it\/mago-cloud#breadcrumb","itemListElement":[{"@type":"ListItem","position":1,"name":"Home","item":"https:\/\/mago.cloud\/it"},{"@type":"ListItem","position":2,"name":"MagoCloud"}]},{"@type":"WebSite","@id":"https:\/\/mago.cloud\/it#website","url":"https:\/\/mago.cloud\/it","name":"MagoCloud ERP","description":"","potentialAction":[{"@type":"SearchAction","target":{"@type":"EntryPoint","urlTemplate":"https:\/\/mago.cloud\/it?s={search_term_string}"},"query-input":{"@type":"PropertyValueSpecification","valueRequired":true,"valueName":"search_term_string"}}],"inLanguage":"it-IT"}]}},"_links":{"self":[{"href":"https:\/\/mago.cloud\/it\/wp-json\/wp\/v2\/pages\/12377","targetHints":{"allow":["GET"]}}],"collection":[{"href":"https:\/\/mago.cloud\/it\/wp-json\/wp\/v2\/pages"}],"about":[{"href":"https:\/\/mago.cloud\/it\/wp-json\/wp\/v2\/types\/page"}],"author":[{"embeddable":true,"href":"https:\/\/mago.cloud\/it\/wp-json\/wp\/v2\/users\/4"}],"replies":[{"embeddable":true,"href":"https:\/\/mago.cloud\/it\/wp-json\/wp\/v2\/comments?post=12377"}],"version-history":[{"count":0,"href":"https:\/\/mago.cloud\/it\/wp-json\/wp\/v2\/pages\/12377\/revisions"}],"wp:attachment":[{"href":"https:\/\/mago.cloud\/it\/wp-json\/wp\/v2\/media?parent=12377"}],"curies":[{"name":"wp","href":"https:\/\/api.w.org\/{rel}","templated":true}]}}