{"id":757,"date":"2017-03-13T22:42:22","date_gmt":"2017-03-13T21:42:22","guid":{"rendered":"https:\/\/mago.cloud\/?page_id=757"},"modified":"2019-03-06T16:55:08","modified_gmt":"2019-03-06T15:55:08","slug":"datenschutz","status":"publish","type":"page","link":"https:\/\/mago.cloud\/de\/datenschutz.html","title":{"rendered":"Datenschutz"},"content":{"rendered":"<div class=\"wpb-content-wrapper\">[vc_row full_width=&#8220;stretch_row&#8220; wrap_container=&#8220;yes&#8220; text_align=&#8220;left&#8220; remove_margin_top=&#8220;yes&#8220; remove_margin_bottom=&#8220;yes&#8220; remove_border=&#8220;yes&#8220; css=&#8220;.vc_custom_1524554856742{margin-top: 0px !important;margin-right: 0px !important;margin-bottom: 0px !important;margin-left: 0px !important;border-top-width: 0px !important;border-right-width: 0px !important;border-bottom-width: 0px !important;border-left-width: 0px !important;padding-top: 0px !important;padding-right: 0px !important;padding-bottom: 0px !important;padding-left: 0px !important;}&#8220; el_class=&#8220;bg-color-custom-1&#8243;][vc_column][vc_custom_heading text=&#8220;&#8220; font_container=&#8220;tag:h2|font_size:1.8em|text_align:left&#8220; use_theme_fonts=&#8220;yes&#8220; el_class=&#8220;h2-under-title text-color-light under-title&#8220; css=&#8220;.vc_custom_1519747487471{padding-bottom: 20px !important;}&#8220;][\/vc_column][\/vc_row][vc_row][vc_column width=&#8220;5\/6&#8243;][vc_column_text]\n<h5><strong>ZUCCHETTI S.P.A. BEFOLGT DIE GESETZLICHEN VORGABEN ZUM DATENSCHUTZ (ITALIENISCHER GERICHTSBESCHLUSS 196\/03). INHALTE UND DIENSTLEISTUNGEN WERDEN NUR PERSONEN ZUR VERF\u00dcGUNG GESTELLT, WELCHE EINE AUSDR\u00dcCKLICHE ANFRAGE STELLEN UND WELCHE ZUCCHETTI S.P.A. ZUR VERARBEITUNG IHRER PERS\u00d6NLICHEN DATEN BERECHTIGEN.<\/strong><\/h5>\n<p>Benachrichtigung entsprechend Artikel 13 D.Lgs. 196\/03 (Direktive 95\/46\/CE des EU-Parlaments und -Rats, 24. Oktober 1995, Direktive 2002\/58\/CE des EU-Parlaments und -Rats, 12. Juli 2002).<\/p>\n<p>Sammlung von Informationen und Registrierung f\u00fcr Dienstleistungen<br \/>\nZucchetti S.p.A. mit Hauptsitz in Lodi informiert Sie hiermit als Eigent\u00fcmer eines Datenverarbeitungssystems, in dem Ihre pers\u00f6nlichen Daten erfasst werden dar\u00fcber, dass das Unternehmen entsprechend D.Lgs. 196\/03 alle geltenden Richtlinien f\u00fcr Korrektheit, Legalit\u00e4t, Transparenz und Schutz Ihrer Privatsph\u00e4re und Rechte befolgt. Laut Paragraf 13 dieses Datenschutzrechts haben Sie nach der Registrierung die folgenden Anspr\u00fcche:<\/p>\n<ul type=\"disc\">\n<li>Anforderung von Informationen zu Zucchetti-Angeboten<\/li>\n<li>Pr\u00fcfung von Informations- und Demomaterial, welches die Produkte und Dienstleistungen von Zucchetti demonstriert und erl\u00e4utert<\/li>\n<li>Pr\u00fcfung von Informationen in Bezug auf die Webseite und gewerbliche Neuerungen der Zucchetti Group und deren Partner<\/li>\n<\/ul>\n<p>Mit der Registrierung erkl\u00e4ren Sie sich zudem mit den folgenden T\u00e4tigkeiten seitens Zucchetti S.p.A. einverstanden:<\/p>\n<ul type=\"disc\">\n<li>\u00dcbermittelung Ihrer pers\u00f6nlichen Daten an Personen, Unternehmen oder Dienstleitungsbeh\u00f6rden oder Drittunternehmen f\u00fcr Werbezwecke, Marktforschung und Weitergabe Ihrer Informationen an Unternehmen der Unternehmensgruppe, Tochterunternehmen der Zucchetti S.p.A. und von der Zucchetti S.p.A. beauftragten Unternehmen zur Bearbeitung und Bereitstellung von Angeboten oder Dienstleistungen<\/li>\n<li>Verarbeitung Ihrer Daten f\u00fcr Werbung und Marktforschung, gewerbliche und Werbezwecke, f\u00fcr Angebote zu Produkten und Dienstleistung, die von diesen Unternehmen der Unternehmensgruppe oder Drittunternehmen angeboten werden.<\/li>\n<\/ul>\n<p>Wir m\u00f6chten Sie daran erinnern, dass Sie allein die Verantwortung f\u00fcr die von Ihnen an die Zucchetti S.p.A. \u00fcbermittelten pers\u00f6nlichen Daten tragen.<br \/>\nDie Bereitstellung weiterer pers\u00f6nlicher Daten ist freiwillig, hilft uns jedoch, Ihnen besser an Ihre Erwartungen angepassten Service zu bieten (Angebote zu neuen Leistungen, Werbeangebote usw.)<\/p>\n<p>\u201eVertrauliche\u201c Daten<br \/>\nZucchetti S.p.A. verwendet unter keinen Umst\u00e4nden Ihre \u201evertraulichen\u201c pers\u00f6nlichen Daten (Gesundheit, Konfession, politische Gesinnung usw.)<\/p>\n<p>Datensicherheit<br \/>\nIhre pers\u00f6nlichen Daten werden ausschlie\u00dflich durch elektronische Systeme verarbeitet, zu denen nur autorisiertes Personal Zugang hat.<br \/>\nZucchetti S.p.A. verwendet alle geeigneten IT-Sicherheitsma\u00dfnahmen zur Minimierung eines Versto\u00dfes gegen die Privatsph\u00e4re von Usern durch Dritte und f\u00fchrt alle weiteren erforderlichen Sicherheitsma\u00dfnahmen umgehend durch.<\/p>\n<p>Cookies<br \/>\nBitte beachten Sie, dass beim Besuch der Zucchetti-Webseite die folgenden elektronische \u201eCookies\u201c auf Ihrem Browser gespeichert werden:<\/p>\n<ul type=\"disc\">\n<li>\u201eSession Cookies\u201c, welche beim Online-Einkauf dazu dienen, Ihren Einkaufswagen zu speichern, Authentisierungs-Cookies, Multimedia-Player Session Cookies, die nicht \u00fcber Ihren Besuch der Webseite hinaus gespeichert werden, \u201efunktionale\u201c Cookies (z. B. zur Speicherung der gew\u00e4hlten Browsersprache usw.)<\/li>\n<li>Cookies (sogenannte \u201eAnalytics\u201d), welche dazu verwendet werden, rein statistische Daten zur Nutzung der Webseite zu sammeln und keine pers\u00f6nliche Identifizierung erm\u00f6glichen<\/li>\n<\/ul>\n<p>Des Weiteren k\u00f6nnen Sie beim Browsen auf der Zucchetti-Webseite zu den Funktionen anderer Seiten weitergeleitet werden, welche Cookies verwenden, zum Beispiel:<\/p>\n<table border=\"0\" cellspacing=\"0\" cellpadding=\"0\">\n<tbody>\n<tr>\n<td width=\"120\"><strong>Google Maps<\/strong><\/td>\n<td width=\"523\">Einige Seiten enthalten von Google bereitgestellte interaktive Karten, welche Cookies installieren, um Informationen und Pr\u00e4ferenzen in Bezug auf diesen Service speichern. \u00a0Weitere Informationen zu Googles Cookie-Richtlinien finden Sie in Googles Datenschutzrichtlinien:\u00a0<a href=\"http:\/\/www.google.com\/intl\/de\/policies\/privacy\">http:\/\/www.google.com\/intl\/de\/policies\/privacy<\/a><\/td>\n<\/tr>\n<tr>\n<td width=\"120\"><strong>YouTube<\/strong><\/td>\n<td width=\"523\">Einige Seiten enthalten auf YouTube ver\u00f6ffentlichte Videos, wo Cookies installiert werden k\u00f6nnen, um Ihre Pr\u00e4ferenzen f\u00fcr diesen Dienst zu speichern. Weitere Informationen zu YouTubes Cookie-Richtlinien finden Sie in YouTubes Datenschutzerkl\u00e4rung: <a title=\"YouTube\" href=\"http:\/\/www.google.com\/intl\/it\/policies\/privacy\" target=\"_blank\" rel=\"noopener\">http:\/\/www.google.com\/intl\/de\/policies\/privacy<\/a><\/td>\n<\/tr>\n<\/tbody>\n<\/table>\n<p><strong>Wie kann ich Cookies deaktivieren?<br \/>\n<\/strong>Die meisten Browser (Internet Explorer, Firefox, Chrome, etc.) sind so eingestellt, dass sie Cookies akzeptieren. Cookies werden auf der Festplatte Ihres Ger\u00e4tes gespeichert und k\u00f6nnen je nach Browser wie unter den folgenden Links beschrieben gel\u00f6scht und deaktiviert werden:<br \/>\nChrome<br \/>\n<a href=\"https:\/\/support.google.com\/chrome\/answer\/95647?hl=it\" target=\"_blank\" rel=\"noopener\">https:\/\/support.google.com\/chrome\/answer\/95647?hl=it<\/a><br \/>\nFirefox<br \/>\n<a href=\"http:\/\/support.mozilla.org\/it\/kb\/Eliminare%20i%20cookie\" target=\"_blank\" rel=\"noopener\">http:\/\/support.mozilla.org\/de\/kb\/Eliminare%20i%20cookie<\/a><br \/>\nInternet Explorer<br \/>\n<a href=\"http:\/\/windows.microsoft.com\/it-it\/internet-explorer\/delete-manage-cookies#ie=ie-10\" target=\"_blank\" rel=\"noopener\">http:\/\/windows.microsoft.com\/it-it\/internet-explorer\/delete-manage-cookies#ie=ie-10<\/a><br \/>\nOpera<br \/>\n<a href=\"http:\/\/www.opera.com\/help\/tutorials\/security\/privacy\/\" target=\"_blank\" rel=\"noopener\">http:\/\/www.opera.com\/help\/tutorials\/security\/privacy\/<\/a><br \/>\nSafari<br \/>\n<a href=\"http:\/\/support.apple.com\/kb\/ph11920\" target=\"_blank\" rel=\"noopener\">http:\/\/support.apple.com\/kb\/ph11920<\/a><\/p>\n<p>L\u00f6schung, Korrektur und Aktualisierung pers\u00f6nlicher Daten oder Ablehnung der Datenverarbeitung<br \/>\nWir m\u00f6chten darauf hinweisen, dass Sie laut Artikel 7 des italienischen Rechtsbeschlusses 196\/03 (Datenschutzrecht) Anspruch darauf haben, jederzeit eine L\u00f6schung, Korrektur und Aktualisierung Ihrer pers\u00f6nlichen Daten zu fordern.<br \/>\nBitte senden Sie dazu eine E-Mail mit dem folgenden Betreff an \u00a0<a href=\"mailto:webmaster@zucchetti.it\">webmaster@zucchetti.it<\/a>:<\/p>\n<ul type=\"disc\">\n<li>\u201ePortal Cancellation&#8220;, zur L\u00f6schung Ihrer Registrierung bei www.zucchetti.com<\/li>\n<li>\u201eCancellation of commercial communications&#8220;, um keine weiteren Werbenachrichten zu erhalten.<\/li>\n<\/ul>\n<p>F\u00fcr weitere Informationen k\u00f6nnen Sie uns unter Via Solferino, 1 &#8211; 26900 Lodi, Italien kontaktieren.[\/vc_column_text][\/vc_column][vc_column width=&#8220;1\/6&#8243;][vc_btn title=&#8220;Drucken&#8220; style=&#8220;flat&#8220; color=&#8220;info&#8220; skin=&#8220;primary&#8220; custom_onclick=&#8220;true&#8220; custom_onclick_code=&#8220;javascript: window.print();&#8220; el_class=&#8220;no-print&#8220;][\/vc_column][\/vc_row]\n<\/div>","protected":false},"excerpt":{"rendered":"<p>[vc_row full_width=&#8220;stretch_row&#8220; wrap_container=&#8220;yes&#8220; text_align=&#8220;left&#8220; remove_margin_top=&#8220;yes&#8220; remove_margin_bottom=&#8220;yes&#8220; remove_border=&#8220;yes&#8220; css=&#8220;.vc_custom_1524554856742{margin-top: 0px !important;margin-right: 0px !important;margin-bottom: 0px !important;margin-left: 0px !important;border-top-width: 0px !important;border-right-width: 0px !important;border-bottom-width: 0px !important;border-left-width: 0px !important;padding-top: 0px !important;padding-right: 0px !important;padding-bottom: 0px !important;padding-left: 0px !important;}&#8220; el_class=&#8220;bg-color-custom-1&#8243;][vc_column][vc_custom_heading text=&#8220;&#8220; font_container=&#8220;tag:h2|font_size:1.8em|text_align:left&#8220; use_theme_fonts=&#8220;yes&#8220; el_class=&#8220;h2-under-title text-color-light under-title&#8220; css=&#8220;.vc_custom_1519747487471{padding-bottom: 20px !important;}&#8220;][\/vc_column][\/vc_row][vc_row][vc_column width=&#8220;5\/6&#8243;][vc_column_text] ZUCCHETTI S.P.A. BEFOLGT DIE GESETZLICHEN VORGABEN ZUM DATENSCHUTZ (ITALIENISCHER GERICHTSBESCHLUSS 196\/03). INHALTE [&hellip;]<\/p>\n","protected":false},"author":6,"featured_media":0,"parent":0,"menu_order":0,"comment_status":"closed","ping_status":"closed","template":"","meta":{"footnotes":""},"class_list":["post-757","page","type-page","status-publish","hentry"],"yoast_head":"<!-- This site is optimized with the Yoast SEO plugin v27.3 - https:\/\/yoast.com\/product\/yoast-seo-wordpress\/ -->\n<title>Datenschutz - MagoCloud ERP<\/title>\n<meta name=\"robots\" content=\"index, follow, max-snippet:-1, max-image-preview:large, max-video-preview:-1\" \/>\n<link rel=\"canonical\" href=\"https:\/\/mago.cloud\/de\/datenschutz.html\" \/>\n<meta property=\"og:locale\" content=\"de_DE\" \/>\n<meta property=\"og:type\" content=\"article\" \/>\n<meta property=\"og:title\" content=\"Datenschutz - MagoCloud ERP\" \/>\n<meta property=\"og:description\" content=\"[vc_row full_width=&#8220;stretch_row&#8220; wrap_container=&#8220;yes&#8220; text_align=&#8220;left&#8220; remove_margin_top=&#8220;yes&#8220; remove_margin_bottom=&#8220;yes&#8220; remove_border=&#8220;yes&#8220; css=&#8220;.vc_custom_1524554856742{margin-top: 0px !important;margin-right: 0px !important;margin-bottom: 0px !important;margin-left: 0px !important;border-top-width: 0px !important;border-right-width: 0px !important;border-bottom-width: 0px !important;border-left-width: 0px !important;padding-top: 0px !important;padding-right: 0px !important;padding-bottom: 0px !important;padding-left: 0px !important;}&#8220; el_class=&#8220;bg-color-custom-1&#8243;][vc_column][vc_custom_heading text=&#8220;&#8220; font_container=&#8220;tag:h2|font_size:1.8em|text_align:left&#8220; use_theme_fonts=&#8220;yes&#8220; el_class=&#8220;h2-under-title text-color-light under-title&#8220; css=&#8220;.vc_custom_1519747487471{padding-bottom: 20px !important;}&#8220;][\/vc_column][\/vc_row][vc_row][vc_column width=&#8220;5\/6&#8243;][vc_column_text] ZUCCHETTI S.P.A. BEFOLGT DIE GESETZLICHEN VORGABEN ZUM DATENSCHUTZ (ITALIENISCHER GERICHTSBESCHLUSS 196\/03). INHALTE [&hellip;]\" \/>\n<meta property=\"og:url\" content=\"https:\/\/mago.cloud\/de\/datenschutz.html\" \/>\n<meta property=\"og:site_name\" content=\"MagoCloud ERP\" \/>\n<meta property=\"article:publisher\" content=\"https:\/\/www.facebook.com\/Zucchetti-Worldwide-799895010175846\/\" \/>\n<meta property=\"article:modified_time\" content=\"2019-03-06T15:55:08+00:00\" \/>\n<meta name=\"twitter:card\" content=\"summary_large_image\" \/>\n<meta name=\"twitter:site\" content=\"@ZucchettiWorld\" \/>\n<meta name=\"twitter:label1\" content=\"Gesch\u00e4tzte Lesezeit\" \/>\n\t<meta name=\"twitter:data1\" content=\"5\u00a0Minuten\" \/>\n<script type=\"application\/ld+json\" class=\"yoast-schema-graph\">{\"@context\":\"https:\\\/\\\/schema.org\",\"@graph\":[{\"@type\":\"WebPage\",\"@id\":\"https:\\\/\\\/mago.cloud\\\/de\\\/datenschutz.html\",\"url\":\"https:\\\/\\\/mago.cloud\\\/de\\\/datenschutz.html\",\"name\":\"Datenschutz - MagoCloud ERP\",\"isPartOf\":{\"@id\":\"https:\\\/\\\/mago.cloud\\\/de#website\"},\"datePublished\":\"2017-03-13T21:42:22+00:00\",\"dateModified\":\"2019-03-06T15:55:08+00:00\",\"breadcrumb\":{\"@id\":\"https:\\\/\\\/mago.cloud\\\/de\\\/datenschutz.html#breadcrumb\"},\"inLanguage\":\"de\",\"potentialAction\":[{\"@type\":\"ReadAction\",\"target\":[\"https:\\\/\\\/mago.cloud\\\/de\\\/datenschutz.html\"]}]},{\"@type\":\"BreadcrumbList\",\"@id\":\"https:\\\/\\\/mago.cloud\\\/de\\\/datenschutz.html#breadcrumb\",\"itemListElement\":[{\"@type\":\"ListItem\",\"position\":1,\"name\":\"Home\",\"item\":\"https:\\\/\\\/mago.cloud\\\/de\"},{\"@type\":\"ListItem\",\"position\":2,\"name\":\"Datenschutz\"}]},{\"@type\":\"WebSite\",\"@id\":\"https:\\\/\\\/mago.cloud\\\/de#website\",\"url\":\"https:\\\/\\\/mago.cloud\\\/de\",\"name\":\"MagoCloud ERP\",\"description\":\"\",\"potentialAction\":[{\"@type\":\"SearchAction\",\"target\":{\"@type\":\"EntryPoint\",\"urlTemplate\":\"https:\\\/\\\/mago.cloud\\\/de?s={search_term_string}\"},\"query-input\":{\"@type\":\"PropertyValueSpecification\",\"valueRequired\":true,\"valueName\":\"search_term_string\"}}],\"inLanguage\":\"de\"}]}<\/script>\n<!-- \/ Yoast SEO plugin. -->","yoast_head_json":{"title":"Datenschutz - MagoCloud ERP","robots":{"index":"index","follow":"follow","max-snippet":"max-snippet:-1","max-image-preview":"max-image-preview:large","max-video-preview":"max-video-preview:-1"},"canonical":"https:\/\/mago.cloud\/de\/datenschutz.html","og_locale":"de_DE","og_type":"article","og_title":"Datenschutz - MagoCloud ERP","og_description":"[vc_row full_width=&#8220;stretch_row&#8220; wrap_container=&#8220;yes&#8220; text_align=&#8220;left&#8220; remove_margin_top=&#8220;yes&#8220; remove_margin_bottom=&#8220;yes&#8220; remove_border=&#8220;yes&#8220; css=&#8220;.vc_custom_1524554856742{margin-top: 0px !important;margin-right: 0px !important;margin-bottom: 0px !important;margin-left: 0px !important;border-top-width: 0px !important;border-right-width: 0px !important;border-bottom-width: 0px !important;border-left-width: 0px !important;padding-top: 0px !important;padding-right: 0px !important;padding-bottom: 0px !important;padding-left: 0px !important;}&#8220; el_class=&#8220;bg-color-custom-1&#8243;][vc_column][vc_custom_heading text=&#8220;&#8220; font_container=&#8220;tag:h2|font_size:1.8em|text_align:left&#8220; use_theme_fonts=&#8220;yes&#8220; el_class=&#8220;h2-under-title text-color-light under-title&#8220; css=&#8220;.vc_custom_1519747487471{padding-bottom: 20px !important;}&#8220;][\/vc_column][\/vc_row][vc_row][vc_column width=&#8220;5\/6&#8243;][vc_column_text] ZUCCHETTI S.P.A. BEFOLGT DIE GESETZLICHEN VORGABEN ZUM DATENSCHUTZ (ITALIENISCHER GERICHTSBESCHLUSS 196\/03). INHALTE [&hellip;]","og_url":"https:\/\/mago.cloud\/de\/datenschutz.html","og_site_name":"MagoCloud ERP","article_publisher":"https:\/\/www.facebook.com\/Zucchetti-Worldwide-799895010175846\/","article_modified_time":"2019-03-06T15:55:08+00:00","twitter_card":"summary_large_image","twitter_site":"@ZucchettiWorld","twitter_misc":{"Gesch\u00e4tzte Lesezeit":"5\u00a0Minuten"},"schema":{"@context":"https:\/\/schema.org","@graph":[{"@type":"WebPage","@id":"https:\/\/mago.cloud\/de\/datenschutz.html","url":"https:\/\/mago.cloud\/de\/datenschutz.html","name":"Datenschutz - MagoCloud ERP","isPartOf":{"@id":"https:\/\/mago.cloud\/de#website"},"datePublished":"2017-03-13T21:42:22+00:00","dateModified":"2019-03-06T15:55:08+00:00","breadcrumb":{"@id":"https:\/\/mago.cloud\/de\/datenschutz.html#breadcrumb"},"inLanguage":"de","potentialAction":[{"@type":"ReadAction","target":["https:\/\/mago.cloud\/de\/datenschutz.html"]}]},{"@type":"BreadcrumbList","@id":"https:\/\/mago.cloud\/de\/datenschutz.html#breadcrumb","itemListElement":[{"@type":"ListItem","position":1,"name":"Home","item":"https:\/\/mago.cloud\/de"},{"@type":"ListItem","position":2,"name":"Datenschutz"}]},{"@type":"WebSite","@id":"https:\/\/mago.cloud\/de#website","url":"https:\/\/mago.cloud\/de","name":"MagoCloud ERP","description":"","potentialAction":[{"@type":"SearchAction","target":{"@type":"EntryPoint","urlTemplate":"https:\/\/mago.cloud\/de?s={search_term_string}"},"query-input":{"@type":"PropertyValueSpecification","valueRequired":true,"valueName":"search_term_string"}}],"inLanguage":"de"}]}},"_links":{"self":[{"href":"https:\/\/mago.cloud\/de\/wp-json\/wp\/v2\/pages\/757","targetHints":{"allow":["GET"]}}],"collection":[{"href":"https:\/\/mago.cloud\/de\/wp-json\/wp\/v2\/pages"}],"about":[{"href":"https:\/\/mago.cloud\/de\/wp-json\/wp\/v2\/types\/page"}],"author":[{"embeddable":true,"href":"https:\/\/mago.cloud\/de\/wp-json\/wp\/v2\/users\/6"}],"replies":[{"embeddable":true,"href":"https:\/\/mago.cloud\/de\/wp-json\/wp\/v2\/comments?post=757"}],"version-history":[{"count":0,"href":"https:\/\/mago.cloud\/de\/wp-json\/wp\/v2\/pages\/757\/revisions"}],"wp:attachment":[{"href":"https:\/\/mago.cloud\/de\/wp-json\/wp\/v2\/media?parent=757"}],"curies":[{"name":"wp","href":"https:\/\/api.w.org\/{rel}","templated":true}]}}