{"id":17608,"date":"2021-12-28T11:08:29","date_gmt":"2021-12-28T10:08:29","guid":{"rendered":"https:\/\/mago.cloud\/magocloud\/warum-magocloud\/technische-unterstutzung"},"modified":"2024-10-15T10:20:32","modified_gmt":"2024-10-15T08:20:32","slug":"technische-unterstutzung","status":"publish","type":"page","link":"https:\/\/mago.cloud\/de\/magocloud\/warum-magocloud\/technische-unterstutzung","title":{"rendered":"Technische Unterst\u00fctzung"},"content":{"rendered":"<div class=\"wpb-content-wrapper\">[vc_row full_width=&#8220;stretch_row&#8220; wrap_container=&#8220;yes&#8220; equal_height=&#8220;yes&#8220; content_placement=&#8220;middle&#8220; css=&#8220;.vc_custom_1526655567506{margin-bottom: 40px !important;background-color: #ffffff !important;background-position: 0 0 !important;background-repeat: no-repeat !important;}&#8220; el_class=&#8220;bg-img-cover&#8220;][vc_column animation_type=&#8220;fadeIn&#8220;][rev_slider_vc alias=&#8220;de_c_assistenzatecnica&#8220;][\/vc_column][\/vc_row][vc_row][vc_column]<div class=\"porto-u-heading  wpb_custom_bca811966ceddf507dc0a3f89153e512 porto-u-ad87e2eaf3f9c495180fe0156ddf3eb0 \"><div class=\"porto-u-main-heading\" data-appear-animation=\"highlightShape\"><h1  ><span class=\"heading-highlight-before\"><\/span><span class=\"heading-highlight-svg\">MagoCloud<span class=\"svg-highlight scribble\"><svg class=\"highlight-scribble\" viewBox=\"0 0 760 60\" preserveAspectRatio=\"none\"><path d=\"M19,49C75.19,30.63,152,21,317.26,17.27c55.43-.41,198.33-2.08,407.85,12.53\"><\/path><\/svg><\/span><\/span><span class=\"heading-highlight-after\">, eine vollst\u00e4ndige und leistungsstarke Anwendung.<\/span><\/h1><\/div><style>.porto-u-ad87e2eaf3f9c495180fe0156ddf3eb0.porto-u-heading{text-align:left}<\/style><\/div>[vc_column_text css=&#8220;&#8220;]<span style=\"font-size: 18px;\">Mago Cloud ist eine vollst\u00e4ndige und leistungsstarke Anwendung, die intuitiv und einfach zu bedienen ist. Anwender k\u00f6nnen dar\u00fcber hinaus noch schneller in das System einsteigen und die individuellen Prozesse nutzen zu lernen, wenn sie in der Konfiguration unterst\u00fctzt werden.<br \/>\n<\/span><\/p>\n<p><span style=\"font-size: 18px;\">Nutzen Sie die Zucchetti-L\u00f6sungen mit maximaler Sicherheit und mit bestem Support!<\/span><\/p>\n<p><span style=\"font-size: 18px;\">Der technische Service erfolgt \u00fcber die zertifizierten Zucchetti-Partner, die sie mit langj\u00e4hriger Projekterfahrung und tiefem Prozessverst\u00e4ndnis in der Umsetzung unterst\u00fctzen.<\/span>[\/vc_column_text][vc_empty_space height=&#8220;20px&#8220;][\/vc_column][\/vc_row][vc_row full_width=&#8220;stretch_row_content&#8220; wrap_container=&#8220;yes&#8220; text_align=&#8220;left&#8220; css=&#8220;.vc_custom_1728980368398{margin-top: 20px !important;margin-right: 0px !important;margin-bottom: 0px !important;margin-left: 0px !important;border-top-width: 0px !important;border-right-width: 0px !important;border-bottom-width: 0px !important;border-left-width: 0px !important;padding-top: 0px !important;padding-right: 0px !important;padding-bottom: 40px !important;padding-left: 0px !important;}&#8220; el_class=&#8220;bg-custom-color-1&#8243; conditional_render=&#8220;%5B%7B%22value_role%22%3A%22administrator%22%7D%5D&#8220;][vc_column][vc_custom_heading text=&#8220;Why choose the Cloud and why you should choose MagoCloud&#8220; font_container=&#8220;tag:h2|text_align:center&#8220; google_fonts=&#8220;font_family:Roboto%3A100%2C100italic%2C300%2C300italic%2Cregular%2Citalic%2C500%2C500italic%2C700%2C700italic%2C900%2C900italic|font_style:500%20bold%20regular%3A500%3Anormal&#8220;]<div class=\"porto-u-heading  wpb_custom_bca811966ceddf507dc0a3f89153e512 porto-u-ad87e2eaf3f9c495180fe0156ddf3eb0 \"><div class=\"porto-u-main-heading\" data-appear-animation=\"highlightShape\"><h1  ><span class=\"heading-highlight-before\"><\/span><span class=\"heading-highlight-svg\">Ihre Vorteile<span class=\"svg-highlight scribble\"><svg class=\"highlight-scribble\" viewBox=\"0 0 760 60\" preserveAspectRatio=\"none\"><path d=\"M19,49C75.19,30.63,152,21,317.26,17.27c55.43-.41,198.33-2.08,407.85,12.53\"><\/path><\/svg><\/span><\/span><span class=\"heading-highlight-after\"><\/span><\/h1><\/div><style>.porto-u-ad87e2eaf3f9c495180fe0156ddf3eb0.porto-u-heading{text-align:left}<\/style><\/div>[vc_column_text css=&#8220;&#8220;]\n<ul>\n<li class=\"margin15\"><span style=\"font-size: 16px;\">Prozess-Know how \u2013 Ihr Partner kennt die Abl\u00e4ufe und ist darauf geschult<\/span><\/li>\n<li class=\"margin15\"><span style=\"font-size: 16px;\">Branchen-Kenntnis \u2013 Sie sprechen mit Fachleuten, die teilweise selbst aus Ihrer Branche kommen<\/span><\/li>\n<li class=\"margin15\"><span style=\"font-size: 16px;\">Bew\u00e4hrte Methodik \u2013 Unsere Partner und wir arbeiten nach einem bew\u00e4hrten Konzept, das den Erfolg Ihrer Einf\u00fchrung garantiert Agile Unternehmensentwicklung \u2013 Auch nach der Einf\u00fchrung optimieren wir bei Bedarf gemeinsam die Abl\u00e4ufe in Ihrem Unternehmen, damit Sie nachhaltig von den Entwicklungen profitieren<\/span><\/li>\n<li class=\"margin15\"><span style=\"font-size: 16px;\">Probleml\u00f6sung \u2013 Sie erhalten \u00fcber unser Partnernetzwerk umgehenden Support, wenn gew\u00fcnscht auch vor Ort<\/span><\/li>\n<li class=\"margin15\"><span style=\"font-size: 16px;\">Weitergehende Unterst\u00fctzung \u2013 mit den L\u00f6sungen aus dem Zucchetti-Portfolio erhalten Sie umfassende L\u00f6sungen f\u00fcr Ihr gesamtes Unternehmen<\/span><\/li>\n<\/ul>\n[\/vc_column_text][vc_empty_space height=&#8220;20px&#8220;][\/vc_column][\/vc_row][vc_row full_width=&#8220;stretch_row_content&#8220; wrap_container=&#8220;yes&#8220; equal_height=&#8220;yes&#8220; content_placement=&#8220;middle&#8220; css=&#8220;.vc_custom_1728980321385{background: #ffffff url(https:\/\/mago.cloud\/wp-content\/uploads\/2024\/10\/GettyImages-1498992812.jpg?id=31102) !important;background-position: 0 0 !important;background-repeat: no-repeat !important;}&#8220; el_class=&#8220;bg-img-cover&#8220; conditional_render=&#8220;%5B%7B%22value_role%22%3A%22administrator%22%7D%5D&#8220;][vc_column animation_type=&#8220;fadeIn&#8220;]<div class=\"porto-block\" data-id=\"18556\"><style>.vc_custom_1717596683695{padding-top: 50px !important;padding-right: 50px !important;padding-bottom: 50px !important;padding-left: 50px !important;}.wpb_custom_ab3c06935b22e757d9ab4d573cfe1562.porto-u-heading .porto-u-main-heading > *{font-weight:600;font-size:38px;}.testoBordato { text-shadow: -1px 0 #000, 0 1px #000, 1px 0 #000, 0 -1px #000 !important;}<\/style>[vc_row full_width=\"stretch_row_content\" wrap_container=\"yes\" equal_height=\"yes\" content_placement=\"middle\" disable_element=\"yes\" el_class=\"bg-img-cover\" conditional_render=\"%5B%7B%22value_role%22%3A%22administrator%22%7D%5D\"][vc_column animation_type=\"fadeIn\"][vc_empty_space][vc_custom_heading text=\"Wir sind f\u00fcr Sie da!<br \/>\r\nSchildern Sie uns Ihr Problem, wir bieten die L\u00f6sung.\" font_container=\"tag:h1|text_align:center|color:%23ffffff\" use_theme_fonts=\"yes\" text_transform=\"text-uppercase\" el_class=\"testoBordato\"][vc_row_inner][vc_column_inner width=\"1\/3\"][\/vc_column_inner][vc_column_inner width=\"1\/3\"][\/vc_column_inner][vc_column_inner width=\"1\/3\"][\/vc_column_inner][\/vc_row_inner][\/vc_column][\/vc_row][vc_row full_width=\"stretch_row_content\" wrap_container=\"yes\" equal_height=\"yes\" content_placement=\"middle\" parallax=\"content-moving\" el_class=\"bg-img-cover\" conditional_render=\"%5B%7B%22value_role%22%3A%22administrator%22%7D%5D\" css=\".vc_custom_1717596683695{padding-top: 50px !important;padding-right: 50px !important;padding-bottom: 50px !important;padding-left: 50px !important;}\"][vc_column animation_type=\"fadeIn\" conditional_render=\"%5B%7B%22value_role%22%3A%22administrator%22%7D%5D\"]<div class=\"porto-u-heading  wpb_custom_ab3c06935b22e757d9ab4d573cfe1562 porto-u-55ca8359258f9a412be7e73af65d2aac \"><div class=\"porto-u-main-heading\"><h2   style=\"color:#ffffff;\">Erz\u00e4hlen Sie uns von dem Managementprojekt, an dem Sie arbeiten<\/h2><\/div><style>.porto-u-55ca8359258f9a412be7e73af65d2aac.porto-u-heading{text-align:center}<\/style><\/div>[vc_empty_space][vc_row_inner][vc_column_inner width=\"1\/2\"][vc_btn title=\"Demo\" style=\"custom\" custom_background=\"#005eb8\" custom_text=\"#ffffff\" size=\"xl\" align=\"center\" link=\"url:https%3A%2F%2Fmago.cloud%2Fde%2Fdemo-anfordern|title:Demo\" el_class=\"buttonStyle\"][\/vc_column_inner][vc_column_inner width=\"1\/2\"][vc_btn title=\"Kontakt\" style=\"custom\" custom_background=\"#005eb8\" custom_text=\"#ffffff\" size=\"xl\" align=\"center\" link=\"url:https%3A%2F%2Fmago.cloud%2Fde%2Fkontaktieren-sie-uns|title:Kontakt|target:_blank\" el_class=\"buttonStyle\"][\/vc_column_inner][\/vc_row_inner][\/vc_column][\/vc_row]<\/div>[\/vc_column][\/vc_row]\n<\/div>","protected":false},"excerpt":{"rendered":"<p>[vc_row full_width=&#8220;stretch_row&#8220; wrap_container=&#8220;yes&#8220; equal_height=&#8220;yes&#8220; content_placement=&#8220;middle&#8220; css=&#8220;.vc_custom_1526655567506{margin-bottom: 40px !important;background-color: #ffffff !important;background-position: 0 0 !important;background-repeat: no-repeat !important;}&#8220; el_class=&#8220;bg-img-cover&#8220;][vc_column animation_type=&#8220;fadeIn&#8220;][rev_slider_vc alias=&#8220;de_c_assistenzatecnica&#8220;][\/vc_column][\/vc_row][vc_row][vc_column][vc_column_text css=&#8220;&#8220;]Mago Cloud ist eine vollst\u00e4ndige und leistungsstarke Anwendung, die intuitiv und einfach zu bedienen ist. Anwender k\u00f6nnen dar\u00fcber hinaus noch schneller in das System einsteigen und die individuellen Prozesse nutzen zu lernen, wenn sie in der Konfiguration [&hellip;]<\/p>\n","protected":false},"author":4,"featured_media":0,"parent":17119,"menu_order":0,"comment_status":"closed","ping_status":"closed","template":"","meta":{"footnotes":""},"class_list":["post-17608","page","type-page","status-publish","hentry"],"yoast_head":"<!-- This site is optimized with the Yoast SEO plugin v27.3 - https:\/\/yoast.com\/product\/yoast-seo-wordpress\/ -->\n<title>Technische Unterst\u00fctzung - MagoCloud ERP<\/title>\n<meta name=\"robots\" content=\"index, follow, max-snippet:-1, max-image-preview:large, max-video-preview:-1\" \/>\n<link rel=\"canonical\" href=\"https:\/\/mago.cloud\/de\/magocloud\/warum-magocloud\/technische-unterstutzung\" \/>\n<meta property=\"og:locale\" content=\"de_DE\" \/>\n<meta property=\"og:type\" content=\"article\" \/>\n<meta property=\"og:title\" content=\"Technische Unterst\u00fctzung - MagoCloud ERP\" \/>\n<meta property=\"og:description\" content=\"[vc_row full_width=&#8220;stretch_row&#8220; wrap_container=&#8220;yes&#8220; equal_height=&#8220;yes&#8220; content_placement=&#8220;middle&#8220; css=&#8220;.vc_custom_1526655567506{margin-bottom: 40px !important;background-color: #ffffff !important;background-position: 0 0 !important;background-repeat: no-repeat !important;}&#8220; el_class=&#8220;bg-img-cover&#8220;][vc_column animation_type=&#8220;fadeIn&#8220;][rev_slider_vc alias=&#8220;de_c_assistenzatecnica&#8220;][\/vc_column][\/vc_row][vc_row][vc_column][vc_column_text css=&#8220;&#8220;]Mago Cloud ist eine vollst\u00e4ndige und leistungsstarke Anwendung, die intuitiv und einfach zu bedienen ist. Anwender k\u00f6nnen dar\u00fcber hinaus noch schneller in das System einsteigen und die individuellen Prozesse nutzen zu lernen, wenn sie in der Konfiguration [&hellip;]\" \/>\n<meta property=\"og:url\" content=\"https:\/\/mago.cloud\/de\/magocloud\/warum-magocloud\/technische-unterstutzung\" \/>\n<meta property=\"og:site_name\" content=\"MagoCloud ERP\" \/>\n<meta property=\"article:publisher\" content=\"https:\/\/www.facebook.com\/Zucchetti-Worldwide-799895010175846\/\" \/>\n<meta property=\"article:modified_time\" content=\"2024-10-15T08:20:32+00:00\" \/>\n<meta name=\"twitter:card\" content=\"summary_large_image\" \/>\n<meta name=\"twitter:site\" content=\"@ZucchettiWorld\" \/>\n<meta name=\"twitter:label1\" content=\"Gesch\u00e4tzte Lesezeit\" \/>\n\t<meta name=\"twitter:data1\" content=\"2\u00a0Minuten\" \/>\n<script type=\"application\/ld+json\" class=\"yoast-schema-graph\">{\"@context\":\"https:\\\/\\\/schema.org\",\"@graph\":[{\"@type\":\"WebPage\",\"@id\":\"https:\\\/\\\/mago.cloud\\\/de\\\/magocloud\\\/warum-magocloud\\\/technische-unterstutzung\",\"url\":\"https:\\\/\\\/mago.cloud\\\/de\\\/magocloud\\\/warum-magocloud\\\/technische-unterstutzung\",\"name\":\"Technische Unterst\u00fctzung - MagoCloud ERP\",\"isPartOf\":{\"@id\":\"https:\\\/\\\/mago.cloud\\\/de#website\"},\"datePublished\":\"2021-12-28T10:08:29+00:00\",\"dateModified\":\"2024-10-15T08:20:32+00:00\",\"breadcrumb\":{\"@id\":\"https:\\\/\\\/mago.cloud\\\/de\\\/magocloud\\\/warum-magocloud\\\/technische-unterstutzung#breadcrumb\"},\"inLanguage\":\"de\",\"potentialAction\":[{\"@type\":\"ReadAction\",\"target\":[\"https:\\\/\\\/mago.cloud\\\/de\\\/magocloud\\\/warum-magocloud\\\/technische-unterstutzung\"]}]},{\"@type\":\"BreadcrumbList\",\"@id\":\"https:\\\/\\\/mago.cloud\\\/de\\\/magocloud\\\/warum-magocloud\\\/technische-unterstutzung#breadcrumb\",\"itemListElement\":[{\"@type\":\"ListItem\",\"position\":1,\"name\":\"Home\",\"item\":\"https:\\\/\\\/mago.cloud\\\/de\"},{\"@type\":\"ListItem\",\"position\":2,\"name\":\"MagoCloud\",\"item\":\"https:\\\/\\\/mago.cloud\\\/de\\\/magocloud\"},{\"@type\":\"ListItem\",\"position\":3,\"name\":\"Warum MagoCloud\",\"item\":\"https:\\\/\\\/mago.cloud\\\/de\\\/magocloud\\\/warum-magocloud\"},{\"@type\":\"ListItem\",\"position\":4,\"name\":\"Technische Unterst\u00fctzung\"}]},{\"@type\":\"WebSite\",\"@id\":\"https:\\\/\\\/mago.cloud\\\/de#website\",\"url\":\"https:\\\/\\\/mago.cloud\\\/de\",\"name\":\"MagoCloud ERP\",\"description\":\"\",\"potentialAction\":[{\"@type\":\"SearchAction\",\"target\":{\"@type\":\"EntryPoint\",\"urlTemplate\":\"https:\\\/\\\/mago.cloud\\\/de?s={search_term_string}\"},\"query-input\":{\"@type\":\"PropertyValueSpecification\",\"valueRequired\":true,\"valueName\":\"search_term_string\"}}],\"inLanguage\":\"de\"}]}<\/script>\n<!-- \/ Yoast SEO plugin. -->","yoast_head_json":{"title":"Technische Unterst\u00fctzung - MagoCloud ERP","robots":{"index":"index","follow":"follow","max-snippet":"max-snippet:-1","max-image-preview":"max-image-preview:large","max-video-preview":"max-video-preview:-1"},"canonical":"https:\/\/mago.cloud\/de\/magocloud\/warum-magocloud\/technische-unterstutzung","og_locale":"de_DE","og_type":"article","og_title":"Technische Unterst\u00fctzung - MagoCloud ERP","og_description":"[vc_row full_width=&#8220;stretch_row&#8220; wrap_container=&#8220;yes&#8220; equal_height=&#8220;yes&#8220; content_placement=&#8220;middle&#8220; css=&#8220;.vc_custom_1526655567506{margin-bottom: 40px !important;background-color: #ffffff !important;background-position: 0 0 !important;background-repeat: no-repeat !important;}&#8220; el_class=&#8220;bg-img-cover&#8220;][vc_column animation_type=&#8220;fadeIn&#8220;][rev_slider_vc alias=&#8220;de_c_assistenzatecnica&#8220;][\/vc_column][\/vc_row][vc_row][vc_column][vc_column_text css=&#8220;&#8220;]Mago Cloud ist eine vollst\u00e4ndige und leistungsstarke Anwendung, die intuitiv und einfach zu bedienen ist. Anwender k\u00f6nnen dar\u00fcber hinaus noch schneller in das System einsteigen und die individuellen Prozesse nutzen zu lernen, wenn sie in der Konfiguration [&hellip;]","og_url":"https:\/\/mago.cloud\/de\/magocloud\/warum-magocloud\/technische-unterstutzung","og_site_name":"MagoCloud ERP","article_publisher":"https:\/\/www.facebook.com\/Zucchetti-Worldwide-799895010175846\/","article_modified_time":"2024-10-15T08:20:32+00:00","twitter_card":"summary_large_image","twitter_site":"@ZucchettiWorld","twitter_misc":{"Gesch\u00e4tzte Lesezeit":"2\u00a0Minuten"},"schema":{"@context":"https:\/\/schema.org","@graph":[{"@type":"WebPage","@id":"https:\/\/mago.cloud\/de\/magocloud\/warum-magocloud\/technische-unterstutzung","url":"https:\/\/mago.cloud\/de\/magocloud\/warum-magocloud\/technische-unterstutzung","name":"Technische Unterst\u00fctzung - MagoCloud ERP","isPartOf":{"@id":"https:\/\/mago.cloud\/de#website"},"datePublished":"2021-12-28T10:08:29+00:00","dateModified":"2024-10-15T08:20:32+00:00","breadcrumb":{"@id":"https:\/\/mago.cloud\/de\/magocloud\/warum-magocloud\/technische-unterstutzung#breadcrumb"},"inLanguage":"de","potentialAction":[{"@type":"ReadAction","target":["https:\/\/mago.cloud\/de\/magocloud\/warum-magocloud\/technische-unterstutzung"]}]},{"@type":"BreadcrumbList","@id":"https:\/\/mago.cloud\/de\/magocloud\/warum-magocloud\/technische-unterstutzung#breadcrumb","itemListElement":[{"@type":"ListItem","position":1,"name":"Home","item":"https:\/\/mago.cloud\/de"},{"@type":"ListItem","position":2,"name":"MagoCloud","item":"https:\/\/mago.cloud\/de\/magocloud"},{"@type":"ListItem","position":3,"name":"Warum MagoCloud","item":"https:\/\/mago.cloud\/de\/magocloud\/warum-magocloud"},{"@type":"ListItem","position":4,"name":"Technische Unterst\u00fctzung"}]},{"@type":"WebSite","@id":"https:\/\/mago.cloud\/de#website","url":"https:\/\/mago.cloud\/de","name":"MagoCloud ERP","description":"","potentialAction":[{"@type":"SearchAction","target":{"@type":"EntryPoint","urlTemplate":"https:\/\/mago.cloud\/de?s={search_term_string}"},"query-input":{"@type":"PropertyValueSpecification","valueRequired":true,"valueName":"search_term_string"}}],"inLanguage":"de"}]}},"_links":{"self":[{"href":"https:\/\/mago.cloud\/de\/wp-json\/wp\/v2\/pages\/17608","targetHints":{"allow":["GET"]}}],"collection":[{"href":"https:\/\/mago.cloud\/de\/wp-json\/wp\/v2\/pages"}],"about":[{"href":"https:\/\/mago.cloud\/de\/wp-json\/wp\/v2\/types\/page"}],"author":[{"embeddable":true,"href":"https:\/\/mago.cloud\/de\/wp-json\/wp\/v2\/users\/4"}],"replies":[{"embeddable":true,"href":"https:\/\/mago.cloud\/de\/wp-json\/wp\/v2\/comments?post=17608"}],"version-history":[{"count":9,"href":"https:\/\/mago.cloud\/de\/wp-json\/wp\/v2\/pages\/17608\/revisions"}],"predecessor-version":[{"id":31149,"href":"https:\/\/mago.cloud\/de\/wp-json\/wp\/v2\/pages\/17608\/revisions\/31149"}],"up":[{"embeddable":true,"href":"https:\/\/mago.cloud\/de\/wp-json\/wp\/v2\/pages\/17119"}],"wp:attachment":[{"href":"https:\/\/mago.cloud\/de\/wp-json\/wp\/v2\/media?parent=17608"}],"curies":[{"name":"wp","href":"https:\/\/api.w.org\/{rel}","templated":true}]}}