{"id":17602,"date":"2021-12-28T10:52:30","date_gmt":"2021-12-28T09:52:30","guid":{"rendered":"https:\/\/mago.cloud\/magocloud\/verfuegbarkeit"},"modified":"2024-10-25T11:52:19","modified_gmt":"2024-10-25T09:52:19","slug":"verfuegbarkeit","status":"publish","type":"page","link":"https:\/\/mago.cloud\/de\/magocloud\/verfuegbarkeit","title":{"rendered":"Verf\u00fcgbarkeit"},"content":{"rendered":"<div class=\"wpb-content-wrapper\">[vc_row full_width=&#8220;stretch_row&#8220; wrap_container=&#8220;yes&#8220; equal_height=&#8220;yes&#8220; content_placement=&#8220;middle&#8220; css=&#8220;.vc_custom_1526655567506{margin-bottom: 40px !important;background-color: #ffffff !important;background-position: 0 0 !important;background-repeat: no-repeat !important;}&#8220; el_class=&#8220;bg-img-cover&#8220;][vc_column animation_type=&#8220;fadeIn&#8220;][rev_slider_vc alias=&#8220;de_c_delivery&#8220;][\/vc_column][\/vc_row][vc_row][vc_column]<div class=\"porto-u-heading  wpb_custom_bca811966ceddf507dc0a3f89153e512 porto-u-ad87e2eaf3f9c495180fe0156ddf3eb0 \"><div class=\"porto-u-main-heading\" data-appear-animation=\"highlightShape\"><h1  ><span class=\"heading-highlight-before\"><\/span><span class=\"heading-highlight-svg\">MagoCloud<span class=\"svg-highlight scribble\"><svg class=\"highlight-scribble\" viewBox=\"0 0 760 60\" preserveAspectRatio=\"none\"><path d=\"M19,49C75.19,30.63,152,21,317.26,17.27c55.43-.41,198.33-2.08,407.85,12.53\"><\/path><\/svg><\/span><\/span><span class=\"heading-highlight-after\">bietet in allen unterst\u00fctzten L\u00e4ndern die gleichen Funktionen, da es eine einzige zentrale Basis f\u00fcr alle Lokalisierungen und L\u00e4nder nutzt.<\/span><\/h1><\/div><div class=\"porto-u-sub-heading\" style=\"\">Mago Cloud ist in der Public Cloud, als private Cloud und selbstverst\u00e4ndlich auch als lokale Installation verf\u00fcgbar.<br \/>\nW\u00e4hrend Zucchetti den Betrieb aus der Public Cloud \u00fcbernimmt, werden die Public Cloud und die On-Premise-Installation durch den Kunden selbst betrieben.<\/div><style>.porto-u-ad87e2eaf3f9c495180fe0156ddf3eb0.porto-u-heading{text-align:left}<\/style><\/div>[vc_empty_space][\/vc_column][\/vc_row][vc_row full_width=&#8220;stretch_row_content&#8220; wrap_container=&#8220;yes&#8220; conditional_render=&#8220;%5B%7B%22value_role%22%3A%22administrator%22%7D%5D&#8220;][vc_column css=&#8220;.vc_custom_1581946502402{padding-right: 2em !important;padding-left: 2em !important;}&#8220;][vc_row_inner][vc_column_inner width=&#8220;1\/3&#8243;]<div class=\"porto-content-box featured-boxes wpb_content_element \"><div class=\"featured-box featured-box-secondary \"><div class=\"box-content\" style=\"\"><i class=\"icon-featured fas fa-globe-americas\"><\/i>[vc_column_text css=&#8220;&#8220;]\n<h3>Weltweit verb\u00fcgbar<\/h3>\n<p>MagoCloud ist international[\/vc_column_text]<\/div><\/div><\/div>[\/vc_column_inner][vc_column_inner width=&#8220;1\/3&#8243;]<div class=\"porto-content-box featured-boxes wpb_content_element \"><div class=\"featured-box featured-box-secondary \"><div class=\"box-content\" style=\"\"><i class=\"icon-featured fas fa-desktop\"><\/i>[vc_column_text css=&#8220;&#8220;]\n<h3>Partner<\/h3>\n<p>Werden Sie Partner der f\u00fchrenden italienischen Gruppe im Software- und Dienstleistungssektor und entdecken Sie alle M\u00f6glichkeiten, Ihr Gesch\u00e4ft auszubauen.<br \/>\n<a href=\"https:\/\/mago.cloud\/de\/kontaktieren-sie-uns\">Kontaktieren Sie uns und werden Sie Partner.<\/a>[\/vc_column_text]<\/div><\/div><\/div>[\/vc_column_inner][vc_column_inner width=&#8220;1\/3&#8243;]<div class=\"porto-content-box featured-boxes wpb_content_element \"><div class=\"featured-box featured-box-secondary \"><div class=\"box-content\" style=\"\"><i class=\"icon-featured fas fa-users\"><\/i>[vc_column_text css=&#8220;&#8220;]\n<h3>Als Abonnement<\/h3>\n<p>Die Preise sind \u201eall inclusive\u201c: L\u00f6sung + Infrastruktur + Wartung[\/vc_column_text]<\/div><\/div><\/div>[\/vc_column_inner][\/vc_row_inner][vc_row_inner][vc_column_inner width=&#8220;1\/3&#8243;]<div class=\"porto-content-box featured-boxes wpb_content_element \"><div class=\"featured-box featured-box-secondary \"><div class=\"box-content\" style=\"\"><i class=\"icon-featured fas fa-city\"><\/i>[vc_column_text css=&#8220;&#8220;]\n<h3>Branchenorientiert<\/h3>\n<p>Vordefinierte L\u00f6sungen sind auf verschiedene Branchentypen ausgerichtet[\/vc_column_text]<\/div><\/div><\/div>[\/vc_column_inner][vc_column_inner width=&#8220;1\/3&#8243;]<div class=\"porto-content-box featured-boxes wpb_content_element \"><div class=\"featured-box featured-box-secondary \"><div class=\"box-content\" style=\"\"><i class=\"icon-featured fas fa-sliders-h\"><\/i>[vc_column_text css=&#8220;&#8220;]\n<h3>Anpassbare konfiguration<\/h3>\n<p>Konfiguration und Anzahl der Benutzer k\u00f6nnen im Laufe der Zeit frei ge\u00e4ndert werden[\/vc_column_text]<\/div><\/div><\/div>[\/vc_column_inner][vc_column_inner width=&#8220;1\/3&#8243;]<div class=\"porto-content-box featured-boxes wpb_content_element \"><div class=\"featured-box featured-box-secondary \"><div class=\"box-content\" style=\"\"><i class=\"icon-featured fas fa-laptop\"><\/i>[vc_column_text css=&#8220;&#8220;]\n<h3>Multi-device<\/h3>\n<p>Der Anwender kann den Zugang \u00fcber mehrere Browser auf unterschiedlichen Ger\u00e4ten zur gleichen Zeit nutzen[\/vc_column_text]<\/div><\/div><\/div>[\/vc_column_inner][\/vc_row_inner][vc_custom_heading text=&#8220;Mago Cloud bietet in allen unterst\u00fctzten L\u00e4ndern die gleichen Funktionen, da es eine einzige zentrale Basis f\u00fcr alle Lokalisierungen und L\u00e4nder nutzt.<br \/>\nMago Cloud ist in der Public Cloud, als private Cloud und selbstverst\u00e4ndlich auch als lokale Installation verf\u00fcgbar.<br \/>\nW\u00e4hrend Zucchetti den Betrieb aus der Public Cloud \u00fcbernimmt, werden die Public Cloud und die On-Premise-Installation durch den Kunden selbst betrieben.&#8220; font_container=&#8220;tag:h2|font_size:22|text_align:left|color:%230a0a0a|line_height:1.5&#8243; google_fonts=&#8220;font_family:Roboto%3A100%2C100italic%2C300%2C300italic%2Cregular%2Citalic%2C500%2C500italic%2C700%2C700italic%2C900%2C900italic|font_style:300%20light%20regular%3A300%3Anormal&#8220; css_animation=&#8220;fadeInUpBig&#8220;][\/vc_column][\/vc_row][vc_row full_width=&#8220;stretch_row&#8220; wrap_container=&#8220;yes&#8220; disable_element=&#8220;yes&#8220; text_align=&#8220;left&#8220; css=&#8220;.vc_custom_1728981225440{margin-top: 20px !important;margin-right: 0px !important;margin-bottom: 0px !important;margin-left: 0px !important;border-top-width: 0px !important;border-right-width: 0px !important;border-bottom-width: 0px !important;border-left-width: 0px !important;padding-top: 0px !important;padding-right: 0px !important;padding-bottom: 40px !important;padding-left: 0px !important;}&#8220; el_class=&#8220;bg-custom-color-1&#8243; conditional_render=&#8220;%5B%7B%22value_role%22%3A%22administrator%22%7D%5D&#8220;][vc_column][vc_empty_space][vc_row_inner][vc_column_inner width=&#8220;1\/3&#8243;][vc_cta h2=&#8220;WELTWEIT VERF\u00dcGBAR&#8220; txt_align=&#8220;center&#8220; add_icon=&#8220;top&#8220; i_type=&#8220;entypo&#8220; i_icon_entypo=&#8220;entypo-icon entypo-icon-globe&#8220; i_color=&#8220;custom&#8220; i_size=&#8220;xl&#8220; i_css_animation=&#8220;fadeIn&#8220; css_animation=&#8220;fadeInUpBig&#8220; i_custom_color=&#8220;#005eb8&#8243;]<span id=\"hs_cos_wrapper_module_14914017659592363\" class=\"hs_cos_wrapper hs_cos_wrapper_widget_container hs_cos_wrapper_type_widget_container\" data-hs-cos-general-type=\"widget_container\" data-hs-cos-type=\"widget_container\">Mago Cloud ist international<\/span>[\/vc_cta][\/vc_column_inner][vc_column_inner width=&#8220;1\/3&#8243;][vc_cta h2=&#8220;ONLINE-STORE&#8220; txt_align=&#8220;center&#8220; add_icon=&#8220;top&#8220; i_type=&#8220;entypo&#8220; i_icon_entypo=&#8220;entypo-icon entypo-icon-bag&#8220; i_color=&#8220;custom&#8220; i_size=&#8220;xl&#8220; i_css_animation=&#8220;fadeIn&#8220; css_animation=&#8220;fadeInUpBig&#8220; i_custom_color=&#8220;#005eb8&#8243;]<span id=\"hs_cos_wrapper_module_14914017659592363\" class=\"hs_cos_wrapper hs_cos_wrapper_widget_container hs_cos_wrapper_type_widget_container\" data-hs-cos-general-type=\"widget_container\" data-hs-cos-type=\"widget_container\">Sie k\u00f6nnen Ihre MagoCloud online im <a href=\"https:\/\/store.mago.cloud\">speziellen Store<\/a> kaufen und konfigurieren.<br \/>\n<\/span>[\/vc_cta][\/vc_column_inner][vc_column_inner width=&#8220;1\/3&#8243;][vc_cta h2=&#8220;ALS ABONNEMENT&#8220; txt_align=&#8220;center&#8220; add_icon=&#8220;top&#8220; i_type=&#8220;entypo&#8220; i_icon_entypo=&#8220;entypo-icon entypo-icon-globe&#8220; i_color=&#8220;custom&#8220; i_size=&#8220;xl&#8220; i_css_animation=&#8220;fadeIn&#8220; css_animation=&#8220;fadeInUpBig&#8220; i_custom_color=&#8220;#005eb8&#8243;]Die Preise sind &#8222;all inclusive&#8220;: L\u00f6sung + Infrastruktur + Wartung[\/vc_cta][\/vc_column_inner][\/vc_row_inner][vc_row_inner][vc_column_inner width=&#8220;1\/3&#8243;][vc_cta h2=&#8220;BRANCHENORIENTIERT&#8220; txt_align=&#8220;center&#8220; add_icon=&#8220;top&#8220; i_type=&#8220;entypo&#8220; i_icon_entypo=&#8220;entypo-icon entypo-icon-address&#8220; i_color=&#8220;custom&#8220; i_size=&#8220;xl&#8220; i_css_animation=&#8220;fadeIn&#8220; css_animation=&#8220;fadeInUpBig&#8220; i_custom_color=&#8220;#005eb8&#8243;]<span id=\"hs_cos_wrapper_module_14914017659592363\" class=\"hs_cos_wrapper hs_cos_wrapper_widget_container hs_cos_wrapper_type_widget_container\" data-hs-cos-general-type=\"widget_container\" data-hs-cos-type=\"widget_container\">Vordefinierte L\u00f6sungen sind auf verschiedene Branchentypen ausgerichtet<\/span>[\/vc_cta][\/vc_column_inner][vc_column_inner width=&#8220;1\/3&#8243;][vc_cta h2=&#8220;ANPASSBARE KONFIGURATION&#8220; txt_align=&#8220;center&#8220; add_icon=&#8220;top&#8220; i_type=&#8220;material&#8220; i_icon_material=&#8220;vc-material vc-material-perm_data_setting&#8220; i_color=&#8220;custom&#8220; i_size=&#8220;xl&#8220; i_css_animation=&#8220;fadeIn&#8220; css_animation=&#8220;fadeInUpBig&#8220; i_custom_color=&#8220;#005eb8&#8243;]<span id=\"hs_cos_wrapper_module_14914017659592363\" class=\"hs_cos_wrapper hs_cos_wrapper_widget_container hs_cos_wrapper_type_widget_container\" data-hs-cos-general-type=\"widget_container\" data-hs-cos-type=\"widget_container\">Konfiguration und Anzahl der Benutzer k\u00f6nnen im Laufe der Zeit frei ge\u00e4ndert werden<br \/>\n<\/span>[\/vc_cta][\/vc_column_inner][vc_column_inner width=&#8220;1\/3&#8243;][vc_cta h2=&#8220;MULTI-DEVICE&#8220; txt_align=&#8220;center&#8220; add_icon=&#8220;top&#8220; i_type=&#8220;material&#8220; i_icon_material=&#8220;vc-material vc-material-devices_other&#8220; i_color=&#8220;custom&#8220; i_size=&#8220;xl&#8220; i_css_animation=&#8220;fadeIn&#8220; css_animation=&#8220;fadeInUpBig&#8220; i_custom_color=&#8220;#005eb8&#8243;]<span id=\"hs_cos_wrapper_module_14914017659592363\" class=\"hs_cos_wrapper hs_cos_wrapper_widget_container hs_cos_wrapper_type_widget_container\" data-hs-cos-general-type=\"widget_container\" data-hs-cos-type=\"widget_container\">Der Anwender kann den Zugang \u00fcber mehrere Browser auf unterschiedlichen Ger\u00e4ten zur gleichen Zeit nutzen<\/span>[\/vc_cta][\/vc_column_inner][\/vc_row_inner][\/vc_column][\/vc_row][vc_row full_width=&#8220;stretch_row&#8220; wrap_container=&#8220;yes&#8220; equal_height=&#8220;yes&#8220; disable_element=&#8220;yes&#8220; css=&#8220;.vc_custom_1729845295859{margin-bottom: 0px !important;padding-top: 40px !important;padding-bottom: 40px !important;}&#8220; conditional_render=&#8220;%5B%7B%22value_role%22%3A%22administrator%22%7D%5D&#8220;][vc_column][vc_row_inner][vc_column_inner width=&#8220;1\/3&#8243; animation_type=&#8220;fadeInUpBig&#8220;][vc_column_text css_animation=&#8220;fadeInLeft&#8220;]\n<h1 style=\"text-align: center;\">Public Cloud<\/h1>\n<h3><\/h3>\n[\/vc_column_text][vc_single_image image=&#8220;13961&#8243; img_size=&#8220;large&#8220;][\/vc_column_inner][vc_column_inner width=&#8220;1\/3&#8243; css=&#8220;.vc_custom_1580808827743{padding-left: 30px !important;}&#8220; animation_type=&#8220;fadeInUpBig&#8220;][vc_column_text css_animation=&#8220;fadeInLeft&#8220;]\n<h1 style=\"text-align: center;\">Private Cloud<\/h1>\n<h3><\/h3>\n[\/vc_column_text][vc_single_image image=&#8220;13962&#8243; img_size=&#8220;large&#8220;][vc_empty_space height=&#8220;64px&#8220;][\/vc_column_inner][vc_column_inner width=&#8220;1\/3&#8243; animation_type=&#8220;fadeInUpBig&#8220;][vc_column_text css_animation=&#8220;fadeInLeft&#8220;]\n<h1 style=\"text-align: center;\">On Premise<\/h1>\n<h3><\/h3>\n[\/vc_column_text][vc_single_image image=&#8220;13963&#8243; img_size=&#8220;large&#8220;][\/vc_column_inner][\/vc_row_inner][\/vc_column][\/vc_row][vc_row][vc_column][vc_column_text][\/vc_column_text][\/vc_column][\/vc_row][vc_row full_width=&#8220;stretch_row_content&#8220; wrap_container=&#8220;yes&#8220; equal_height=&#8220;yes&#8220; content_placement=&#8220;middle&#8220; css=&#8220;.vc_custom_1728980943935{background: #ffffff url(https:\/\/mago.cloud\/wp-content\/uploads\/2024\/10\/GettyImages-1285301753.jpg?id=31106) !important;background-position: 0 0 !important;background-repeat: no-repeat !important;}&#8220; el_class=&#8220;bg-img-cover&#8220; conditional_render=&#8220;%5B%7B%22value_role%22%3A%22administrator%22%7D%5D&#8220;][vc_column animation_type=&#8220;fadeIn&#8220;]<div class=\"porto-block\" data-id=\"18556\"><style>.vc_custom_1717596683695{padding-top: 50px !important;padding-right: 50px !important;padding-bottom: 50px !important;padding-left: 50px !important;}.wpb_custom_ab3c06935b22e757d9ab4d573cfe1562.porto-u-heading .porto-u-main-heading > *{font-weight:600;font-size:38px;}.testoBordato { text-shadow: -1px 0 #000, 0 1px #000, 1px 0 #000, 0 -1px #000 !important;}<\/style>[vc_row full_width=\"stretch_row_content\" wrap_container=\"yes\" equal_height=\"yes\" content_placement=\"middle\" disable_element=\"yes\" el_class=\"bg-img-cover\" conditional_render=\"%5B%7B%22value_role%22%3A%22administrator%22%7D%5D\"][vc_column animation_type=\"fadeIn\"][vc_empty_space][vc_custom_heading text=\"Wir sind f\u00fcr Sie da!<br \/>\r\nSchildern Sie uns Ihr Problem, wir bieten die L\u00f6sung.\" font_container=\"tag:h1|text_align:center|color:%23ffffff\" use_theme_fonts=\"yes\" text_transform=\"text-uppercase\" el_class=\"testoBordato\"][vc_row_inner][vc_column_inner width=\"1\/3\"][\/vc_column_inner][vc_column_inner width=\"1\/3\"][\/vc_column_inner][vc_column_inner width=\"1\/3\"][\/vc_column_inner][\/vc_row_inner][\/vc_column][\/vc_row][vc_row full_width=\"stretch_row_content\" wrap_container=\"yes\" equal_height=\"yes\" content_placement=\"middle\" parallax=\"content-moving\" el_class=\"bg-img-cover\" conditional_render=\"%5B%7B%22value_role%22%3A%22administrator%22%7D%5D\" css=\".vc_custom_1717596683695{padding-top: 50px !important;padding-right: 50px !important;padding-bottom: 50px !important;padding-left: 50px !important;}\"][vc_column animation_type=\"fadeIn\" conditional_render=\"%5B%7B%22value_role%22%3A%22administrator%22%7D%5D\"]<div class=\"porto-u-heading  wpb_custom_ab3c06935b22e757d9ab4d573cfe1562 porto-u-55ca8359258f9a412be7e73af65d2aac \"><div class=\"porto-u-main-heading\"><h2   style=\"color:#ffffff;\">Erz\u00e4hlen Sie uns von dem Managementprojekt, an dem Sie arbeiten<\/h2><\/div><style>.porto-u-55ca8359258f9a412be7e73af65d2aac.porto-u-heading{text-align:center}<\/style><\/div>[vc_empty_space][vc_row_inner][vc_column_inner width=\"1\/2\"][vc_btn title=\"Demo\" style=\"custom\" custom_background=\"#005eb8\" custom_text=\"#ffffff\" size=\"xl\" align=\"center\" link=\"url:https%3A%2F%2Fmago.cloud%2Fde%2Fdemo-anfordern|title:Demo\" el_class=\"buttonStyle\"][\/vc_column_inner][vc_column_inner width=\"1\/2\"][vc_btn title=\"Kontakt\" style=\"custom\" custom_background=\"#005eb8\" custom_text=\"#ffffff\" size=\"xl\" align=\"center\" link=\"url:https%3A%2F%2Fmago.cloud%2Fde%2Fkontaktieren-sie-uns|title:Kontakt|target:_blank\" el_class=\"buttonStyle\"][\/vc_column_inner][\/vc_row_inner][\/vc_column][\/vc_row]<\/div>[\/vc_column][\/vc_row]\n<\/div>","protected":false},"excerpt":{"rendered":"<p>[vc_row full_width=&#8220;stretch_row&#8220; wrap_container=&#8220;yes&#8220; equal_height=&#8220;yes&#8220; content_placement=&#8220;middle&#8220; css=&#8220;.vc_custom_1526655567506{margin-bottom: 40px !important;background-color: #ffffff !important;background-position: 0 0 !important;background-repeat: no-repeat !important;}&#8220; el_class=&#8220;bg-img-cover&#8220;][vc_column animation_type=&#8220;fadeIn&#8220;][rev_slider_vc alias=&#8220;de_c_delivery&#8220;][\/vc_column][\/vc_row][vc_row][vc_column][vc_empty_space][\/vc_column][\/vc_row][vc_row full_width=&#8220;stretch_row_content&#8220; wrap_container=&#8220;yes&#8220; conditional_render=&#8220;%5B%7B%22value_role%22%3A%22administrator%22%7D%5D&#8220;][vc_column css=&#8220;.vc_custom_1581946502402{padding-right: 2em !important;padding-left: 2em !important;}&#8220;][vc_row_inner][vc_column_inner width=&#8220;1\/3&#8243;][\/vc_column_inner][vc_column_inner width=&#8220;1\/3&#8243;][\/vc_column_inner][vc_column_inner width=&#8220;1\/3&#8243;][\/vc_column_inner][\/vc_row_inner][vc_row_inner][vc_column_inner width=&#8220;1\/3&#8243;][\/vc_column_inner][vc_column_inner width=&#8220;1\/3&#8243;][\/vc_column_inner][vc_column_inner width=&#8220;1\/3&#8243;][\/vc_column_inner][\/vc_row_inner][vc_custom_heading text=&#8220;Mago Cloud bietet in allen unterst\u00fctzten L\u00e4ndern die gleichen Funktionen, da es eine einzige zentrale Basis f\u00fcr alle Lokalisierungen und L\u00e4nder nutzt. Mago [&hellip;]<\/p>\n","protected":false},"author":4,"featured_media":0,"parent":17376,"menu_order":0,"comment_status":"closed","ping_status":"closed","template":"","meta":{"footnotes":""},"class_list":["post-17602","page","type-page","status-publish","hentry"],"yoast_head":"<!-- This site is optimized with the Yoast SEO plugin v27.3 - https:\/\/yoast.com\/product\/yoast-seo-wordpress\/ -->\n<title>Verf\u00fcgbarkeit - MagoCloud ERP<\/title>\n<meta name=\"robots\" content=\"index, follow, max-snippet:-1, max-image-preview:large, max-video-preview:-1\" \/>\n<link rel=\"canonical\" href=\"https:\/\/mago.cloud\/de\/magocloud\/verfuegbarkeit\" \/>\n<meta property=\"og:locale\" content=\"de_DE\" \/>\n<meta property=\"og:type\" content=\"article\" \/>\n<meta property=\"og:title\" content=\"Verf\u00fcgbarkeit - MagoCloud ERP\" \/>\n<meta property=\"og:description\" content=\"[vc_row full_width=&#8220;stretch_row&#8220; wrap_container=&#8220;yes&#8220; equal_height=&#8220;yes&#8220; content_placement=&#8220;middle&#8220; css=&#8220;.vc_custom_1526655567506{margin-bottom: 40px !important;background-color: #ffffff !important;background-position: 0 0 !important;background-repeat: no-repeat !important;}&#8220; el_class=&#8220;bg-img-cover&#8220;][vc_column animation_type=&#8220;fadeIn&#8220;][rev_slider_vc alias=&#8220;de_c_delivery&#8220;][\/vc_column][\/vc_row][vc_row][vc_column][vc_empty_space][\/vc_column][\/vc_row][vc_row full_width=&#8220;stretch_row_content&#8220; wrap_container=&#8220;yes&#8220; conditional_render=&#8220;%5B%7B%22value_role%22%3A%22administrator%22%7D%5D&#8220;][vc_column css=&#8220;.vc_custom_1581946502402{padding-right: 2em !important;padding-left: 2em !important;}&#8220;][vc_row_inner][vc_column_inner width=&#8220;1\/3&#8243;][\/vc_column_inner][vc_column_inner width=&#8220;1\/3&#8243;][\/vc_column_inner][vc_column_inner width=&#8220;1\/3&#8243;][\/vc_column_inner][\/vc_row_inner][vc_row_inner][vc_column_inner width=&#8220;1\/3&#8243;][\/vc_column_inner][vc_column_inner width=&#8220;1\/3&#8243;][\/vc_column_inner][vc_column_inner width=&#8220;1\/3&#8243;][\/vc_column_inner][\/vc_row_inner][vc_custom_heading text=&#8220;Mago Cloud bietet in allen unterst\u00fctzten L\u00e4ndern die gleichen Funktionen, da es eine einzige zentrale Basis f\u00fcr alle Lokalisierungen und L\u00e4nder nutzt. Mago [&hellip;]\" \/>\n<meta property=\"og:url\" content=\"https:\/\/mago.cloud\/de\/magocloud\/verfuegbarkeit\" \/>\n<meta property=\"og:site_name\" content=\"MagoCloud ERP\" \/>\n<meta property=\"article:publisher\" content=\"https:\/\/www.facebook.com\/Zucchetti-Worldwide-799895010175846\/\" \/>\n<meta property=\"article:modified_time\" content=\"2024-10-25T09:52:19+00:00\" \/>\n<meta name=\"twitter:card\" content=\"summary_large_image\" \/>\n<meta name=\"twitter:site\" content=\"@ZucchettiWorld\" \/>\n<meta name=\"twitter:label1\" content=\"Gesch\u00e4tzte Lesezeit\" \/>\n\t<meta name=\"twitter:data1\" content=\"3\u00a0Minuten\" \/>\n<script type=\"application\/ld+json\" class=\"yoast-schema-graph\">{\"@context\":\"https:\\\/\\\/schema.org\",\"@graph\":[{\"@type\":\"WebPage\",\"@id\":\"https:\\\/\\\/mago.cloud\\\/de\\\/magocloud\\\/verfuegbarkeit\",\"url\":\"https:\\\/\\\/mago.cloud\\\/de\\\/magocloud\\\/verfuegbarkeit\",\"name\":\"Verf\u00fcgbarkeit - MagoCloud ERP\",\"isPartOf\":{\"@id\":\"https:\\\/\\\/mago.cloud\\\/de#website\"},\"datePublished\":\"2021-12-28T09:52:30+00:00\",\"dateModified\":\"2024-10-25T09:52:19+00:00\",\"breadcrumb\":{\"@id\":\"https:\\\/\\\/mago.cloud\\\/de\\\/magocloud\\\/verfuegbarkeit#breadcrumb\"},\"inLanguage\":\"de\",\"potentialAction\":[{\"@type\":\"ReadAction\",\"target\":[\"https:\\\/\\\/mago.cloud\\\/de\\\/magocloud\\\/verfuegbarkeit\"]}]},{\"@type\":\"BreadcrumbList\",\"@id\":\"https:\\\/\\\/mago.cloud\\\/de\\\/magocloud\\\/verfuegbarkeit#breadcrumb\",\"itemListElement\":[{\"@type\":\"ListItem\",\"position\":1,\"name\":\"Home\",\"item\":\"https:\\\/\\\/mago.cloud\\\/de\"},{\"@type\":\"ListItem\",\"position\":2,\"name\":\"MagoCloud\",\"item\":\"https:\\\/\\\/mago.cloud\\\/de\\\/magocloud\"},{\"@type\":\"ListItem\",\"position\":3,\"name\":\"Verf\u00fcgbarkeit\"}]},{\"@type\":\"WebSite\",\"@id\":\"https:\\\/\\\/mago.cloud\\\/de#website\",\"url\":\"https:\\\/\\\/mago.cloud\\\/de\",\"name\":\"MagoCloud ERP\",\"description\":\"\",\"potentialAction\":[{\"@type\":\"SearchAction\",\"target\":{\"@type\":\"EntryPoint\",\"urlTemplate\":\"https:\\\/\\\/mago.cloud\\\/de?s={search_term_string}\"},\"query-input\":{\"@type\":\"PropertyValueSpecification\",\"valueRequired\":true,\"valueName\":\"search_term_string\"}}],\"inLanguage\":\"de\"}]}<\/script>\n<!-- \/ Yoast SEO plugin. -->","yoast_head_json":{"title":"Verf\u00fcgbarkeit - MagoCloud ERP","robots":{"index":"index","follow":"follow","max-snippet":"max-snippet:-1","max-image-preview":"max-image-preview:large","max-video-preview":"max-video-preview:-1"},"canonical":"https:\/\/mago.cloud\/de\/magocloud\/verfuegbarkeit","og_locale":"de_DE","og_type":"article","og_title":"Verf\u00fcgbarkeit - MagoCloud ERP","og_description":"[vc_row full_width=&#8220;stretch_row&#8220; wrap_container=&#8220;yes&#8220; equal_height=&#8220;yes&#8220; content_placement=&#8220;middle&#8220; css=&#8220;.vc_custom_1526655567506{margin-bottom: 40px !important;background-color: #ffffff !important;background-position: 0 0 !important;background-repeat: no-repeat !important;}&#8220; el_class=&#8220;bg-img-cover&#8220;][vc_column animation_type=&#8220;fadeIn&#8220;][rev_slider_vc alias=&#8220;de_c_delivery&#8220;][\/vc_column][\/vc_row][vc_row][vc_column][vc_empty_space][\/vc_column][\/vc_row][vc_row full_width=&#8220;stretch_row_content&#8220; wrap_container=&#8220;yes&#8220; conditional_render=&#8220;%5B%7B%22value_role%22%3A%22administrator%22%7D%5D&#8220;][vc_column css=&#8220;.vc_custom_1581946502402{padding-right: 2em !important;padding-left: 2em !important;}&#8220;][vc_row_inner][vc_column_inner width=&#8220;1\/3&#8243;][\/vc_column_inner][vc_column_inner width=&#8220;1\/3&#8243;][\/vc_column_inner][vc_column_inner width=&#8220;1\/3&#8243;][\/vc_column_inner][\/vc_row_inner][vc_row_inner][vc_column_inner width=&#8220;1\/3&#8243;][\/vc_column_inner][vc_column_inner width=&#8220;1\/3&#8243;][\/vc_column_inner][vc_column_inner width=&#8220;1\/3&#8243;][\/vc_column_inner][\/vc_row_inner][vc_custom_heading text=&#8220;Mago Cloud bietet in allen unterst\u00fctzten L\u00e4ndern die gleichen Funktionen, da es eine einzige zentrale Basis f\u00fcr alle Lokalisierungen und L\u00e4nder nutzt. Mago [&hellip;]","og_url":"https:\/\/mago.cloud\/de\/magocloud\/verfuegbarkeit","og_site_name":"MagoCloud ERP","article_publisher":"https:\/\/www.facebook.com\/Zucchetti-Worldwide-799895010175846\/","article_modified_time":"2024-10-25T09:52:19+00:00","twitter_card":"summary_large_image","twitter_site":"@ZucchettiWorld","twitter_misc":{"Gesch\u00e4tzte Lesezeit":"3\u00a0Minuten"},"schema":{"@context":"https:\/\/schema.org","@graph":[{"@type":"WebPage","@id":"https:\/\/mago.cloud\/de\/magocloud\/verfuegbarkeit","url":"https:\/\/mago.cloud\/de\/magocloud\/verfuegbarkeit","name":"Verf\u00fcgbarkeit - MagoCloud ERP","isPartOf":{"@id":"https:\/\/mago.cloud\/de#website"},"datePublished":"2021-12-28T09:52:30+00:00","dateModified":"2024-10-25T09:52:19+00:00","breadcrumb":{"@id":"https:\/\/mago.cloud\/de\/magocloud\/verfuegbarkeit#breadcrumb"},"inLanguage":"de","potentialAction":[{"@type":"ReadAction","target":["https:\/\/mago.cloud\/de\/magocloud\/verfuegbarkeit"]}]},{"@type":"BreadcrumbList","@id":"https:\/\/mago.cloud\/de\/magocloud\/verfuegbarkeit#breadcrumb","itemListElement":[{"@type":"ListItem","position":1,"name":"Home","item":"https:\/\/mago.cloud\/de"},{"@type":"ListItem","position":2,"name":"MagoCloud","item":"https:\/\/mago.cloud\/de\/magocloud"},{"@type":"ListItem","position":3,"name":"Verf\u00fcgbarkeit"}]},{"@type":"WebSite","@id":"https:\/\/mago.cloud\/de#website","url":"https:\/\/mago.cloud\/de","name":"MagoCloud ERP","description":"","potentialAction":[{"@type":"SearchAction","target":{"@type":"EntryPoint","urlTemplate":"https:\/\/mago.cloud\/de?s={search_term_string}"},"query-input":{"@type":"PropertyValueSpecification","valueRequired":true,"valueName":"search_term_string"}}],"inLanguage":"de"}]}},"_links":{"self":[{"href":"https:\/\/mago.cloud\/de\/wp-json\/wp\/v2\/pages\/17602","targetHints":{"allow":["GET"]}}],"collection":[{"href":"https:\/\/mago.cloud\/de\/wp-json\/wp\/v2\/pages"}],"about":[{"href":"https:\/\/mago.cloud\/de\/wp-json\/wp\/v2\/types\/page"}],"author":[{"embeddable":true,"href":"https:\/\/mago.cloud\/de\/wp-json\/wp\/v2\/users\/4"}],"replies":[{"embeddable":true,"href":"https:\/\/mago.cloud\/de\/wp-json\/wp\/v2\/comments?post=17602"}],"version-history":[{"count":14,"href":"https:\/\/mago.cloud\/de\/wp-json\/wp\/v2\/pages\/17602\/revisions"}],"predecessor-version":[{"id":31241,"href":"https:\/\/mago.cloud\/de\/wp-json\/wp\/v2\/pages\/17602\/revisions\/31241"}],"up":[{"embeddable":true,"href":"https:\/\/mago.cloud\/de\/wp-json\/wp\/v2\/pages\/17376"}],"wp:attachment":[{"href":"https:\/\/mago.cloud\/de\/wp-json\/wp\/v2\/media?parent=17602"}],"curies":[{"name":"wp","href":"https:\/\/api.w.org\/{rel}","templated":true}]}}