{"id":17425,"date":"2021-12-15T14:35:13","date_gmt":"2021-12-15T13:35:13","guid":{"rendered":"https:\/\/mago.cloud\/funktionen-tools"},"modified":"2022-04-06T16:27:26","modified_gmt":"2022-04-06T14:27:26","slug":"funktionen-tools","status":"publish","type":"page","link":"https:\/\/mago.cloud\/de\/funktionen-tools","title":{"rendered":"Funktionen &amp; Tools"},"content":{"rendered":"<div class=\"wpb-content-wrapper\">[vc_row full_width=&#8220;stretch_row&#8220; equal_height=&#8220;yes&#8220; content_placement=&#8220;middle&#8220; wrap_container=&#8220;yes&#8220; css=&#8220;.vc_custom_1526655567506{margin-bottom: 40px !important;background-color: #ffffff !important;background-position: 0 0 !important;background-repeat: no-repeat !important;}&#8220; el_class=&#8220;bg-img-cover&#8220;][vc_column animation_type=&#8220;fadeIn&#8220;][rev_slider_vc alias=&#8220;de_funzioni_strumenti&#8220;][\/vc_column][\/vc_row][vc_row full_width=&#8220;stretch_row&#8220; wrap_container=&#8220;yes&#8220; text_align=&#8220;left&#8220; remove_margin_top=&#8220;yes&#8220; remove_margin_bottom=&#8220;yes&#8220; remove_border=&#8220;yes&#8220; css=&#8220;.vc_custom_1525416056455{margin-top: 40px !important;margin-right: 0px !important;margin-bottom: 0px !important;margin-left: 0px !important;border-top-width: 0px !important;border-right-width: 0px !important;border-bottom-width: 0px !important;border-left-width: 0px !important;padding-top: 0px !important;padding-right: 0px !important;padding-bottom: 40px !important;padding-left: 0px !important;}&#8220; el_class=&#8220;bg-custom-color-1&#8243;][vc_column][vc_custom_heading text=&#8220;Verwaltung, Einkauf, Verkauf, Logistik, Produktion und Lagerverwaltung: alles, was Sie f\u00fcr Ihr Unternehmen brauchen, auf einer vollst\u00e4ndig cloudbasierten, kollaborativen und intelligenten Plattform.&#8220; font_container=&#8220;tag:h2|text_align:left|color:%230a0a0a&#8220; use_theme_fonts=&#8220;yes&#8220;][\/vc_column][\/vc_row][vc_row full_width=&#8220;stretch_row&#8220; wrap_container=&#8220;yes&#8220; text_align=&#8220;left&#8220; remove_margin_top=&#8220;yes&#8220; remove_margin_bottom=&#8220;yes&#8220; remove_border=&#8220;yes&#8220; css=&#8220;.vc_custom_1525416056455{margin-top: 40px !important;margin-right: 0px !important;margin-bottom: 0px !important;margin-left: 0px !important;border-top-width: 0px !important;border-right-width: 0px !important;border-bottom-width: 0px !important;border-left-width: 0px !important;padding-top: 0px !important;padding-right: 0px !important;padding-bottom: 40px !important;padding-left: 0px !important;}&#8220; el_class=&#8220;bg-custom-color-1&#8243;][vc_column][vc_column_text]<span style=\"font-size: 20px;\">MagoCloud ist eine ERP-Software der neuesten Generation, die sich durch ihre unterschiedlichen Anwendungsbereiche auszeichnet. Dadurch wird MagoCloud den verschiedenen, spezifischen funktionalen Anforderungen der einzelnen Unternehmensbereiche mehr als gerecht.<\/span>[\/vc_column_text][vc_empty_space][\/vc_column][\/vc_row][vc_row][vc_column width=&#8220;1\/3&#8243;][vc_cta h2=&#8220;Bereich Finanzbuchhaltung&#8220; add_button=&#8220;bottom&#8220; btn_title=&#8220;Mehr Info&#8220; btn_style=&#8220;custom&#8220; btn_custom_background=&#8220;#005eb8&#8243; btn_custom_text=&#8220;#ffffff&#8220; btn_align=&#8220;center&#8220; btn_i_align=&#8220;right&#8220; btn_i_icon_fontawesome=&#8220;fas fa-angle-right&#8220; btn_add_icon=&#8220;true&#8220; btn_link=&#8220;url:https%3A%2F%2Fmago.cloud%2Fde%2Ffunktionen-tools%2Ffinanzbuchhaltung|title:Finanzbuchhaltung||&#8220;]Entdecken Sie Funktionen wie Abrechnung, Zahlungswesen, Berichte und mehr. Die Funktionen der Finanzbuchhaltung in MagoCloud bieten alles, was Sie f\u00fcr das Controlling Ihres Unternehmens ben\u00f6tigen.[\/vc_cta][\/vc_column][vc_column width=&#8220;1\/3&#8243;][vc_cta h2=&#8220;Bereich Vertrieb &amp; Einkauf&#8220; add_button=&#8220;bottom&#8220; btn_title=&#8220;Mehr Info&#8220; btn_style=&#8220;custom&#8220; btn_custom_background=&#8220;#005eb8&#8243; btn_custom_text=&#8220;#ffffff&#8220; btn_align=&#8220;center&#8220; btn_i_align=&#8220;right&#8220; btn_i_icon_fontawesome=&#8220;fas fa-angle-right&#8220; btn_add_icon=&#8220;true&#8220; btn_link=&#8220;url:https%3A%2F%2Fmago.cloud%2Fde%2Ffunktionen-tools%2Fvertrieb-und-einkauf|title:Vertrieb%20%26%20Einkauf||&#8220;]Erfahren Sie, wie Sie den gesamten Beschaffungs- und Verkaufsbereich mit MagoCloud effektiv verwalten k\u00f6nnen, dank fortschrittlicher Funktionen und Anwendungsmodule, die f\u00fcr den gesamten Verkaufs- und Kaufprozess von der Bestellung bis zur elektronischen Rechnungsstellung entwickelt wurden.[\/vc_cta][vc_empty_space][\/vc_column][vc_column width=&#8220;1\/3&#8243;][vc_cta h2=&#8220;Bereich Fertigungsplanung&#8220; add_button=&#8220;bottom&#8220; btn_title=&#8220;Mehr Info&#8220; btn_style=&#8220;custom&#8220; btn_custom_background=&#8220;#005eb8&#8243; btn_custom_text=&#8220;#ffffff&#8220; btn_align=&#8220;center&#8220; btn_i_align=&#8220;right&#8220; btn_i_icon_fontawesome=&#8220;fas fa-angle-right&#8220; btn_add_icon=&#8220;true&#8220; btn_link=&#8220;url:https%3A%2F%2Fmago.cloud%2Fde%2Fbranchenlosungen-2%2Fproduktion|title:Fertigungsplanung||&#8220;]MagoCloud bietet Ihnen eine komplette Produktionsl\u00f6sung, die unn\u00f6tige Ausfallzeiten vermeidet und gleichzeitig die Produktionseffizienz, Qualit\u00e4t und Gewinnmargen erh\u00f6ht.[\/vc_cta][\/vc_column][\/vc_row][vc_row][vc_column width=&#8220;1\/3&#8243;][vc_cta h2=&#8220;Bereich Lager &amp; Logistik&#8220; add_button=&#8220;bottom&#8220; btn_title=&#8220;Mehr Info&#8220; btn_style=&#8220;custom&#8220; btn_custom_background=&#8220;#005eb8&#8243; btn_custom_text=&#8220;#ffffff&#8220; btn_align=&#8220;center&#8220; btn_i_align=&#8220;right&#8220; btn_i_icon_fontawesome=&#8220;fas fa-angle-right&#8220; btn_add_icon=&#8220;true&#8220; btn_link=&#8220;url:https%3A%2F%2Fmago.cloud%2Fde%2Ffunktionen-tools%2Flager-und-logistik|title:Lager%20%26%20Logistik||&#8220;]Optimieren Sie Ihr Gesch\u00e4ft mit Anwendungen zur Optimierung der gesamten Logistikkette, des Bestandsmanagements, des Versands und der Zahlung.[\/vc_cta][\/vc_column][vc_column width=&#8220;1\/3&#8243;][vc_cta h2=&#8220;Bereich Filialverwaltung&#8220; add_button=&#8220;bottom&#8220; btn_title=&#8220;Mehr Info&#8220; btn_style=&#8220;custom&#8220; btn_custom_background=&#8220;#005eb8&#8243; btn_custom_text=&#8220;#ffffff&#8220; btn_align=&#8220;center&#8220; btn_i_align=&#8220;right&#8220; btn_i_icon_fontawesome=&#8220;fas fa-angle-right&#8220; btn_add_icon=&#8220;true&#8220; btn_link=&#8220;url:https%3A%2F%2Fmago.cloud%2Fde%2Ffunktionen-tools%2Fstore-management|title:Filialverwaltung||&#8220;]Moderne, leistungsstarke Cloud-L\u00f6sung f\u00fcr jedes Einzelhandelsunternehmen zur Verbesserung, zum Wachstum und zur Skalierung[\/vc_cta][\/vc_column][vc_column width=&#8220;1\/3&#8243;][vc_cta h2=&#8220;Mago E-Commerce&#8220; add_button=&#8220;bottom&#8220; btn_title=&#8220;Mehr Info&#8220; btn_style=&#8220;custom&#8220; btn_custom_background=&#8220;#005eb8&#8243; btn_custom_text=&#8220;#ffffff&#8220; btn_align=&#8220;center&#8220; btn_i_align=&#8220;right&#8220; btn_i_icon_fontawesome=&#8220;fas fa-angle-right&#8220; btn_add_icon=&#8220;true&#8220; btn_link=&#8220;url:https%3A%2F%2Fmago.cloud%2Fde%2Ffunktionen-tools%2Fmago-e-commerce|title:Mago%20e-Commerce||&#8220;]Mago e-Commerce ist mit Ihrem ERP integriert. Ein gro\u00dfer Wettbewerbsvorteil f\u00fcr Ihr Unternehmen! Sosind mehr Effizienz, Zeitersparnis und ein besseres Einkaufserlebnis f\u00fcr den Endkunden garantiert.[\/vc_cta][\/vc_column][\/vc_row][vc_row][vc_column][\/vc_column][\/vc_row][vc_row full_width=&#8220;stretch_row_content&#8220; equal_height=&#8220;yes&#8220; content_placement=&#8220;middle&#8220; wrap_container=&#8220;yes&#8220; css=&#8220;.vc_custom_1588163887922{background: #ffffff url(https:\/\/mago.cloud\/wp-content\/uploads\/2020\/04\/drmakete-lab-hsg538WrP0Y-unsplash.jpg?id=15179) !important;background-position: 0 0 !important;background-repeat: no-repeat !important;}&#8220; el_class=&#8220;bg-img-cover&#8220;][vc_column animation_type=&#8220;fadeIn&#8220;]<div class=\"porto-block\" data-id=\"18556\"><style>.vc_custom_1717596683695{padding-top: 50px !important;padding-right: 50px !important;padding-bottom: 50px !important;padding-left: 50px !important;}.wpb_custom_ab3c06935b22e757d9ab4d573cfe1562.porto-u-heading .porto-u-main-heading > *{font-weight:600;font-size:38px;}.testoBordato { text-shadow: -1px 0 #000, 0 1px #000, 1px 0 #000, 0 -1px #000 !important;}<\/style>[vc_row full_width=\"stretch_row_content\" wrap_container=\"yes\" equal_height=\"yes\" content_placement=\"middle\" disable_element=\"yes\" el_class=\"bg-img-cover\" conditional_render=\"%5B%7B%22value_role%22%3A%22administrator%22%7D%5D\"][vc_column animation_type=\"fadeIn\"][vc_empty_space][vc_custom_heading text=\"Wir sind f\u00fcr Sie da!<br \/>\r\nSchildern Sie uns Ihr Problem, wir bieten die L\u00f6sung.\" font_container=\"tag:h1|text_align:center|color:%23ffffff\" use_theme_fonts=\"yes\" text_transform=\"text-uppercase\" el_class=\"testoBordato\"][vc_row_inner][vc_column_inner width=\"1\/3\"][\/vc_column_inner][vc_column_inner width=\"1\/3\"][\/vc_column_inner][vc_column_inner width=\"1\/3\"][\/vc_column_inner][\/vc_row_inner][\/vc_column][\/vc_row][vc_row full_width=\"stretch_row_content\" wrap_container=\"yes\" equal_height=\"yes\" content_placement=\"middle\" parallax=\"content-moving\" el_class=\"bg-img-cover\" conditional_render=\"%5B%7B%22value_role%22%3A%22administrator%22%7D%5D\" css=\".vc_custom_1717596683695{padding-top: 50px !important;padding-right: 50px !important;padding-bottom: 50px !important;padding-left: 50px !important;}\"][vc_column animation_type=\"fadeIn\" conditional_render=\"%5B%7B%22value_role%22%3A%22administrator%22%7D%5D\"]<div class=\"porto-u-heading  wpb_custom_ab3c06935b22e757d9ab4d573cfe1562 porto-u-55ca8359258f9a412be7e73af65d2aac \"><div class=\"porto-u-main-heading\"><h2   style=\"color:#ffffff;\">Erz\u00e4hlen Sie uns von dem Managementprojekt, an dem Sie arbeiten<\/h2><\/div><style>.porto-u-55ca8359258f9a412be7e73af65d2aac.porto-u-heading{text-align:center}<\/style><\/div>[vc_empty_space][vc_row_inner][vc_column_inner width=\"1\/2\"][vc_btn title=\"Demo\" style=\"custom\" custom_background=\"#005eb8\" custom_text=\"#ffffff\" size=\"xl\" align=\"center\" link=\"url:https%3A%2F%2Fmago.cloud%2Fde%2Fdemo-anfordern|title:Demo\" el_class=\"buttonStyle\"][\/vc_column_inner][vc_column_inner width=\"1\/2\"][vc_btn title=\"Kontakt\" style=\"custom\" custom_background=\"#005eb8\" custom_text=\"#ffffff\" size=\"xl\" align=\"center\" link=\"url:https%3A%2F%2Fmago.cloud%2Fde%2Fkontaktieren-sie-uns|title:Kontakt|target:_blank\" el_class=\"buttonStyle\"][\/vc_column_inner][\/vc_row_inner][\/vc_column][\/vc_row]<\/div>[\/vc_column][\/vc_row]\n<\/div>","protected":false},"excerpt":{"rendered":"<p>[vc_row full_width=&#8220;stretch_row&#8220; equal_height=&#8220;yes&#8220; content_placement=&#8220;middle&#8220; wrap_container=&#8220;yes&#8220; css=&#8220;.vc_custom_1526655567506{margin-bottom: 40px !important;background-color: #ffffff !important;background-position: 0 0 !important;background-repeat: no-repeat !important;}&#8220; el_class=&#8220;bg-img-cover&#8220;][vc_column animation_type=&#8220;fadeIn&#8220;][rev_slider_vc alias=&#8220;de_funzioni_strumenti&#8220;][\/vc_column][\/vc_row][vc_row full_width=&#8220;stretch_row&#8220; wrap_container=&#8220;yes&#8220; text_align=&#8220;left&#8220; remove_margin_top=&#8220;yes&#8220; remove_margin_bottom=&#8220;yes&#8220; remove_border=&#8220;yes&#8220; css=&#8220;.vc_custom_1525416056455{margin-top: 40px !important;margin-right: 0px !important;margin-bottom: 0px !important;margin-left: 0px !important;border-top-width: 0px !important;border-right-width: 0px !important;border-bottom-width: 0px !important;border-left-width: 0px !important;padding-top: 0px !important;padding-right: 0px !important;padding-bottom: 40px !important;padding-left: 0px !important;}&#8220; el_class=&#8220;bg-custom-color-1&#8243;][vc_column][vc_custom_heading text=&#8220;Verwaltung, Einkauf, Verkauf, Logistik, Produktion [&hellip;]<\/p>\n","protected":false},"author":4,"featured_media":0,"parent":0,"menu_order":0,"comment_status":"closed","ping_status":"closed","template":"","meta":{"footnotes":""},"class_list":["post-17425","page","type-page","status-publish","hentry"],"yoast_head":"<!-- This site is optimized with the Yoast SEO plugin v27.3 - https:\/\/yoast.com\/product\/yoast-seo-wordpress\/ -->\n<title>Funktionen &amp; Tools - MagoCloud ERP<\/title>\n<meta name=\"robots\" content=\"index, follow, max-snippet:-1, max-image-preview:large, max-video-preview:-1\" \/>\n<link rel=\"canonical\" href=\"https:\/\/mago.cloud\/de\/funktionen-tools\" \/>\n<meta property=\"og:locale\" content=\"de_DE\" \/>\n<meta property=\"og:type\" content=\"article\" \/>\n<meta property=\"og:title\" content=\"Funktionen &amp; Tools - MagoCloud ERP\" \/>\n<meta property=\"og:description\" content=\"[vc_row full_width=&#8220;stretch_row&#8220; equal_height=&#8220;yes&#8220; content_placement=&#8220;middle&#8220; wrap_container=&#8220;yes&#8220; css=&#8220;.vc_custom_1526655567506{margin-bottom: 40px !important;background-color: #ffffff !important;background-position: 0 0 !important;background-repeat: no-repeat !important;}&#8220; el_class=&#8220;bg-img-cover&#8220;][vc_column animation_type=&#8220;fadeIn&#8220;][rev_slider_vc alias=&#8220;de_funzioni_strumenti&#8220;][\/vc_column][\/vc_row][vc_row full_width=&#8220;stretch_row&#8220; wrap_container=&#8220;yes&#8220; text_align=&#8220;left&#8220; remove_margin_top=&#8220;yes&#8220; remove_margin_bottom=&#8220;yes&#8220; remove_border=&#8220;yes&#8220; css=&#8220;.vc_custom_1525416056455{margin-top: 40px !important;margin-right: 0px !important;margin-bottom: 0px !important;margin-left: 0px !important;border-top-width: 0px !important;border-right-width: 0px !important;border-bottom-width: 0px !important;border-left-width: 0px !important;padding-top: 0px !important;padding-right: 0px !important;padding-bottom: 40px !important;padding-left: 0px !important;}&#8220; el_class=&#8220;bg-custom-color-1&#8243;][vc_column][vc_custom_heading text=&#8220;Verwaltung, Einkauf, Verkauf, Logistik, Produktion [&hellip;]\" \/>\n<meta property=\"og:url\" content=\"https:\/\/mago.cloud\/de\/funktionen-tools\" \/>\n<meta property=\"og:site_name\" content=\"MagoCloud ERP\" \/>\n<meta property=\"article:publisher\" content=\"https:\/\/www.facebook.com\/Zucchetti-Worldwide-799895010175846\/\" \/>\n<meta property=\"article:modified_time\" content=\"2022-04-06T14:27:26+00:00\" \/>\n<meta name=\"twitter:card\" content=\"summary_large_image\" \/>\n<meta name=\"twitter:site\" content=\"@ZucchettiWorld\" \/>\n<meta name=\"twitter:label1\" content=\"Gesch\u00e4tzte Lesezeit\" \/>\n\t<meta name=\"twitter:data1\" content=\"2\u00a0Minuten\" \/>\n<script type=\"application\/ld+json\" class=\"yoast-schema-graph\">{\"@context\":\"https:\\\/\\\/schema.org\",\"@graph\":[{\"@type\":\"WebPage\",\"@id\":\"https:\\\/\\\/mago.cloud\\\/de\\\/funktionen-tools\",\"url\":\"https:\\\/\\\/mago.cloud\\\/de\\\/funktionen-tools\",\"name\":\"Funktionen &amp; Tools - MagoCloud ERP\",\"isPartOf\":{\"@id\":\"https:\\\/\\\/mago.cloud\\\/de#website\"},\"datePublished\":\"2021-12-15T13:35:13+00:00\",\"dateModified\":\"2022-04-06T14:27:26+00:00\",\"breadcrumb\":{\"@id\":\"https:\\\/\\\/mago.cloud\\\/de\\\/funktionen-tools#breadcrumb\"},\"inLanguage\":\"de\",\"potentialAction\":[{\"@type\":\"ReadAction\",\"target\":[\"https:\\\/\\\/mago.cloud\\\/de\\\/funktionen-tools\"]}]},{\"@type\":\"BreadcrumbList\",\"@id\":\"https:\\\/\\\/mago.cloud\\\/de\\\/funktionen-tools#breadcrumb\",\"itemListElement\":[{\"@type\":\"ListItem\",\"position\":1,\"name\":\"Home\",\"item\":\"https:\\\/\\\/mago.cloud\\\/de\"},{\"@type\":\"ListItem\",\"position\":2,\"name\":\"Funktionen &amp; Tools\"}]},{\"@type\":\"WebSite\",\"@id\":\"https:\\\/\\\/mago.cloud\\\/de#website\",\"url\":\"https:\\\/\\\/mago.cloud\\\/de\",\"name\":\"MagoCloud ERP\",\"description\":\"\",\"potentialAction\":[{\"@type\":\"SearchAction\",\"target\":{\"@type\":\"EntryPoint\",\"urlTemplate\":\"https:\\\/\\\/mago.cloud\\\/de?s={search_term_string}\"},\"query-input\":{\"@type\":\"PropertyValueSpecification\",\"valueRequired\":true,\"valueName\":\"search_term_string\"}}],\"inLanguage\":\"de\"}]}<\/script>\n<!-- \/ Yoast SEO plugin. -->","yoast_head_json":{"title":"Funktionen &amp; Tools - MagoCloud ERP","robots":{"index":"index","follow":"follow","max-snippet":"max-snippet:-1","max-image-preview":"max-image-preview:large","max-video-preview":"max-video-preview:-1"},"canonical":"https:\/\/mago.cloud\/de\/funktionen-tools","og_locale":"de_DE","og_type":"article","og_title":"Funktionen &amp; Tools - MagoCloud ERP","og_description":"[vc_row full_width=&#8220;stretch_row&#8220; equal_height=&#8220;yes&#8220; content_placement=&#8220;middle&#8220; wrap_container=&#8220;yes&#8220; css=&#8220;.vc_custom_1526655567506{margin-bottom: 40px !important;background-color: #ffffff !important;background-position: 0 0 !important;background-repeat: no-repeat !important;}&#8220; el_class=&#8220;bg-img-cover&#8220;][vc_column animation_type=&#8220;fadeIn&#8220;][rev_slider_vc alias=&#8220;de_funzioni_strumenti&#8220;][\/vc_column][\/vc_row][vc_row full_width=&#8220;stretch_row&#8220; wrap_container=&#8220;yes&#8220; text_align=&#8220;left&#8220; remove_margin_top=&#8220;yes&#8220; remove_margin_bottom=&#8220;yes&#8220; remove_border=&#8220;yes&#8220; css=&#8220;.vc_custom_1525416056455{margin-top: 40px !important;margin-right: 0px !important;margin-bottom: 0px !important;margin-left: 0px !important;border-top-width: 0px !important;border-right-width: 0px !important;border-bottom-width: 0px !important;border-left-width: 0px !important;padding-top: 0px !important;padding-right: 0px !important;padding-bottom: 40px !important;padding-left: 0px !important;}&#8220; el_class=&#8220;bg-custom-color-1&#8243;][vc_column][vc_custom_heading text=&#8220;Verwaltung, Einkauf, Verkauf, Logistik, Produktion [&hellip;]","og_url":"https:\/\/mago.cloud\/de\/funktionen-tools","og_site_name":"MagoCloud ERP","article_publisher":"https:\/\/www.facebook.com\/Zucchetti-Worldwide-799895010175846\/","article_modified_time":"2022-04-06T14:27:26+00:00","twitter_card":"summary_large_image","twitter_site":"@ZucchettiWorld","twitter_misc":{"Gesch\u00e4tzte Lesezeit":"2\u00a0Minuten"},"schema":{"@context":"https:\/\/schema.org","@graph":[{"@type":"WebPage","@id":"https:\/\/mago.cloud\/de\/funktionen-tools","url":"https:\/\/mago.cloud\/de\/funktionen-tools","name":"Funktionen &amp; Tools - MagoCloud ERP","isPartOf":{"@id":"https:\/\/mago.cloud\/de#website"},"datePublished":"2021-12-15T13:35:13+00:00","dateModified":"2022-04-06T14:27:26+00:00","breadcrumb":{"@id":"https:\/\/mago.cloud\/de\/funktionen-tools#breadcrumb"},"inLanguage":"de","potentialAction":[{"@type":"ReadAction","target":["https:\/\/mago.cloud\/de\/funktionen-tools"]}]},{"@type":"BreadcrumbList","@id":"https:\/\/mago.cloud\/de\/funktionen-tools#breadcrumb","itemListElement":[{"@type":"ListItem","position":1,"name":"Home","item":"https:\/\/mago.cloud\/de"},{"@type":"ListItem","position":2,"name":"Funktionen &amp; Tools"}]},{"@type":"WebSite","@id":"https:\/\/mago.cloud\/de#website","url":"https:\/\/mago.cloud\/de","name":"MagoCloud ERP","description":"","potentialAction":[{"@type":"SearchAction","target":{"@type":"EntryPoint","urlTemplate":"https:\/\/mago.cloud\/de?s={search_term_string}"},"query-input":{"@type":"PropertyValueSpecification","valueRequired":true,"valueName":"search_term_string"}}],"inLanguage":"de"}]}},"_links":{"self":[{"href":"https:\/\/mago.cloud\/de\/wp-json\/wp\/v2\/pages\/17425","targetHints":{"allow":["GET"]}}],"collection":[{"href":"https:\/\/mago.cloud\/de\/wp-json\/wp\/v2\/pages"}],"about":[{"href":"https:\/\/mago.cloud\/de\/wp-json\/wp\/v2\/types\/page"}],"author":[{"embeddable":true,"href":"https:\/\/mago.cloud\/de\/wp-json\/wp\/v2\/users\/4"}],"replies":[{"embeddable":true,"href":"https:\/\/mago.cloud\/de\/wp-json\/wp\/v2\/comments?post=17425"}],"version-history":[{"count":7,"href":"https:\/\/mago.cloud\/de\/wp-json\/wp\/v2\/pages\/17425\/revisions"}],"predecessor-version":[{"id":18087,"href":"https:\/\/mago.cloud\/de\/wp-json\/wp\/v2\/pages\/17425\/revisions\/18087"}],"wp:attachment":[{"href":"https:\/\/mago.cloud\/de\/wp-json\/wp\/v2\/media?parent=17425"}],"curies":[{"name":"wp","href":"https:\/\/api.w.org\/{rel}","templated":true}]}}