{"id":17414,"date":"2021-12-15T12:53:33","date_gmt":"2021-12-15T11:53:33","guid":{"rendered":"https:\/\/mago.cloud\/dokumenten-management-system"},"modified":"2022-09-14T13:48:01","modified_gmt":"2022-09-14T11:48:01","slug":"dokumenten-management-system","status":"publish","type":"page","link":"https:\/\/mago.cloud\/de\/funktionen-tools\/dokumenten-management-system","title":{"rendered":"Dokumenten-Management-System"},"content":{"rendered":"<div class=\"wpb-content-wrapper\">[vc_row full_width=&#8220;stretch_row&#8220; equal_height=&#8220;yes&#8220; content_placement=&#8220;middle&#8220; wrap_container=&#8220;yes&#8220; el_class=&#8220;bg-cover&#8220; css=&#8220;.vc_custom_1615283305501{margin-bottom: 40px !important;background-position: center !important;background-repeat: no-repeat !important;background-size: cover !important;}&#8220;][vc_column]\n\t\t\t<!-- START DE_DMS REVOLUTION SLIDER 6.7.39 --><p class=\"rs-p-wp-fix\"><\/p>\n\t\t\t<rs-module-wrap id=\"rev_slider_327_1_wrapper\" data-source=\"gallery\" style=\"visibility:hidden;background:transparent;padding:0;margin:0px auto;margin-top:0;margin-bottom:0;\">\n\t\t\t\t<rs-module id=\"rev_slider_327_1\" style=\"\" data-version=\"6.7.39\">\n\t\t\t\t\t<rs-slides style=\"overflow: hidden; position: absolute;\">\n\t\t\t\t\t\t<rs-slide style=\"position: absolute;\" data-key=\"rs-414\" data-title=\"Slide\" data-duration=\"18040\" data-anim=\"adpr:false;ms:10;\" data-in=\"o:1;\" data-out=\"a:false;\">\n\t\t\t\t\t\t\t<img decoding=\"async\" src=\"\/\/mago.cloud\/wp-content\/plugins\/revslider\/sr6\/assets\/assets\/dummy.png\" alt=\"\" title=\"header-magocloud-dms-02\" width=\"1024\" height=\"683\" class=\"rev-slidebg tp-rs-img rs-lazyload\" data-lazyload=\"\/\/mago.cloud\/wp-content\/uploads\/2021\/03\/header-magocloud-dms-02.jpg\" data-no-retina>\n<!--\n\t\t\t\t\t\t\t--><h2\n\t\t\t\t\t\t\t\tid=\"slider-327-slide-414-layer-8\" \n\t\t\t\t\t\t\t\tclass=\"rs-layer\"\n\t\t\t\t\t\t\t\tdata-type=\"text\"\n\t\t\t\t\t\t\t\tdata-color=\"rgba(0, 0, 0, 1)||rgba(0, 0, 0, 1)||rgba(0, 0, 0, 1)||rgba(85, 85, 85, 1)\"\n\t\t\t\t\t\t\t\tdata-rsp_ch=\"on\"\n\t\t\t\t\t\t\t\tdata-xy=\"x:c;xo:112px,4px,0,0;yo:390px,447px,578px,397px;\"\n\t\t\t\t\t\t\t\tdata-text=\"s:40,40,40,27;l:40,40,40,30;fw:300;\"\n\t\t\t\t\t\t\t\tdata-frame_1=\"sR:10;\"\n\t\t\t\t\t\t\t\tdata-frame_999=\"o:0;st:w;sR:17730;\"\n\t\t\t\t\t\t\t\tstyle=\"z-index:9;font-family:'Raleway';\"\n\t\t\t\t\t\t\t>Cloud-basiertes DMS \n\t\t\t\t\t\t\t<\/h2><!--\n\n\t\t\t\t\t\t\t--><rs-layer\n\t\t\t\t\t\t\t\tid=\"slider-327-slide-414-layer-14\" \n\t\t\t\t\t\t\t\tclass=\"tp-shape tp-shapewrapper\"\n\t\t\t\t\t\t\t\tdata-type=\"shape\"\n\t\t\t\t\t\t\t\tdata-rsp_ch=\"on\"\n\t\t\t\t\t\t\t\tdata-xy=\"x:l,c,c,c;xo:858px,0,0,0;yo:374px,425px,555px,375px;\"\n\t\t\t\t\t\t\t\tdata-text=\"a:inherit;\"\n\t\t\t\t\t\t\t\tdata-dim=\"w:424px,667px,644px,441px;h:84,93,92,79;\"\n\t\t\t\t\t\t\t\tdata-border=\"bor:10px,10px,10px,10px;\"\n\t\t\t\t\t\t\t\tdata-frame_1=\"sR:10;\"\n\t\t\t\t\t\t\t\tdata-frame_999=\"o:0;st:w;sR:17730;\"\n\t\t\t\t\t\t\t\tstyle=\"z-index:8;background-color:rgba(255,255,255,0.9);\"\n\t\t\t\t\t\t\t> \n\t\t\t\t\t\t\t<\/rs-layer><!--\n-->\t\t\t\t\t<\/rs-slide>\n\t\t\t\t\t<\/rs-slides>\n\t\t\t\t<\/rs-module>\n\t\t\t\t<script>\n\t\t\t\t\tsetREVStartSize({c: 'rev_slider_327_1',rl:[1240,1024,778,480],el:[500,768,960,720],gw:[1920,1024,778,480],gh:[500,768,960,720],type:'hero',justify:'',layout:'fullwidth',mh:\"0\"});if (window.RS_MODULES!==undefined && window.RS_MODULES.modules!==undefined && window.RS_MODULES.modules[\"revslider3271\"]!==undefined) {window.RS_MODULES.modules[\"revslider3271\"].once = false;window.revapi327 = undefined;if (window.RS_MODULES.checkMinimal!==undefined) window.RS_MODULES.checkMinimal()}\n\t\t\t\t<\/script>\n\t\t\t<\/rs-module-wrap>\n\t\t\t<!-- END REVOLUTION SLIDER -->\n[\/vc_column][\/vc_row][vc_row full_width=&#8220;stretch_row&#8220; wrap_container=&#8220;yes&#8220; text_align=&#8220;left&#8220; remove_margin_top=&#8220;yes&#8220; remove_margin_bottom=&#8220;yes&#8220; remove_border=&#8220;yes&#8220; el_class=&#8220;bg-custom-color-1&#8243; css=&#8220;.vc_custom_1615283426971{margin-top: 20px !important;}&#8220;][vc_column][vc_column_text]\n<h1 style=\"text-align: left;\">Ihr Dokumentenmanagement in der ERP-Cloud<\/h1>\n[\/vc_column_text][vc_empty_space height=&#8220;16px&#8220;][vc_column_text]\n<p style=\"text-align: left;\"><span style=\"font-size: 18px;\"><strong>Speichern Sie<\/strong> Dateien in verschiedenen Formaten und <strong>h\u00e4ngen Sie<\/strong> sie dank des <strong>integrierten Dokumentenmanagementsystems<\/strong> einfach an <strong>MagoCloud-Dokumente<\/strong> an.<\/span><\/p>\n[\/vc_column_text][vc_empty_space][\/vc_column][\/vc_row][vc_row full_width=&#8220;stretch_row_content&#8220; css=&#8220;.vc_custom_1615283793015{padding-right: 3em !important;padding-bottom: 40px !important;padding-left: 3em !important;background-color: #ff9e1b !important;}&#8220;][vc_column width=&#8220;1\/5&#8243;][vc_empty_space][vc_icon icon_fontawesome=&#8220;far fa-check-circle&#8220; color=&#8220;custom&#8220; size=&#8220;lg&#8220; custom_color=&#8220;#ffffff&#8220; el_class=&#8220;iconStyle&#8220;][vc_column_text]<span style=\"font-size: 24px; color: #ffffff;\">Die Vorteile von<\/span><br \/>\n<span style=\"color: #ffffff;\"><span style=\"font-size: 24px;\">MagoCloud DMS f\u00fcr Ihr Unternehmen<\/span><\/span>[\/vc_column_text][\/vc_column][vc_column width=&#8220;1\/5&#8243;][vc_empty_space][vc_icon icon_fontawesome=&#8220;far fa-check-circle&#8220; color=&#8220;custom&#8220; size=&#8220;lg&#8220; custom_color=&#8220;#ffffff&#8220; el_class=&#8220;iconStyle&#8220;][vc_column_text]<span style=\"color: #ffffff; font-size: 20px;\">INTEGRIERTES DOKUMENTENMANAGEMENT<\/span><br \/>\n<span style=\"font-size: 20px; color: #ffffff;\">Organisieren Sie Dokumente, Daten und Informationen, die aus verschiedenen Quellen gesammelt wurden, im selben integrierten ERP-Repository.<\/span>[\/vc_column_text][\/vc_column][vc_column width=&#8220;1\/5&#8243;][vc_empty_space][vc_icon icon_fontawesome=&#8220;far fa-check-circle&#8220; color=&#8220;custom&#8220; size=&#8220;lg&#8220; custom_color=&#8220;#ffffff&#8220; el_class=&#8220;iconStyle&#8220;][vc_column_text]<span style=\"color: #ffffff; font-size: 20px;\">EINFACHE DOKUMENTENSUCHE<\/span><br \/>\n<span style=\"font-size: 20px; color: #ffffff;\">Finden Sie leicht Ihre Daten und teilen Sie Informationen mit allen Abteilungen in Ihrem Unternehmen.<\/span>[\/vc_column_text][\/vc_column][vc_column width=&#8220;1\/5&#8243;][vc_empty_space][vc_icon icon_fontawesome=&#8220;far fa-check-circle&#8220; color=&#8220;custom&#8220; size=&#8220;lg&#8220; custom_color=&#8220;#ffffff&#8220; el_class=&#8220;iconStyle&#8220;][vc_column_text]<span style=\"color: #ffffff; font-size: 20px;\">DATENSICHERHEIT<\/span><br \/>\n<span style=\"font-size: 20px; color: #ffffff;\">Sicherheitsprotokolle sch\u00fctzen Ihre Daten vor unberechtigtem Zugriff.<\/span>[\/vc_column_text][\/vc_column][vc_column width=&#8220;1\/5&#8243;][vc_empty_space][vc_icon icon_fontawesome=&#8220;far fa-check-circle&#8220; color=&#8220;custom&#8220; size=&#8220;lg&#8220; custom_color=&#8220;#ffffff&#8220; el_class=&#8220;iconStyle&#8220;][vc_column_text]<span style=\"color: #ffffff; font-size: 20px;\">KOSTEN REDUZIEREN<\/span><br \/>\n<span style=\"font-size: 20px; color: #ffffff;\">Optimieren Sie Ihre Arbeit, reduzieren Sie den Papierverbrauch und befreien Sie Ihren B\u00fcroraum von einem Berg von Papier. <\/span>[\/vc_column_text][\/vc_column][\/vc_row][vc_row][vc_column][vc_empty_space][vc_column_text]\n<h2 class=\"page-title\" style=\"text-align: left;\"><strong>Daten und Dokumente zusammenf\u00fchren, sortieren, organisieren, speichern, verwalten&#8230;<\/strong><\/h2>\n[\/vc_column_text][vc_empty_space height=&#8220;10px&#8220;][vc_column_text]\n<p style=\"text-align: left;\"><span style=\"font-size: 18px;\">Mit MagoCloud DMS k\u00f6nnen Sie Gesch\u00e4ftsdokumente aus verschiedenen Quellen organisieren, speichern und einfach freigeben.<br \/>\nWie viele Angebote, Rechnungen, Bestellungen sowie Buchhaltungs- und Steuerdokumente werden t\u00e4glich von den Abteilungen Ihres Unternehmens generiert, gesendet und empfangen? Mit dem MagoCloud Dokumentenmanagementsystem (DMS) k\u00f6nnen Sie diese Dokumente zentral erfassen und verwalten und somit ein einziges, integriertes Archiv erstellen.<br \/>\nDer Zugriff auf die im DMS gespeicherten Dokumente ist f\u00fcr alle Unternehmensbereiche einfach und sofort m\u00f6glich.<\/span><\/p>\n[\/vc_column_text][vc_empty_space][vc_column_text]\n<h2 class=\"page-title\" style=\"text-align: left;\"><strong>Speichern Sie Ihre digitalen Dokumente in der Cloud<\/strong><\/h2>\n[\/vc_column_text][vc_empty_space height=&#8220;10px&#8220;][vc_column_text]\n<p style=\"text-align: left;\"><span style=\"font-size: 18px;\">Mit MagoCloud DMS k\u00f6nnen Sie die wichtigsten Dateiformate (Word, PDF, Excel, JPG, etc.) in Ihrem Cloud-Archiv speichern. Sie k\u00f6nnen Dateien aus Ihrem System hochladen, registrieren und an ein, oder mehrere Dokumente in Ihrem ERP anh\u00e4ngen. Ebenfalls k\u00f6nnen auch alle in MagoCloud ERP generierten Dokumente und Berichte gespeichert, archiviert und freigegeben werden.<\/span><\/p>\n[\/vc_column_text][vc_empty_space][vc_column_text]\n<h2 class=\"page-title\" style=\"text-align: left;\"><strong>Dokumente leicht finden<\/strong><\/h2>\n[\/vc_column_text][vc_empty_space height=&#8220;10px&#8220;][vc_column_text]\n<p style=\"text-align: left;\"><span style=\"font-size: 18px;\">M\u00fcssen Sie ein bestimmtes Dokument f\u00fcr Ihr Team oder einen Kunden freigeben? Mit MagoCloud k\u00f6nnen Sie das dank einer Reihe n\u00fctzlicher Filter im Handumdrehen. Dar\u00fcber hinaus k\u00f6nnen Sie ausgehend von einem bestimmten MagoCloud-Dokument alle Anh\u00e4nge durchsuchen und in wenigen Augenblicken alle relevante Informationen einsehen.<\/span><\/p>\n[\/vc_column_text][vc_empty_space][vc_column_text]\n<h2 class=\"page-title\" style=\"text-align: left;\"><strong>Unternehmensabl\u00e4ufe digitalisieren<\/strong><\/h2>\n[\/vc_column_text][vc_empty_space height=&#8220;10px&#8220;][vc_column_text]\n<p style=\"text-align: left;\"><span style=\"font-size: 18px;\">MagoCloud DMS unterst\u00fctzt Ihr Unternehmen im Digitalisierungsprozess, indem es eine Vielzahl von Dokumentationen, die aus unterschiedlichen Quellen stammen, in das Informationssystem des Unternehmens integriert. Sie k\u00f6nnen den Datenfluss Ihrer Dokumente verfolgen und den Austausch von Daten und Informationen zwischen Abteilungen und extern an Kunden und Lieferanten effektiver gestalten. Zudem sind s\u00e4mtliche Dokumente 24\/7 verf\u00fcgbar und unver\u00e4nderbar abgelegt.<\/span><\/p>\n[\/vc_column_text][\/vc_column][\/vc_row][vc_row][vc_column][vc_empty_space]<div class=\"porto-block\" data-id=\"18581\">[vc_row][vc_column][vc_empty_space][vc_custom_heading text=\"MagoCloud steht f\u00fcr Flexibilit\u00e4t und Skalierbarkeit\" font_container=\"tag:h2|text_align:center\" google_fonts=\"font_family:Roboto%3A100%2C100italic%2C300%2C300italic%2Cregular%2Citalic%2C500%2C500italic%2C700%2C700italic%2C900%2C900italic|font_style:500%20bold%20regular%3A500%3Anormal\"][vc_empty_space][vc_row_inner animation_type=\"slideInUp\"][vc_column_inner width=\"1\/3\"][vc_cta h2=\"Mobile App\" txt_align=\"center\" style=\"custom\" add_icon=\"bottom\" i_type=\"entypo\" i_icon_entypo=\"entypo-icon entypo-icon-down-open-big\" i_color=\"custom\" i_background_style=\"rounded\" i_background_color=\"white\" i_size=\"sm\" custom_background=\"#005eb8\" custom_text=\"#ffffff\" i_custom_color=\"#005eb8\" i_link=\"url:https%3A%2F%2Fmago.cloud%2Fit%2Ffunzioni-strumenti%2Fmobile-app-per-mago|title:MagoCloud%20verbindet%20Vorteile%20mit%20voller%20Mobilit%C3%A4t\"]<\/p>\r\n<p style=\"text-align: center;\"><a href=\"https:\/\/mago.cloud\/functions-tools\/mobile-app-for-mago\"><span style=\"color: #ffffff;\">All the value of MagoCloud in full mobility<\/span><\/a><\/p>\r\n<p>[\/vc_cta][\/vc_column_inner][vc_column_inner width=\"1\/3\"][vc_cta h2=\"Funktions\u00fcbergreifend\" txt_align=\"center\" style=\"custom\" add_icon=\"bottom\" i_type=\"entypo\" i_icon_entypo=\"entypo-icon entypo-icon-down-open-big\" i_color=\"custom\" i_background_style=\"rounded\" i_background_color=\"white\" i_size=\"sm\" custom_background=\"#005eb8\" custom_text=\"#ffffff\" i_custom_color=\"#005eb8\" i_link=\"url:https%3A%2F%2Fmago.cloud%2Ffunctions-tools%2Fcross-functionalities|title:Profitieren%20Sie%20von%20den%20Vorteilen%20von%20MagoCloud\"]<\/p>\r\n<p style=\"text-align: center;\"><a href=\"https:\/\/mago.cloud\/functions-tools\/cross-functionalities\"><span style=\"color: #ffffff;\">Make the most of the benefits of MagoCloud<\/span><\/a><\/p>\r\n<p>[\/vc_cta][\/vc_column_inner][vc_column_inner width=\"1\/3\"][vc_cta h2=\"Tarife & Preise\" txt_align=\"center\" style=\"custom\" add_icon=\"bottom\" i_type=\"entypo\" i_icon_entypo=\"entypo-icon entypo-icon-down-open-big\" i_color=\"custom\" i_background_style=\"rounded\" i_background_color=\"white\" i_size=\"sm\" custom_background=\"#005eb8\" custom_text=\"#ffffff\" i_custom_color=\"#005eb8\" i_link=\"url:https%3A%2F%2Fstore.mago.cloud|title:Besuchen%20Sie%20den%20MagoCloud%20Store|target:_blank\"]<\/p>\r\n<p style=\"text-align: center;\"><a href=\"https:\/\/store.mago.cloud\"><span style=\"color: #ffffff;\">Visit the MagoCloud Store<\/span><\/a><\/p>\r\n<p>[\/vc_cta][\/vc_column_inner][\/vc_row_inner][\/vc_column][\/vc_row]<\/div>[\/vc_column][\/vc_row][vc_row][vc_column width=&#8220;1\/4&#8243;][\/vc_column][vc_column width=&#8220;1\/2&#8243;][vc_custom_heading text=&#8220;Benutzer, die diese Seite besuchen, suchten auch nach&#8220; font_container=&#8220;tag:h2|text_align:center&#8220; google_fonts=&#8220;font_family:Roboto%3A100%2C100italic%2C300%2C300italic%2Cregular%2Citalic%2C500%2C500italic%2C700%2C700italic%2C900%2C900italic|font_style:400%20regular%3A400%3Anormal&#8220;][vc_empty_space][vc_column_text]\n<p style=\"text-align: center;\"><span style=\"font-size: 20px;\"><a href=\"https:\/\/mago.cloud\/de\/branchenlosungen-2\/verwaltung-services\" target=\"_blank\" rel=\"noopener\">Verwaltung &amp; Dienstleistungen<\/a> | <a href=\"https:\/\/mago.cloud\/de\/funktionen-tools\/lager-und-logistik\" target=\"_blank\" rel=\"noopener\">Lager&amp; Logistik<\/a> | <a href=\"https:\/\/mago.cloud\/de\/funktionen-tools\/mobile-app-fuer-mago\" target=\"_blank\" rel=\"noopener\">Mobile App<\/a><\/span><\/p>\n[\/vc_column_text][\/vc_column][vc_column width=&#8220;1\/4&#8243;][\/vc_column][\/vc_row][vc_row][vc_column][vc_empty_space][\/vc_column][\/vc_row][vc_row full_width=&#8220;stretch_row_content&#8220; equal_height=&#8220;yes&#8220; content_placement=&#8220;middle&#8220; wrap_container=&#8220;yes&#8220; el_class=&#8220;bg-img-cover&#8220; css=&#8220;.vc_custom_1615366615101{margin-top: 40px !important;background-image: url(https:\/\/mago.cloud\/wp-content\/uploads\/2021\/03\/header-magocloud-dms-02-1.jpg?id=16393) !important;background-position: 0 0 !important;background-repeat: no-repeat !important;}&#8220;][vc_column]<div class=\"porto-block\" data-id=\"18556\"><style>.vc_custom_1717596683695{padding-top: 50px !important;padding-right: 50px !important;padding-bottom: 50px !important;padding-left: 50px !important;}.wpb_custom_ab3c06935b22e757d9ab4d573cfe1562.porto-u-heading .porto-u-main-heading > *{font-weight:600;font-size:38px;}.testoBordato { text-shadow: -1px 0 #000, 0 1px #000, 1px 0 #000, 0 -1px #000 !important;}<\/style>[vc_row full_width=\"stretch_row_content\" wrap_container=\"yes\" equal_height=\"yes\" content_placement=\"middle\" disable_element=\"yes\" el_class=\"bg-img-cover\" conditional_render=\"%5B%7B%22value_role%22%3A%22administrator%22%7D%5D\"][vc_column animation_type=\"fadeIn\"][vc_empty_space][vc_custom_heading text=\"Wir sind f\u00fcr Sie da!<br \/>\r\nSchildern Sie uns Ihr Problem, wir bieten die L\u00f6sung.\" font_container=\"tag:h1|text_align:center|color:%23ffffff\" use_theme_fonts=\"yes\" text_transform=\"text-uppercase\" el_class=\"testoBordato\"][vc_row_inner][vc_column_inner width=\"1\/3\"][\/vc_column_inner][vc_column_inner width=\"1\/3\"][\/vc_column_inner][vc_column_inner width=\"1\/3\"][\/vc_column_inner][\/vc_row_inner][\/vc_column][\/vc_row][vc_row full_width=\"stretch_row_content\" wrap_container=\"yes\" equal_height=\"yes\" content_placement=\"middle\" parallax=\"content-moving\" el_class=\"bg-img-cover\" conditional_render=\"%5B%7B%22value_role%22%3A%22administrator%22%7D%5D\" css=\".vc_custom_1717596683695{padding-top: 50px !important;padding-right: 50px !important;padding-bottom: 50px !important;padding-left: 50px !important;}\"][vc_column animation_type=\"fadeIn\" conditional_render=\"%5B%7B%22value_role%22%3A%22administrator%22%7D%5D\"]<div class=\"porto-u-heading  wpb_custom_ab3c06935b22e757d9ab4d573cfe1562 porto-u-55ca8359258f9a412be7e73af65d2aac \"><div class=\"porto-u-main-heading\"><h2   style=\"color:#ffffff;\">Erz\u00e4hlen Sie uns von dem Managementprojekt, an dem Sie arbeiten<\/h2><\/div><style>.porto-u-55ca8359258f9a412be7e73af65d2aac.porto-u-heading{text-align:center}<\/style><\/div>[vc_empty_space][vc_row_inner][vc_column_inner width=\"1\/2\"][vc_btn title=\"Demo\" style=\"custom\" custom_background=\"#005eb8\" custom_text=\"#ffffff\" size=\"xl\" align=\"center\" link=\"url:https%3A%2F%2Fmago.cloud%2Fde%2Fdemo-anfordern|title:Demo\" el_class=\"buttonStyle\"][\/vc_column_inner][vc_column_inner width=\"1\/2\"][vc_btn title=\"Kontakt\" style=\"custom\" custom_background=\"#005eb8\" custom_text=\"#ffffff\" size=\"xl\" align=\"center\" link=\"url:https%3A%2F%2Fmago.cloud%2Fde%2Fkontaktieren-sie-uns|title:Kontakt|target:_blank\" el_class=\"buttonStyle\"][\/vc_column_inner][\/vc_row_inner][\/vc_column][\/vc_row]<\/div>[\/vc_column][\/vc_row]\n<\/div>","protected":false},"excerpt":{"rendered":"<p>[vc_row full_width=&#8220;stretch_row&#8220; equal_height=&#8220;yes&#8220; content_placement=&#8220;middle&#8220; wrap_container=&#8220;yes&#8220; el_class=&#8220;bg-cover&#8220; css=&#8220;.vc_custom_1615283305501{margin-bottom: 40px !important;background-position: center !important;background-repeat: no-repeat !important;background-size: cover !important;}&#8220;][vc_column][\/vc_column][\/vc_row][vc_row full_width=&#8220;stretch_row&#8220; wrap_container=&#8220;yes&#8220; text_align=&#8220;left&#8220; remove_margin_top=&#8220;yes&#8220; remove_margin_bottom=&#8220;yes&#8220; remove_border=&#8220;yes&#8220; el_class=&#8220;bg-custom-color-1&#8243; css=&#8220;.vc_custom_1615283426971{margin-top: 20px !important;}&#8220;][vc_column][vc_column_text] Ihr Dokumentenmanagement in der ERP-Cloud [\/vc_column_text][vc_empty_space height=&#8220;16px&#8220;][vc_column_text] Speichern Sie Dateien in verschiedenen Formaten und h\u00e4ngen Sie sie dank des integrierten Dokumentenmanagementsystems einfach an MagoCloud-Dokumente an. [\/vc_column_text][vc_empty_space][\/vc_column][\/vc_row][vc_row full_width=&#8220;stretch_row_content&#8220; css=&#8220;.vc_custom_1615283793015{padding-right: 3em !important;padding-bottom: [&hellip;]<\/p>\n","protected":false},"author":4,"featured_media":0,"parent":17425,"menu_order":0,"comment_status":"closed","ping_status":"closed","template":"","meta":{"footnotes":""},"class_list":["post-17414","page","type-page","status-publish","hentry"],"yoast_head":"<!-- This site is optimized with the Yoast SEO plugin v27.3 - https:\/\/yoast.com\/product\/yoast-seo-wordpress\/ -->\n<title>Cloud-basierte Dokumentenmanagement-Software | MagoCloud ERP<\/title>\n<meta name=\"description\" content=\"Organisieren Sie Ihr digitales Archiv mit dem ERP-integrierten Dokumentenmanagementsystem von MagoCloud. Mit dem DMS k\u00f6nnen Sie Dokumente einfach zentral ablegen und teilen.\" \/>\n<meta name=\"robots\" content=\"index, follow, max-snippet:-1, max-image-preview:large, max-video-preview:-1\" \/>\n<link rel=\"canonical\" href=\"https:\/\/mago.cloud\/de\/funktionen-tools\/dokumenten-management-system\" \/>\n<meta property=\"og:locale\" content=\"de_DE\" \/>\n<meta property=\"og:type\" content=\"article\" \/>\n<meta property=\"og:title\" content=\"Cloud-basierte Dokumentenmanagement-Software | MagoCloud ERP\" \/>\n<meta property=\"og:description\" content=\"Organisieren Sie Ihr digitales Archiv mit dem ERP-integrierten Dokumentenmanagementsystem von MagoCloud. Mit dem DMS k\u00f6nnen Sie Dokumente einfach zentral ablegen und teilen.\" \/>\n<meta property=\"og:url\" content=\"https:\/\/mago.cloud\/de\/funktionen-tools\/dokumenten-management-system\" \/>\n<meta property=\"og:site_name\" content=\"MagoCloud ERP\" \/>\n<meta property=\"article:publisher\" content=\"https:\/\/www.facebook.com\/Zucchetti-Worldwide-799895010175846\/\" \/>\n<meta property=\"article:modified_time\" content=\"2022-09-14T11:48:01+00:00\" \/>\n<meta name=\"twitter:card\" content=\"summary_large_image\" \/>\n<meta name=\"twitter:site\" content=\"@ZucchettiWorld\" \/>\n<meta name=\"twitter:label1\" content=\"Gesch\u00e4tzte Lesezeit\" \/>\n\t<meta name=\"twitter:data1\" content=\"3\u00a0Minuten\" \/>\n<script type=\"application\/ld+json\" class=\"yoast-schema-graph\">{\"@context\":\"https:\\\/\\\/schema.org\",\"@graph\":[{\"@type\":\"WebPage\",\"@id\":\"https:\\\/\\\/mago.cloud\\\/de\\\/funktionen-tools\\\/dokumenten-management-system\",\"url\":\"https:\\\/\\\/mago.cloud\\\/de\\\/funktionen-tools\\\/dokumenten-management-system\",\"name\":\"Cloud-basierte Dokumentenmanagement-Software | MagoCloud ERP\",\"isPartOf\":{\"@id\":\"https:\\\/\\\/mago.cloud\\\/de#website\"},\"datePublished\":\"2021-12-15T11:53:33+00:00\",\"dateModified\":\"2022-09-14T11:48:01+00:00\",\"description\":\"Organisieren Sie Ihr digitales Archiv mit dem ERP-integrierten Dokumentenmanagementsystem von MagoCloud. Mit dem DMS k\u00f6nnen Sie Dokumente einfach zentral ablegen und teilen.\",\"breadcrumb\":{\"@id\":\"https:\\\/\\\/mago.cloud\\\/de\\\/funktionen-tools\\\/dokumenten-management-system#breadcrumb\"},\"inLanguage\":\"de\",\"potentialAction\":[{\"@type\":\"ReadAction\",\"target\":[\"https:\\\/\\\/mago.cloud\\\/de\\\/funktionen-tools\\\/dokumenten-management-system\"]}]},{\"@type\":\"BreadcrumbList\",\"@id\":\"https:\\\/\\\/mago.cloud\\\/de\\\/funktionen-tools\\\/dokumenten-management-system#breadcrumb\",\"itemListElement\":[{\"@type\":\"ListItem\",\"position\":1,\"name\":\"Home\",\"item\":\"https:\\\/\\\/mago.cloud\\\/de\"},{\"@type\":\"ListItem\",\"position\":2,\"name\":\"Funktionen &amp; Tools\",\"item\":\"https:\\\/\\\/mago.cloud\\\/de\\\/funktionen-tools\"},{\"@type\":\"ListItem\",\"position\":3,\"name\":\"Dokumenten-Management-System\"}]},{\"@type\":\"WebSite\",\"@id\":\"https:\\\/\\\/mago.cloud\\\/de#website\",\"url\":\"https:\\\/\\\/mago.cloud\\\/de\",\"name\":\"MagoCloud ERP\",\"description\":\"\",\"potentialAction\":[{\"@type\":\"SearchAction\",\"target\":{\"@type\":\"EntryPoint\",\"urlTemplate\":\"https:\\\/\\\/mago.cloud\\\/de?s={search_term_string}\"},\"query-input\":{\"@type\":\"PropertyValueSpecification\",\"valueRequired\":true,\"valueName\":\"search_term_string\"}}],\"inLanguage\":\"de\"}]}<\/script>\n<!-- \/ Yoast SEO plugin. -->","yoast_head_json":{"title":"Cloud-basierte Dokumentenmanagement-Software | MagoCloud ERP","description":"Organisieren Sie Ihr digitales Archiv mit dem ERP-integrierten Dokumentenmanagementsystem von MagoCloud. Mit dem DMS k\u00f6nnen Sie Dokumente einfach zentral ablegen und teilen.","robots":{"index":"index","follow":"follow","max-snippet":"max-snippet:-1","max-image-preview":"max-image-preview:large","max-video-preview":"max-video-preview:-1"},"canonical":"https:\/\/mago.cloud\/de\/funktionen-tools\/dokumenten-management-system","og_locale":"de_DE","og_type":"article","og_title":"Cloud-basierte Dokumentenmanagement-Software | MagoCloud ERP","og_description":"Organisieren Sie Ihr digitales Archiv mit dem ERP-integrierten Dokumentenmanagementsystem von MagoCloud. Mit dem DMS k\u00f6nnen Sie Dokumente einfach zentral ablegen und teilen.","og_url":"https:\/\/mago.cloud\/de\/funktionen-tools\/dokumenten-management-system","og_site_name":"MagoCloud ERP","article_publisher":"https:\/\/www.facebook.com\/Zucchetti-Worldwide-799895010175846\/","article_modified_time":"2022-09-14T11:48:01+00:00","twitter_card":"summary_large_image","twitter_site":"@ZucchettiWorld","twitter_misc":{"Gesch\u00e4tzte Lesezeit":"3\u00a0Minuten"},"schema":{"@context":"https:\/\/schema.org","@graph":[{"@type":"WebPage","@id":"https:\/\/mago.cloud\/de\/funktionen-tools\/dokumenten-management-system","url":"https:\/\/mago.cloud\/de\/funktionen-tools\/dokumenten-management-system","name":"Cloud-basierte Dokumentenmanagement-Software | MagoCloud ERP","isPartOf":{"@id":"https:\/\/mago.cloud\/de#website"},"datePublished":"2021-12-15T11:53:33+00:00","dateModified":"2022-09-14T11:48:01+00:00","description":"Organisieren Sie Ihr digitales Archiv mit dem ERP-integrierten Dokumentenmanagementsystem von MagoCloud. Mit dem DMS k\u00f6nnen Sie Dokumente einfach zentral ablegen und teilen.","breadcrumb":{"@id":"https:\/\/mago.cloud\/de\/funktionen-tools\/dokumenten-management-system#breadcrumb"},"inLanguage":"de","potentialAction":[{"@type":"ReadAction","target":["https:\/\/mago.cloud\/de\/funktionen-tools\/dokumenten-management-system"]}]},{"@type":"BreadcrumbList","@id":"https:\/\/mago.cloud\/de\/funktionen-tools\/dokumenten-management-system#breadcrumb","itemListElement":[{"@type":"ListItem","position":1,"name":"Home","item":"https:\/\/mago.cloud\/de"},{"@type":"ListItem","position":2,"name":"Funktionen &amp; Tools","item":"https:\/\/mago.cloud\/de\/funktionen-tools"},{"@type":"ListItem","position":3,"name":"Dokumenten-Management-System"}]},{"@type":"WebSite","@id":"https:\/\/mago.cloud\/de#website","url":"https:\/\/mago.cloud\/de","name":"MagoCloud ERP","description":"","potentialAction":[{"@type":"SearchAction","target":{"@type":"EntryPoint","urlTemplate":"https:\/\/mago.cloud\/de?s={search_term_string}"},"query-input":{"@type":"PropertyValueSpecification","valueRequired":true,"valueName":"search_term_string"}}],"inLanguage":"de"}]}},"_links":{"self":[{"href":"https:\/\/mago.cloud\/de\/wp-json\/wp\/v2\/pages\/17414","targetHints":{"allow":["GET"]}}],"collection":[{"href":"https:\/\/mago.cloud\/de\/wp-json\/wp\/v2\/pages"}],"about":[{"href":"https:\/\/mago.cloud\/de\/wp-json\/wp\/v2\/types\/page"}],"author":[{"embeddable":true,"href":"https:\/\/mago.cloud\/de\/wp-json\/wp\/v2\/users\/4"}],"replies":[{"embeddable":true,"href":"https:\/\/mago.cloud\/de\/wp-json\/wp\/v2\/comments?post=17414"}],"version-history":[{"count":12,"href":"https:\/\/mago.cloud\/de\/wp-json\/wp\/v2\/pages\/17414\/revisions"}],"predecessor-version":[{"id":18441,"href":"https:\/\/mago.cloud\/de\/wp-json\/wp\/v2\/pages\/17414\/revisions\/18441"}],"up":[{"embeddable":true,"href":"https:\/\/mago.cloud\/de\/wp-json\/wp\/v2\/pages\/17425"}],"wp:attachment":[{"href":"https:\/\/mago.cloud\/de\/wp-json\/wp\/v2\/media?parent=17414"}],"curies":[{"name":"wp","href":"https:\/\/api.w.org\/{rel}","templated":true}]}}