{"id":17376,"date":"2021-12-15T12:13:07","date_gmt":"2021-12-15T11:13:07","guid":{"rendered":"https:\/\/mago.cloud\/magocloud"},"modified":"2022-10-18T10:52:59","modified_gmt":"2022-10-18T08:52:59","slug":"magocloud","status":"publish","type":"page","link":"https:\/\/mago.cloud\/de\/magocloud","title":{"rendered":"MagoCloud"},"content":{"rendered":"<div class=\"wpb-content-wrapper\">[vc_row full_width=&#8220;stretch_row&#8220; equal_height=&#8220;yes&#8220; content_placement=&#8220;middle&#8220; wrap_container=&#8220;yes&#8220; css=&#8220;.vc_custom_1526655567506{margin-bottom: 40px !important;background-color: #ffffff !important;background-position: 0 0 !important;background-repeat: no-repeat !important;}&#8220; el_class=&#8220;bg-img-cover&#8220;][vc_column animation_type=&#8220;fadeIn&#8220;][rev_slider_vc alias=&#8220;de_c_cloudtemplate&#8220;][\/vc_column][\/vc_row][vc_row full_width=&#8220;stretch_row&#8220; wrap_container=&#8220;yes&#8220; text_align=&#8220;left&#8220; remove_margin_top=&#8220;yes&#8220; remove_margin_bottom=&#8220;yes&#8220; remove_border=&#8220;yes&#8220; css=&#8220;.vc_custom_1525957325142{margin-top: 20px !important;margin-right: 0px !important;margin-bottom: 0px !important;margin-left: 0px !important;border-top-width: 0px !important;border-right-width: 0px !important;border-bottom-width: 0px !important;border-left-width: 0px !important;padding-top: 0px !important;padding-right: 0px !important;padding-bottom: 40px !important;padding-left: 0px !important;}&#8220; el_class=&#8220;bg-custom-color-1&#8243;][vc_column][vc_custom_heading text=&#8220;Mago Cloud ist eine native Cloud-Management-Software, die von Anfang an f\u00fcr den Betrieb im Internet unter Verwendung der neuesten Webtechnologien konzipiert wurde.<\/p>\n<p>Konzipiert f\u00fcr mittelgro\u00dfe Unternehmen, ist Mago Cloud ebenso f\u00fcr kleinere Unternehmen bestens geeignet, weil es sehr schnell eingesetzt werden kann. Dank der einfachen und benutzerfreundlichen Oberfl\u00e4che k\u00f6nnen Ihre Mitarbeiter schneller und effizienter die Aufgaben erledigen.&#8220; font_container=&#8220;tag:h2|font_size:22|text_align:left|color:%230a0a0a|line_height:1.5&#8243; google_fonts=&#8220;font_family:Roboto%3A100%2C100italic%2C300%2C300italic%2Cregular%2Citalic%2C500%2C500italic%2C700%2C700italic%2C900%2C900italic|font_style:300%20light%20regular%3A300%3Anormal&#8220; css_animation=&#8220;fadeInUpBig&#8220;][vc_empty_space][vc_row_inner][vc_column_inner width=&#8220;1\/3&#8243;][vc_cta h2=&#8220;ZENTRALE DATENBANK&#8220; txt_align=&#8220;center&#8220; add_icon=&#8220;top&#8220; i_type=&#8220;entypo&#8220; i_icon_entypo=&#8220;entypo-icon entypo-icon-database&#8220; i_color=&#8220;custom&#8220; i_size=&#8220;xl&#8220; i_css_animation=&#8220;fadeIn&#8220; css_animation=&#8220;fadeInUpBig&#8220; i_custom_color=&#8220;#005eb8&#8243;]<span id=\"hs_cos_wrapper_module_14914017659592363\" class=\"hs_cos_wrapper hs_cos_wrapper_widget_container hs_cos_wrapper_type_widget_container\" data-hs-cos-general-type=\"widget_container\" data-hs-cos-type=\"widget_container\">Alle Daten sind stets in Echtzeit und befinden sich in einer einzigen zentralen Datenbank. Weniger Fehler, mehr Geschwindigkeit und zuverl\u00e4ssigere Daten!<\/span>[\/vc_cta][\/vc_column_inner][vc_column_inner width=&#8220;1\/3&#8243;][vc_cta h2=&#8220;ZUGRIFF VON \u00dcBERALL&#8220; txt_align=&#8220;center&#8220; add_icon=&#8220;top&#8220; i_type=&#8220;entypo&#8220; i_icon_entypo=&#8220;entypo-icon entypo-icon-location&#8220; i_color=&#8220;custom&#8220; i_size=&#8220;xl&#8220; i_css_animation=&#8220;fadeIn&#8220; css_animation=&#8220;fadeInUpBig&#8220; i_custom_color=&#8220;#005eb8&#8243;]<span id=\"hs_cos_wrapper_module_14914017659592363\" class=\"hs_cos_wrapper hs_cos_wrapper_widget_container hs_cos_wrapper_type_widget_container\" data-hs-cos-general-type=\"widget_container\" data-hs-cos-type=\"widget_container\">Sie sind viel unterwegs? Auf Reisen? Oder m\u00fcssen direkt beim Kunden auf Ihre Daten zugreifen? F\u00fcr den Zugriff auf die Mago Cloud ben\u00f6tigen Sie nur eine Internetverbindung!<\/span>[\/vc_cta][\/vc_column_inner][vc_column_inner width=&#8220;1\/3&#8243;][vc_cta h2=&#8220;INTERNATIONAL&#8220; txt_align=&#8220;center&#8220; add_icon=&#8220;top&#8220; i_type=&#8220;entypo&#8220; i_icon_entypo=&#8220;entypo-icon entypo-icon-globe&#8220; i_color=&#8220;custom&#8220; i_size=&#8220;xl&#8220; i_css_animation=&#8220;fadeIn&#8220; css_animation=&#8220;fadeInUpBig&#8220; i_custom_color=&#8220;#005eb8&#8243;]Mehrsprachig, mehrw\u00e4hrungsf\u00e4hig und f\u00fcr viele L\u00e4nder fiskalisiert. Die grundlegende Konzeption von Mago Cloud erm\u00f6glicht die einfache Erweiterung um zus\u00e4tzliche L\u00e4nder.[\/vc_cta][\/vc_column_inner][\/vc_row_inner][vc_row_inner][vc_column_inner width=&#8220;1\/3&#8243;][vc_cta h2=&#8220;F\u00dcR VIELE BRANCHEN&#8220; txt_align=&#8220;center&#8220; add_icon=&#8220;top&#8220; i_type=&#8220;entypo&#8220; i_icon_entypo=&#8220;entypo-icon entypo-icon-thumbs-up&#8220; i_color=&#8220;custom&#8220; i_size=&#8220;xl&#8220; i_css_animation=&#8220;fadeIn&#8220; css_animation=&#8220;fadeInUpBig&#8220; i_custom_color=&#8220;#005eb8&#8243;]<span id=\"hs_cos_wrapper_module_14914017659592363\" class=\"hs_cos_wrapper hs_cos_wrapper_widget_container hs_cos_wrapper_type_widget_container\" data-hs-cos-general-type=\"widget_container\" data-hs-cos-type=\"widget_container\">Unterschiedliche Funktionen f\u00fcr viele Branchen.<br \/>\n<\/span>[\/vc_cta][\/vc_column_inner][vc_column_inner width=&#8220;1\/3&#8243;][vc_cta h2=&#8220;MOBILE DEVICES&#8220; txt_align=&#8220;center&#8220; add_icon=&#8220;top&#8220; i_type=&#8220;entypo&#8220; i_icon_entypo=&#8220;entypo-icon entypo-icon-mobile&#8220; i_color=&#8220;custom&#8220; i_size=&#8220;xl&#8220; i_css_animation=&#8220;fadeIn&#8220; css_animation=&#8220;fadeInUpBig&#8220; i_custom_color=&#8220;#005eb8&#8243;]<span id=\"hs_cos_wrapper_module_14914017659592363\" class=\"hs_cos_wrapper hs_cos_wrapper_widget_container hs_cos_wrapper_type_widget_container\" data-hs-cos-general-type=\"widget_container\" data-hs-cos-type=\"widget_container\">Erm\u00f6glicht dem Anwender einen 24\/7 Zugriff von vielen Endger\u00e4ten<\/span>[\/vc_cta][\/vc_column_inner][vc_column_inner width=&#8220;1\/3&#8243;][vc_cta h2=&#8220;SCHNELL UND EINFACH&#8220; txt_align=&#8220;center&#8220; add_icon=&#8220;top&#8220; i_type=&#8220;entypo&#8220; i_icon_entypo=&#8220;entypo-icon entypo-icon-rocket&#8220; i_color=&#8220;custom&#8220; i_size=&#8220;xl&#8220; i_css_animation=&#8220;fadeIn&#8220; css_animation=&#8220;fadeInUpBig&#8220; i_custom_color=&#8220;#005eb8&#8243;]<span id=\"hs_cos_wrapper_module_14914017659592363\" class=\"hs_cos_wrapper hs_cos_wrapper_widget_container hs_cos_wrapper_type_widget_container\" data-hs-cos-general-type=\"widget_container\" data-hs-cos-type=\"widget_container\">In k\u00fcrzester Zeit einsatzbereit und nutzbar<\/span>[\/vc_cta][\/vc_column_inner][\/vc_row_inner][\/vc_column][\/vc_row][vc_row][vc_column]<div class=\"porto-block\" data-id=\"18555\"><style>.vc_custom_1581075535106{margin-top: 40px !important;margin-bottom: 40px !important;background-color: #ffc72c !important;background-position: 0 0 !important;background-repeat: no-repeat !important;}.vc_custom_1581075568542{padding-top: 50px !important;padding-right: 50px !important;padding-bottom: 50px !important;padding-left: 100px !important;}.vc_custom_1581075579749{padding-top: 50px !important;padding-right: 100px !important;padding-bottom: 50px !important;padding-left: 50px !important;}<\/style>[vc_row full_width=\"stretch_row_content\" equal_height=\"yes\" content_placement=\"middle\" wrap_container=\"yes\" css=\".vc_custom_1581075535106{margin-top: 40px !important;margin-bottom: 40px !important;background-color: #ffc72c !important;background-position: 0 0 !important;background-repeat: no-repeat !important;}\" el_class=\"bg-img-cover\"][vc_column width=\"2\/3\" animation_type=\"fadeIn\" css=\".vc_custom_1581075568542{padding-top: 50px !important;padding-right: 50px !important;padding-bottom: 50px !important;padding-left: 100px !important;}\"][vc_custom_heading text=\"Entdecken Sie MagoCloud!\" use_theme_fonts=\"yes\"][vc_empty_space height=\"20px\"][vc_custom_heading text=\"Vom ersten Kontakt bis zum Auftragseingang: Keine aufwendige Individualentwicklung, keinerlei Integration notwendig. Alles in einer Software!\" font_container=\"tag:p|font_size:18|text_align:left\" use_theme_fonts=\"yes\"][\/vc_column][vc_column width=\"1\/3\" css=\".vc_custom_1581075579749{padding-top: 50px !important;padding-right: 100px !important;padding-bottom: 50px !important;padding-left: 50px !important;}\"][vc_btn title=\"Kontakt\" style=\"custom\" custom_background=\"#005eb8\" custom_text=\"#ffffff\" shape=\"rounded\" size=\"xl\" align=\"center\" link=\"url:https%3A%2F%2Fmago.cloud%2Fde%2Fkontaktieren-sie-uns|title:Kontakt|target:_blank\" el_class=\"buttonStyle\"][\/vc_column][\/vc_row]<\/div>[\/vc_column][\/vc_row][vc_row full_width=&#8220;stretch_row_content&#8220; equal_height=&#8220;yes&#8220; content_placement=&#8220;middle&#8220; wrap_container=&#8220;yes&#8220; css=&#8220;.vc_custom_1582121406434{margin-top: 40px !important;background: #ffffff url(https:\/\/mago.cloud\/wp-content\/uploads\/2020\/02\/MagoCloud.jpg?id=14314) !important;background-position: 0 0 !important;background-repeat: no-repeat !important;}&#8220; el_class=&#8220;bg-img-cover&#8220;][vc_column animation_type=&#8220;fadeIn&#8220;]<div class=\"porto-block\" data-id=\"18556\"><style>.vc_custom_1717596683695{padding-top: 50px !important;padding-right: 50px !important;padding-bottom: 50px !important;padding-left: 50px !important;}.wpb_custom_ab3c06935b22e757d9ab4d573cfe1562.porto-u-heading .porto-u-main-heading > *{font-weight:600;font-size:38px;}.testoBordato { text-shadow: -1px 0 #000, 0 1px #000, 1px 0 #000, 0 -1px #000 !important;}<\/style>[vc_row full_width=\"stretch_row_content\" wrap_container=\"yes\" equal_height=\"yes\" content_placement=\"middle\" disable_element=\"yes\" el_class=\"bg-img-cover\" conditional_render=\"%5B%7B%22value_role%22%3A%22administrator%22%7D%5D\"][vc_column animation_type=\"fadeIn\"][vc_empty_space][vc_custom_heading text=\"Wir sind f\u00fcr Sie da!<br \/>\r\nSchildern Sie uns Ihr Problem, wir bieten die L\u00f6sung.\" font_container=\"tag:h1|text_align:center|color:%23ffffff\" use_theme_fonts=\"yes\" text_transform=\"text-uppercase\" el_class=\"testoBordato\"][vc_row_inner][vc_column_inner width=\"1\/3\"][\/vc_column_inner][vc_column_inner width=\"1\/3\"][\/vc_column_inner][vc_column_inner width=\"1\/3\"][\/vc_column_inner][\/vc_row_inner][\/vc_column][\/vc_row][vc_row full_width=\"stretch_row_content\" wrap_container=\"yes\" equal_height=\"yes\" content_placement=\"middle\" parallax=\"content-moving\" el_class=\"bg-img-cover\" conditional_render=\"%5B%7B%22value_role%22%3A%22administrator%22%7D%5D\" css=\".vc_custom_1717596683695{padding-top: 50px !important;padding-right: 50px !important;padding-bottom: 50px !important;padding-left: 50px !important;}\"][vc_column animation_type=\"fadeIn\" conditional_render=\"%5B%7B%22value_role%22%3A%22administrator%22%7D%5D\"]<div class=\"porto-u-heading  wpb_custom_ab3c06935b22e757d9ab4d573cfe1562 porto-u-55ca8359258f9a412be7e73af65d2aac \"><div class=\"porto-u-main-heading\"><h2   style=\"color:#ffffff;\">Erz\u00e4hlen Sie uns von dem Managementprojekt, an dem Sie arbeiten<\/h2><\/div><style>.porto-u-55ca8359258f9a412be7e73af65d2aac.porto-u-heading{text-align:center}<\/style><\/div>[vc_empty_space][vc_row_inner][vc_column_inner width=\"1\/2\"][vc_btn title=\"Demo\" style=\"custom\" custom_background=\"#005eb8\" custom_text=\"#ffffff\" size=\"xl\" align=\"center\" link=\"url:https%3A%2F%2Fmago.cloud%2Fde%2Fdemo-anfordern|title:Demo\" el_class=\"buttonStyle\"][\/vc_column_inner][vc_column_inner width=\"1\/2\"][vc_btn title=\"Kontakt\" style=\"custom\" custom_background=\"#005eb8\" custom_text=\"#ffffff\" size=\"xl\" align=\"center\" link=\"url:https%3A%2F%2Fmago.cloud%2Fde%2Fkontaktieren-sie-uns|title:Kontakt|target:_blank\" el_class=\"buttonStyle\"][\/vc_column_inner][\/vc_row_inner][\/vc_column][\/vc_row]<\/div>[\/vc_column][\/vc_row]\n<\/div>","protected":false},"excerpt":{"rendered":"<p>[vc_row full_width=&#8220;stretch_row&#8220; equal_height=&#8220;yes&#8220; content_placement=&#8220;middle&#8220; wrap_container=&#8220;yes&#8220; css=&#8220;.vc_custom_1526655567506{margin-bottom: 40px !important;background-color: #ffffff !important;background-position: 0 0 !important;background-repeat: no-repeat !important;}&#8220; el_class=&#8220;bg-img-cover&#8220;][vc_column animation_type=&#8220;fadeIn&#8220;][rev_slider_vc alias=&#8220;de_c_cloudtemplate&#8220;][\/vc_column][\/vc_row][vc_row full_width=&#8220;stretch_row&#8220; wrap_container=&#8220;yes&#8220; text_align=&#8220;left&#8220; remove_margin_top=&#8220;yes&#8220; remove_margin_bottom=&#8220;yes&#8220; remove_border=&#8220;yes&#8220; css=&#8220;.vc_custom_1525957325142{margin-top: 20px !important;margin-right: 0px !important;margin-bottom: 0px !important;margin-left: 0px !important;border-top-width: 0px !important;border-right-width: 0px !important;border-bottom-width: 0px !important;border-left-width: 0px !important;padding-top: 0px !important;padding-right: 0px !important;padding-bottom: 40px !important;padding-left: 0px !important;}&#8220; el_class=&#8220;bg-custom-color-1&#8243;][vc_column][vc_custom_heading text=&#8220;Mago Cloud ist eine native [&hellip;]<\/p>\n","protected":false},"author":4,"featured_media":0,"parent":0,"menu_order":0,"comment_status":"closed","ping_status":"closed","template":"","meta":{"footnotes":""},"class_list":["post-17376","page","type-page","status-publish","hentry"],"yoast_head":"<!-- This site is optimized with the Yoast SEO plugin v27.3 - https:\/\/yoast.com\/product\/yoast-seo-wordpress\/ -->\n<title>MagoCloud - MagoCloud ERP<\/title>\n<meta name=\"robots\" content=\"index, follow, max-snippet:-1, max-image-preview:large, max-video-preview:-1\" \/>\n<link rel=\"canonical\" href=\"https:\/\/mago.cloud\/de\/magocloud\" \/>\n<meta property=\"og:locale\" content=\"de_DE\" \/>\n<meta property=\"og:type\" content=\"article\" \/>\n<meta property=\"og:title\" content=\"MagoCloud - MagoCloud ERP\" \/>\n<meta property=\"og:description\" content=\"[vc_row full_width=&#8220;stretch_row&#8220; equal_height=&#8220;yes&#8220; content_placement=&#8220;middle&#8220; wrap_container=&#8220;yes&#8220; css=&#8220;.vc_custom_1526655567506{margin-bottom: 40px !important;background-color: #ffffff !important;background-position: 0 0 !important;background-repeat: no-repeat !important;}&#8220; el_class=&#8220;bg-img-cover&#8220;][vc_column animation_type=&#8220;fadeIn&#8220;][rev_slider_vc alias=&#8220;de_c_cloudtemplate&#8220;][\/vc_column][\/vc_row][vc_row full_width=&#8220;stretch_row&#8220; wrap_container=&#8220;yes&#8220; text_align=&#8220;left&#8220; remove_margin_top=&#8220;yes&#8220; remove_margin_bottom=&#8220;yes&#8220; remove_border=&#8220;yes&#8220; css=&#8220;.vc_custom_1525957325142{margin-top: 20px !important;margin-right: 0px !important;margin-bottom: 0px !important;margin-left: 0px !important;border-top-width: 0px !important;border-right-width: 0px !important;border-bottom-width: 0px !important;border-left-width: 0px !important;padding-top: 0px !important;padding-right: 0px !important;padding-bottom: 40px !important;padding-left: 0px !important;}&#8220; el_class=&#8220;bg-custom-color-1&#8243;][vc_column][vc_custom_heading text=&#8220;Mago Cloud ist eine native [&hellip;]\" \/>\n<meta property=\"og:url\" content=\"https:\/\/mago.cloud\/de\/magocloud\" \/>\n<meta property=\"og:site_name\" content=\"MagoCloud ERP\" \/>\n<meta property=\"article:publisher\" content=\"https:\/\/www.facebook.com\/Zucchetti-Worldwide-799895010175846\/\" \/>\n<meta property=\"article:modified_time\" content=\"2022-10-18T08:52:59+00:00\" \/>\n<meta name=\"twitter:card\" content=\"summary_large_image\" \/>\n<meta name=\"twitter:site\" content=\"@ZucchettiWorld\" \/>\n<meta name=\"twitter:label1\" content=\"Gesch\u00e4tzte Lesezeit\" \/>\n\t<meta name=\"twitter:data1\" content=\"2\u00a0Minuten\" \/>\n<script type=\"application\/ld+json\" class=\"yoast-schema-graph\">{\"@context\":\"https:\\\/\\\/schema.org\",\"@graph\":[{\"@type\":\"WebPage\",\"@id\":\"https:\\\/\\\/mago.cloud\\\/de\\\/magocloud\",\"url\":\"https:\\\/\\\/mago.cloud\\\/de\\\/magocloud\",\"name\":\"MagoCloud - MagoCloud ERP\",\"isPartOf\":{\"@id\":\"https:\\\/\\\/mago.cloud\\\/de#website\"},\"datePublished\":\"2021-12-15T11:13:07+00:00\",\"dateModified\":\"2022-10-18T08:52:59+00:00\",\"breadcrumb\":{\"@id\":\"https:\\\/\\\/mago.cloud\\\/de\\\/magocloud#breadcrumb\"},\"inLanguage\":\"de\",\"potentialAction\":[{\"@type\":\"ReadAction\",\"target\":[\"https:\\\/\\\/mago.cloud\\\/de\\\/magocloud\"]}]},{\"@type\":\"BreadcrumbList\",\"@id\":\"https:\\\/\\\/mago.cloud\\\/de\\\/magocloud#breadcrumb\",\"itemListElement\":[{\"@type\":\"ListItem\",\"position\":1,\"name\":\"Home\",\"item\":\"https:\\\/\\\/mago.cloud\\\/de\"},{\"@type\":\"ListItem\",\"position\":2,\"name\":\"MagoCloud\"}]},{\"@type\":\"WebSite\",\"@id\":\"https:\\\/\\\/mago.cloud\\\/de#website\",\"url\":\"https:\\\/\\\/mago.cloud\\\/de\",\"name\":\"MagoCloud ERP\",\"description\":\"\",\"potentialAction\":[{\"@type\":\"SearchAction\",\"target\":{\"@type\":\"EntryPoint\",\"urlTemplate\":\"https:\\\/\\\/mago.cloud\\\/de?s={search_term_string}\"},\"query-input\":{\"@type\":\"PropertyValueSpecification\",\"valueRequired\":true,\"valueName\":\"search_term_string\"}}],\"inLanguage\":\"de\"}]}<\/script>\n<!-- \/ Yoast SEO plugin. -->","yoast_head_json":{"title":"MagoCloud - MagoCloud ERP","robots":{"index":"index","follow":"follow","max-snippet":"max-snippet:-1","max-image-preview":"max-image-preview:large","max-video-preview":"max-video-preview:-1"},"canonical":"https:\/\/mago.cloud\/de\/magocloud","og_locale":"de_DE","og_type":"article","og_title":"MagoCloud - MagoCloud ERP","og_description":"[vc_row full_width=&#8220;stretch_row&#8220; equal_height=&#8220;yes&#8220; content_placement=&#8220;middle&#8220; wrap_container=&#8220;yes&#8220; css=&#8220;.vc_custom_1526655567506{margin-bottom: 40px !important;background-color: #ffffff !important;background-position: 0 0 !important;background-repeat: no-repeat !important;}&#8220; el_class=&#8220;bg-img-cover&#8220;][vc_column animation_type=&#8220;fadeIn&#8220;][rev_slider_vc alias=&#8220;de_c_cloudtemplate&#8220;][\/vc_column][\/vc_row][vc_row full_width=&#8220;stretch_row&#8220; wrap_container=&#8220;yes&#8220; text_align=&#8220;left&#8220; remove_margin_top=&#8220;yes&#8220; remove_margin_bottom=&#8220;yes&#8220; remove_border=&#8220;yes&#8220; css=&#8220;.vc_custom_1525957325142{margin-top: 20px !important;margin-right: 0px !important;margin-bottom: 0px !important;margin-left: 0px !important;border-top-width: 0px !important;border-right-width: 0px !important;border-bottom-width: 0px !important;border-left-width: 0px !important;padding-top: 0px !important;padding-right: 0px !important;padding-bottom: 40px !important;padding-left: 0px !important;}&#8220; el_class=&#8220;bg-custom-color-1&#8243;][vc_column][vc_custom_heading text=&#8220;Mago Cloud ist eine native [&hellip;]","og_url":"https:\/\/mago.cloud\/de\/magocloud","og_site_name":"MagoCloud ERP","article_publisher":"https:\/\/www.facebook.com\/Zucchetti-Worldwide-799895010175846\/","article_modified_time":"2022-10-18T08:52:59+00:00","twitter_card":"summary_large_image","twitter_site":"@ZucchettiWorld","twitter_misc":{"Gesch\u00e4tzte Lesezeit":"2\u00a0Minuten"},"schema":{"@context":"https:\/\/schema.org","@graph":[{"@type":"WebPage","@id":"https:\/\/mago.cloud\/de\/magocloud","url":"https:\/\/mago.cloud\/de\/magocloud","name":"MagoCloud - MagoCloud ERP","isPartOf":{"@id":"https:\/\/mago.cloud\/de#website"},"datePublished":"2021-12-15T11:13:07+00:00","dateModified":"2022-10-18T08:52:59+00:00","breadcrumb":{"@id":"https:\/\/mago.cloud\/de\/magocloud#breadcrumb"},"inLanguage":"de","potentialAction":[{"@type":"ReadAction","target":["https:\/\/mago.cloud\/de\/magocloud"]}]},{"@type":"BreadcrumbList","@id":"https:\/\/mago.cloud\/de\/magocloud#breadcrumb","itemListElement":[{"@type":"ListItem","position":1,"name":"Home","item":"https:\/\/mago.cloud\/de"},{"@type":"ListItem","position":2,"name":"MagoCloud"}]},{"@type":"WebSite","@id":"https:\/\/mago.cloud\/de#website","url":"https:\/\/mago.cloud\/de","name":"MagoCloud ERP","description":"","potentialAction":[{"@type":"SearchAction","target":{"@type":"EntryPoint","urlTemplate":"https:\/\/mago.cloud\/de?s={search_term_string}"},"query-input":{"@type":"PropertyValueSpecification","valueRequired":true,"valueName":"search_term_string"}}],"inLanguage":"de"}]}},"_links":{"self":[{"href":"https:\/\/mago.cloud\/de\/wp-json\/wp\/v2\/pages\/17376","targetHints":{"allow":["GET"]}}],"collection":[{"href":"https:\/\/mago.cloud\/de\/wp-json\/wp\/v2\/pages"}],"about":[{"href":"https:\/\/mago.cloud\/de\/wp-json\/wp\/v2\/types\/page"}],"author":[{"embeddable":true,"href":"https:\/\/mago.cloud\/de\/wp-json\/wp\/v2\/users\/4"}],"replies":[{"embeddable":true,"href":"https:\/\/mago.cloud\/de\/wp-json\/wp\/v2\/comments?post=17376"}],"version-history":[{"count":11,"href":"https:\/\/mago.cloud\/de\/wp-json\/wp\/v2\/pages\/17376\/revisions"}],"predecessor-version":[{"id":18650,"href":"https:\/\/mago.cloud\/de\/wp-json\/wp\/v2\/pages\/17376\/revisions\/18650"}],"wp:attachment":[{"href":"https:\/\/mago.cloud\/de\/wp-json\/wp\/v2\/media?parent=17376"}],"curies":[{"name":"wp","href":"https:\/\/api.w.org\/{rel}","templated":true}]}}