{"id":17303,"date":"2021-12-01T16:11:30","date_gmt":"2021-12-01T15:11:30","guid":{"rendered":"https:\/\/mago.cloud\/mago-e-commerce"},"modified":"2022-08-10T15:33:07","modified_gmt":"2022-08-10T13:33:07","slug":"mago-e-commerce","status":"publish","type":"page","link":"https:\/\/mago.cloud\/de\/funktionen-tools\/mago-e-commerce","title":{"rendered":"Mago e-Commerce"},"content":{"rendered":"<div class=\"wpb-content-wrapper\">[vc_row][vc_column]\n\t\t\t<!-- START DE_Mago eCommerce REVOLUTION SLIDER 6.7.39 --><p class=\"rs-p-wp-fix\"><\/p>\n\t\t\t<rs-module-wrap id=\"rev_slider_288_1_wrapper\" data-source=\"gallery\" style=\"visibility:hidden;background:transparent;padding:0;margin:0px auto;margin-top:0;margin-bottom:0;\">\n\t\t\t\t<rs-module id=\"rev_slider_288_1\" style=\"\" data-version=\"6.7.39\">\n\t\t\t\t\t<rs-slides style=\"overflow: hidden; position: absolute;\">\n\t\t\t\t\t\t<rs-slide style=\"position: absolute;\" data-key=\"rs-372\" data-title=\"Slide\" data-duration=\"18040\" data-anim=\"r:0;\" data-in=\"o:1;\" data-out=\"o:1;\">\n\t\t\t\t\t\t\t<img decoding=\"async\" src=\"\/\/mago.cloud\/wp-content\/plugins\/revslider\/sr6\/assets\/assets\/dummy.png\" alt=\"\" title=\"header-mago-ecommerce-\" width=\"1024\" height=\"683\" class=\"rev-slidebg tp-rs-img rs-lazyload\" data-lazyload=\"\/\/mago.cloud\/wp-content\/uploads\/2021\/01\/header-mago-ecommerce-.jpg\" data-bg=\"p:center top;\" data-no-retina>\n<!--\n\t\t\t\t\t\t\t--><h2\n\t\t\t\t\t\t\t\tid=\"slider-288-slide-372-layer-8\" \n\t\t\t\t\t\t\t\tclass=\"rs-layer\"\n\t\t\t\t\t\t\t\tdata-type=\"text\"\n\t\t\t\t\t\t\t\tdata-color=\"rgba(0, 0, 0, 1)||rgba(0, 0, 0, 1)||rgba(0, 0, 0, 1)||rgba(85, 85, 85, 1)\"\n\t\t\t\t\t\t\t\tdata-rsp_ch=\"on\"\n\t\t\t\t\t\t\t\tdata-xy=\"x:c;xo:268px,4px,0,0;yo:389px,447px,578px,397px;\"\n\t\t\t\t\t\t\t\tdata-text=\"s:40,40,40,27;l:40,40,40,30;fw:300;\"\n\t\t\t\t\t\t\t\tdata-frame_0=\"tp:600;\"\n\t\t\t\t\t\t\t\tdata-frame_1=\"tp:600;sR:10;\"\n\t\t\t\t\t\t\t\tdata-frame_999=\"o:0;tp:600;st:w;sR:17730;\"\n\t\t\t\t\t\t\t\tstyle=\"z-index:9;font-family:'Raleway';\"\n\t\t\t\t\t\t\t>Optimale Verwaltung Ihres Online Shops \n\t\t\t\t\t\t\t<\/h2><!--\n\n\t\t\t\t\t\t\t--><rs-layer\n\t\t\t\t\t\t\t\tid=\"slider-288-slide-372-layer-14\" \n\t\t\t\t\t\t\t\tclass=\"tp-shape tp-shapewrapper\"\n\t\t\t\t\t\t\t\tdata-type=\"shape\"\n\t\t\t\t\t\t\t\tdata-rsp_ch=\"on\"\n\t\t\t\t\t\t\t\tdata-xy=\"x:l,c,c,c;xo:780px,0,0,0;yo:372px,425px,555px,375px;\"\n\t\t\t\t\t\t\t\tdata-text=\"a:inherit;\"\n\t\t\t\t\t\t\t\tdata-dim=\"w:893px,667px,644px,441px;h:84,93,92,79;\"\n\t\t\t\t\t\t\t\tdata-border=\"bor:10px,10px,10px,10px;\"\n\t\t\t\t\t\t\t\tdata-frame_0=\"tp:600;\"\n\t\t\t\t\t\t\t\tdata-frame_1=\"tp:600;sR:10;\"\n\t\t\t\t\t\t\t\tdata-frame_999=\"o:0;tp:600;st:w;sR:17730;\"\n\t\t\t\t\t\t\t\tstyle=\"z-index:8;background-color:rgba(255,255,255,0.9);\"\n\t\t\t\t\t\t\t> \n\t\t\t\t\t\t\t<\/rs-layer><!--\n-->\t\t\t\t\t<\/rs-slide>\n\t\t\t\t\t<\/rs-slides>\n\t\t\t\t\t<rs-static-layers><!--\n\t\t\t\t\t--><\/rs-static-layers>\n\t\t\t\t<\/rs-module>\n\t\t\t\t<script>\n\t\t\t\t\tsetREVStartSize({c: 'rev_slider_288_1',rl:[1240,1024,778,480],el:[500,768,960,720],gw:[1920,1024,778,480],gh:[500,768,960,720],type:'hero',justify:'',layout:'fullwidth',mh:\"0\"});if (window.RS_MODULES!==undefined && window.RS_MODULES.modules!==undefined && window.RS_MODULES.modules[\"revslider2881\"]!==undefined) {window.RS_MODULES.modules[\"revslider2881\"].once = false;window.revapi288 = undefined;if (window.RS_MODULES.checkMinimal!==undefined) window.RS_MODULES.checkMinimal()}\n\t\t\t\t<\/script>\n\t\t\t<\/rs-module-wrap>\n\t\t\t<!-- END REVOLUTION SLIDER -->\n[\/vc_column][\/vc_row][vc_row full_width=&#8220;stretch_row&#8220; wrap_container=&#8220;yes&#8220; text_align=&#8220;left&#8220; remove_margin_top=&#8220;yes&#8220; remove_margin_bottom=&#8220;yes&#8220; remove_border=&#8220;yes&#8220; el_class=&#8220;bg-custom-color-1&#8243; css=&#8220;.vc_custom_1611844477080{margin-top: 20px !important;padding-bottom: 40px !important;}&#8220;][vc_column][vc_column_text]\n<h1 style=\"text-align: left;\">Nutzen Sie die Vorteile einer vollst\u00e4ndigen Integration Ihrer e-Commerce-L\u00f6sung mit MagoCloud ERP.<\/h1>\n[\/vc_column_text][vc_empty_space height=&#8220;16px&#8220;][vc_column_text]\n<p style=\"text-align: left;\"><span style=\"font-size: 18px;\">Verwalten Sie Artikel- und Kundenstammdaten, Bestellungen und alle Lagerprozesse integriert und automatisiert mit Mago e-Commerce.<br \/>\nEffizienz, Zeitersparnis und eine au\u00dfergew\u00f6hnliche Benutzererfahrung f\u00fcr Ihre Kunden &#8211; Mago e-Commerce ist die beste L\u00f6sung, um Ihre Produkte online zu verkaufen und Ihr nachhaltig zu wachsen. Mago e-Commerce ist eine <strong>Java-basierte E-Commerce-Softwareplattform<\/strong>, die sich durch das <strong>modulare System und Flexibilit\u00e4t<\/strong> f\u00fcr B2C- und B2B-Gesch\u00e4ftsmodelle und die Bed\u00fcrfnisse vieler Branchen (Mode, Dienstleistungen, Lebensmittel usw.) eignet.<\/span><\/p>\n[\/vc_column_text][vc_empty_space][\/vc_column][\/vc_row][vc_row full_width=&#8220;stretch_row_content&#8220; css=&#8220;.vc_custom_1611844687077{padding-right: 2.5em !important;padding-bottom: 40px !important;padding-left: 3em !important;background-color: #ff9e1b !important;}&#8220;][vc_column width=&#8220;1\/5&#8243; css=&#8220;.vc_custom_1611846784287{margin-top: 2em !important;}&#8220;][vc_icon icon_fontawesome=&#8220;far fa-check-circle&#8220; color=&#8220;custom&#8220; size=&#8220;lg&#8220; custom_color=&#8220;#ffffff&#8220; el_class=&#8220;iconStyle&#8220;][vc_column_text]<span style=\"font-size: 24px; color: #ffffff;\">Die Vorteile von<\/span><br \/>\n<span style=\"color: #ffffff;\"><span style=\"font-size: 24px;\">Mago e-Commerce f\u00fcr Ihr Unternehmen<\/span><\/span>[\/vc_column_text][\/vc_column][vc_column width=&#8220;1\/5&#8243;][vc_icon icon_fontawesome=&#8220;far fa-check-circle&#8220; color=&#8220;custom&#8220; size=&#8220;lg&#8220; custom_color=&#8220;#ffffff&#8220; el_class=&#8220;iconStyle&#8220;][vc_column_text]<span style=\"color: #ffffff; font-size: 20px;\">VOLL INTEGRIERT<\/span><br \/>\n<span style=\"font-size: 20px; color: #ffffff;\">mit Ihrer MagoCloud ERP<\/span>[\/vc_column_text][\/vc_column][vc_column width=&#8220;1\/5&#8243;][vc_icon icon_fontawesome=&#8220;far fa-check-circle&#8220; color=&#8220;custom&#8220; size=&#8220;lg&#8220; custom_color=&#8220;#ffffff&#8220; el_class=&#8220;iconStyle&#8220;][vc_column_text]<span style=\"color: #ffffff; font-size: 20px;\">JAVA-BASIEREND<\/span><br \/>\n<span style=\"font-size: 20px; color: #ffffff;\">e-Commerce-Softwareplattform<\/span>[\/vc_column_text][\/vc_column][vc_column width=&#8220;1\/5&#8243;][vc_icon icon_fontawesome=&#8220;far fa-check-circle&#8220; color=&#8220;custom&#8220; size=&#8220;lg&#8220; custom_color=&#8220;#ffffff&#8220; el_class=&#8220;iconStyle&#8220;][vc_column_text]<span style=\"color: #ffffff; font-size: 20px;\">EINFACHER DATENAUSTAUSCH<\/span><br \/>\n<span style=\"font-size: 20px; color: #ffffff;\">mit Drittsystemen \u00fcber API<\/span>[\/vc_column_text][\/vc_column][vc_column width=&#8220;1\/5&#8243;][vc_icon icon_fontawesome=&#8220;far fa-check-circle&#8220; color=&#8220;custom&#8220; size=&#8220;lg&#8220; custom_color=&#8220;#ffffff&#8220; el_class=&#8220;iconStyle&#8220;][vc_column_text]<span style=\"color: #ffffff; font-size: 20px;\">OPTIMAL<\/span><br \/>\n<span style=\"font-size: 20px; color: #ffffff;\">f\u00fcr B2C- und B2B-Gesch\u00e4ftsmodelle<\/span>[\/vc_column_text][\/vc_column][\/vc_row][vc_row full_width=&#8220;stretch_row&#8220; wrap_container=&#8220;yes&#8220;][vc_column][vc_empty_space][vc_column_text]\n<h2 class=\"page-title\" style=\"text-align: left;\"><strong>Verwalten Sie Auftr\u00e4ge effizient und zeitsparend<\/strong><\/h2>\n[\/vc_column_text][vc_empty_space height=&#8220;10px&#8220;][vc_column_text]\n<p style=\"text-align: left;\"><span style=\"font-size: 18px;\">Online-Auftr\u00e4ge Ihrer Kunden werden sofort in Ihrem MagoCloud ERP angelegt. Dadurch ist Ihr Lager sofort aktualisiert und die Best\u00e4nde sowie Reservierungen passen. <strong>Der Datenabgleich in Echtzeit<\/strong> erm\u00f6glicht es Ihnen, Informationen zu Artikeln, Einzelhandelskategorien, Kundendetails, aufgegebenen Bestellungen und auch die Lagerverf\u00fcgbarkeit immer aktuell zu halten.<\/span><\/p>\n[\/vc_column_text][vc_empty_space][vc_column_text]\n<h2 class=\"page-title\" style=\"text-align: left;\"><strong>Einfache Bereitstellung von Online-Artikeln und Kundenpreislisten<\/strong><\/h2>\n[\/vc_column_text][vc_empty_space height=&#8220;10px&#8220;][vc_column_text]\n<p style=\"text-align: left;\"><span style=\"font-size: 18px;\">Artikel, Beschreibungen, Kategorien und viele weitere Zusatzinformationen k\u00f6nnen einfach in MagoCloud aktualisiert und in Echtzeit an Ihren e-Commerce \u00fcbertragen werden.<br \/>\nSie entscheiden, welche Produkte Sie online verkaufen m\u00f6chten, indem <strong>Sie einfach spezielle Sortimente in MagoCloud erstellen<\/strong> und Zusatzinformationen wie zum Beispiel Cross- oder Up-Selling-Verkn\u00fcpfungen hinterlegen. Erf\u00fcllen die Stammdaten die Voraussetzungen und Datenpr\u00fcfungen, werden sie direkt mit dem e-Commerce-System abgeglichen und die Artikel k\u00f6nnen direkt verkauft werden.<br \/>\nSpezielle Kundenpreise oder Kundenrabatte k\u00f6nnen \u00fcber <strong>spezielle Kundenpreislisten<\/strong> im e-Commerce-System realisiert werden: Einmal in MagoCloud eingerichtet und dem Kunden zugewiesen, gelten diese Preise \u00fcberall. Meldet sich Ihr Kunde im e-Commerce-System an, so sieht er direkt und ausschlie\u00dflich die f\u00fcr ihn g\u00fcltigen Preise.<br \/>\n<\/span><\/p>\n[\/vc_column_text][vc_empty_space][vc_column_text]\n<h2 class=\"page-title\" style=\"text-align: left;\"><strong>Gestalten Sie Ihren Online-Shop genau so, wie Sie es sich w\u00fcnschen<\/strong><\/h2>\n[\/vc_column_text][vc_empty_space height=&#8220;10px&#8220;][vc_column_text]\n<p style=\"text-align: left;\"><span style=\"font-size: 18px;\">Das <strong>Layout<\/strong> von Mago e-Commerce ist <strong>vollst\u00e4ndig anpassbar.<\/strong> Mit Ihrem Mago e-Commerce Partner k\u00f6nnen Sie ganz einfach Ihren Shop nach Ihren Bed\u00fcrfnissen gestalten. Das Standard-Layout von Mago e-Commerce ist direkt einsetzbar und kann mit Hilfe Ihres Partners recht einfach in der Benutzeroberfl\u00e4che umfassend angepasst werden. Werden <strong>weitere Funktionen f\u00fcr zust\u00e4zliche Prozesse<\/strong> ben\u00f6tigt, so k\u00f6nnen diese ganz einfach aktiviert werden. Der Datenaustausch und <strong>die Kommunikation mit Drittsystemen<\/strong> (Zahlungssysteme, Versand, CRM, etc.) \u00fcber API verl\u00e4uft einfach, transparent und schnell.<br \/>\n<\/span><\/p>\n[\/vc_column_text][vc_empty_space][vc_column_text]\n<h2 class=\"page-title\" style=\"text-align: left;\"><strong>Binden Sie Kunden in Ihre Omnichannel-Strategie ein<\/strong><\/h2>\n[\/vc_column_text][vc_empty_space height=&#8220;10px&#8220;][vc_column_text]\n<p style=\"text-align: left;\"><span style=\"font-size: 18px;\">Mago E-Commerce wurde entwickelt, um eine m\u00f6glichst <strong>einfache Benutzerf\u00fchrung<\/strong> f\u00fcr Ihre Kunden zu gew\u00e4hrleisten, unabh\u00e4ngig davon, welches Ger\u00e4t sie verwenden. Ihr Kunde kann vom Desktop aus Waren ausw\u00e4hlen und die Bestellung vom Handy aus abschlie\u00dfen, ohne Informationen zu verlieren.<br \/>\nSie k\u00f6nnen auf der Grundlage von <strong>Browsing-Informationen<\/strong> ma\u00dfgeschneiderte Angebote erstellen, um Ihren Kunden zu zeigen, was sie wirklich interessiert, oder sogar ihre W\u00fcnsche vorwegzunehmen.<br \/>\nDie interne <strong>Produktsuchfunktion <\/strong>wurde <strong>erweitert,<\/strong> um Ihren Kunden schnelle Antworten zu geben und Produkte und Dienstleistungen in dem Moment vorzuschlagen, in dem sie danach suchen.<br \/>\nMago E-Commerce unterst\u00fctzt zudem eine <strong>Vielzahl von Sprachen und W\u00e4hrungen,<\/strong> um auch international vertreten zu sein.<\/span><\/p>\n[\/vc_column_text][vc_empty_space][\/vc_column][\/vc_row][vc_row][vc_column]<div class=\"porto-block\" data-id=\"18581\">[vc_row][vc_column][vc_empty_space][vc_custom_heading text=\"MagoCloud steht f\u00fcr Flexibilit\u00e4t und Skalierbarkeit\" font_container=\"tag:h2|text_align:center\" google_fonts=\"font_family:Roboto%3A100%2C100italic%2C300%2C300italic%2Cregular%2Citalic%2C500%2C500italic%2C700%2C700italic%2C900%2C900italic|font_style:500%20bold%20regular%3A500%3Anormal\"][vc_empty_space][vc_row_inner animation_type=\"slideInUp\"][vc_column_inner width=\"1\/3\"][vc_cta h2=\"Mobile App\" txt_align=\"center\" style=\"custom\" add_icon=\"bottom\" i_type=\"entypo\" i_icon_entypo=\"entypo-icon entypo-icon-down-open-big\" i_color=\"custom\" i_background_style=\"rounded\" i_background_color=\"white\" i_size=\"sm\" custom_background=\"#005eb8\" custom_text=\"#ffffff\" i_custom_color=\"#005eb8\" i_link=\"url:https%3A%2F%2Fmago.cloud%2Fit%2Ffunzioni-strumenti%2Fmobile-app-per-mago|title:MagoCloud%20verbindet%20Vorteile%20mit%20voller%20Mobilit%C3%A4t\"]<\/p>\r\n<p style=\"text-align: center;\"><a href=\"https:\/\/mago.cloud\/functions-tools\/mobile-app-for-mago\"><span style=\"color: #ffffff;\">All the value of MagoCloud in full mobility<\/span><\/a><\/p>\r\n<p>[\/vc_cta][\/vc_column_inner][vc_column_inner width=\"1\/3\"][vc_cta h2=\"Funktions\u00fcbergreifend\" txt_align=\"center\" style=\"custom\" add_icon=\"bottom\" i_type=\"entypo\" i_icon_entypo=\"entypo-icon entypo-icon-down-open-big\" i_color=\"custom\" i_background_style=\"rounded\" i_background_color=\"white\" i_size=\"sm\" custom_background=\"#005eb8\" custom_text=\"#ffffff\" i_custom_color=\"#005eb8\" i_link=\"url:https%3A%2F%2Fmago.cloud%2Ffunctions-tools%2Fcross-functionalities|title:Profitieren%20Sie%20von%20den%20Vorteilen%20von%20MagoCloud\"]<\/p>\r\n<p style=\"text-align: center;\"><a href=\"https:\/\/mago.cloud\/functions-tools\/cross-functionalities\"><span style=\"color: #ffffff;\">Make the most of the benefits of MagoCloud<\/span><\/a><\/p>\r\n<p>[\/vc_cta][\/vc_column_inner][vc_column_inner width=\"1\/3\"][vc_cta h2=\"Tarife & Preise\" txt_align=\"center\" style=\"custom\" add_icon=\"bottom\" i_type=\"entypo\" i_icon_entypo=\"entypo-icon entypo-icon-down-open-big\" i_color=\"custom\" i_background_style=\"rounded\" i_background_color=\"white\" i_size=\"sm\" custom_background=\"#005eb8\" custom_text=\"#ffffff\" i_custom_color=\"#005eb8\" i_link=\"url:https%3A%2F%2Fstore.mago.cloud|title:Besuchen%20Sie%20den%20MagoCloud%20Store|target:_blank\"]<\/p>\r\n<p style=\"text-align: center;\"><a href=\"https:\/\/store.mago.cloud\"><span style=\"color: #ffffff;\">Visit the MagoCloud Store<\/span><\/a><\/p>\r\n<p>[\/vc_cta][\/vc_column_inner][\/vc_row_inner][\/vc_column][\/vc_row]<\/div>[\/vc_column][\/vc_row][vc_row][vc_column width=&#8220;1\/4&#8243;][vc_empty_space][\/vc_column][vc_column width=&#8220;1\/2&#8243;][vc_custom_heading text=&#8220;Benutzer, die diese Seite besuchen, haben auch nach&#8220; font_container=&#8220;tag:h2|text_align:center&#8220; google_fonts=&#8220;font_family:Roboto%3A100%2C100italic%2C300%2C300italic%2Cregular%2Citalic%2C500%2C500italic%2C700%2C700italic%2C900%2C900italic|font_style:400%20regular%3A400%3Anormal&#8220;][vc_empty_space][vc_column_text]\n<p style=\"text-align: center;\"><span style=\"font-size: 20px;\"><a href=\"https:\/\/mago.cloud\/de\/funktionen-tools\/store-management\">Store-Management-|<\/a> <a href=\"https:\/\/mago.cloud\/de\/magocloud-a-la-carte\">MagoCloud \u00e0 la carte<\/a> | <a href=\"https:\/\/mago.cloud\/de\/funktionen-tools\/mobile-app-fuer-mago\">Mobil<\/a><\/span><\/p>\n[\/vc_column_text][\/vc_column][vc_column width=&#8220;1\/4&#8243;][vc_empty_space][\/vc_column][\/vc_row][vc_row full_width=&#8220;stretch_row_content&#8220; equal_height=&#8220;yes&#8220; content_placement=&#8220;middle&#8220; wrap_container=&#8220;yes&#8220; el_class=&#8220;bg-img-cover&#8220; css=&#8220;.vc_custom_1611853961501{margin-top: 40px !important;background-image: url(https:\/\/mago.cloud\/wp-content\/uploads\/2021\/01\/header-mago-ecommerce-1-1.jpg?id=16260) !important;}&#8220;][vc_column]<div class=\"porto-block\" data-id=\"18556\"><style>.vc_custom_1717596683695{padding-top: 50px !important;padding-right: 50px !important;padding-bottom: 50px !important;padding-left: 50px !important;}.wpb_custom_ab3c06935b22e757d9ab4d573cfe1562.porto-u-heading .porto-u-main-heading > *{font-weight:600;font-size:38px;}.testoBordato { text-shadow: -1px 0 #000, 0 1px #000, 1px 0 #000, 0 -1px #000 !important;}<\/style>[vc_row full_width=\"stretch_row_content\" wrap_container=\"yes\" equal_height=\"yes\" content_placement=\"middle\" disable_element=\"yes\" el_class=\"bg-img-cover\" conditional_render=\"%5B%7B%22value_role%22%3A%22administrator%22%7D%5D\"][vc_column animation_type=\"fadeIn\"][vc_empty_space][vc_custom_heading text=\"Wir sind f\u00fcr Sie da!<br \/>\r\nSchildern Sie uns Ihr Problem, wir bieten die L\u00f6sung.\" font_container=\"tag:h1|text_align:center|color:%23ffffff\" use_theme_fonts=\"yes\" text_transform=\"text-uppercase\" el_class=\"testoBordato\"][vc_row_inner][vc_column_inner width=\"1\/3\"][\/vc_column_inner][vc_column_inner width=\"1\/3\"][\/vc_column_inner][vc_column_inner width=\"1\/3\"][\/vc_column_inner][\/vc_row_inner][\/vc_column][\/vc_row][vc_row full_width=\"stretch_row_content\" wrap_container=\"yes\" equal_height=\"yes\" content_placement=\"middle\" parallax=\"content-moving\" el_class=\"bg-img-cover\" conditional_render=\"%5B%7B%22value_role%22%3A%22administrator%22%7D%5D\" css=\".vc_custom_1717596683695{padding-top: 50px !important;padding-right: 50px !important;padding-bottom: 50px !important;padding-left: 50px !important;}\"][vc_column animation_type=\"fadeIn\" conditional_render=\"%5B%7B%22value_role%22%3A%22administrator%22%7D%5D\"]<div class=\"porto-u-heading  wpb_custom_ab3c06935b22e757d9ab4d573cfe1562 porto-u-55ca8359258f9a412be7e73af65d2aac \"><div class=\"porto-u-main-heading\"><h2   style=\"color:#ffffff;\">Erz\u00e4hlen Sie uns von dem Managementprojekt, an dem Sie arbeiten<\/h2><\/div><style>.porto-u-55ca8359258f9a412be7e73af65d2aac.porto-u-heading{text-align:center}<\/style><\/div>[vc_empty_space][vc_row_inner][vc_column_inner width=\"1\/2\"][vc_btn title=\"Demo\" style=\"custom\" custom_background=\"#005eb8\" custom_text=\"#ffffff\" size=\"xl\" align=\"center\" link=\"url:https%3A%2F%2Fmago.cloud%2Fde%2Fdemo-anfordern|title:Demo\" el_class=\"buttonStyle\"][\/vc_column_inner][vc_column_inner width=\"1\/2\"][vc_btn title=\"Kontakt\" style=\"custom\" custom_background=\"#005eb8\" custom_text=\"#ffffff\" size=\"xl\" align=\"center\" link=\"url:https%3A%2F%2Fmago.cloud%2Fde%2Fkontaktieren-sie-uns|title:Kontakt|target:_blank\" el_class=\"buttonStyle\"][\/vc_column_inner][\/vc_row_inner][\/vc_column][\/vc_row]<\/div>[\/vc_column][\/vc_row]\n<\/div>","protected":false},"excerpt":{"rendered":"<p>[vc_row][vc_column][\/vc_column][\/vc_row][vc_row full_width=&#8220;stretch_row&#8220; wrap_container=&#8220;yes&#8220; text_align=&#8220;left&#8220; remove_margin_top=&#8220;yes&#8220; remove_margin_bottom=&#8220;yes&#8220; remove_border=&#8220;yes&#8220; el_class=&#8220;bg-custom-color-1&#8243; css=&#8220;.vc_custom_1611844477080{margin-top: 20px !important;padding-bottom: 40px !important;}&#8220;][vc_column][vc_column_text] Nutzen Sie die Vorteile einer vollst\u00e4ndigen Integration Ihrer e-Commerce-L\u00f6sung mit MagoCloud ERP. [\/vc_column_text][vc_empty_space height=&#8220;16px&#8220;][vc_column_text] Verwalten Sie Artikel- und Kundenstammdaten, Bestellungen und alle Lagerprozesse integriert und automatisiert mit Mago e-Commerce. Effizienz, Zeitersparnis und eine au\u00dfergew\u00f6hnliche Benutzererfahrung f\u00fcr Ihre Kunden &#8211; Mago e-Commerce ist [&hellip;]<\/p>\n","protected":false},"author":4,"featured_media":0,"parent":17425,"menu_order":0,"comment_status":"closed","ping_status":"closed","template":"","meta":{"footnotes":""},"class_list":["post-17303","page","type-page","status-publish","hentry"],"yoast_head":"<!-- This site is optimized with the Yoast SEO plugin v27.3 - https:\/\/yoast.com\/product\/yoast-seo-wordpress\/ -->\n<title>Die e-Commerce-L\u00f6sung mit vollst\u00e4ndiger ERP-Integration!<\/title>\n<meta name=\"description\" content=\"Ihr Online-Shop nahtlos in Ihrer Cloud ERP integriert? Vereinfachen Sie die Verwaltung von Onnline-Auftr\u00e4gen, Stammdaten und Best\u00e4nden. Entdecken Sie Mago e-Commerce!\" \/>\n<meta name=\"robots\" content=\"index, follow, max-snippet:-1, max-image-preview:large, max-video-preview:-1\" \/>\n<link rel=\"canonical\" href=\"https:\/\/mago.cloud\/de\/funktionen-tools\/mago-e-commerce\" \/>\n<meta property=\"og:locale\" content=\"de_DE\" \/>\n<meta property=\"og:type\" content=\"article\" \/>\n<meta property=\"og:title\" content=\"Die e-Commerce-L\u00f6sung mit vollst\u00e4ndiger ERP-Integration!\" \/>\n<meta property=\"og:description\" content=\"Ihr Online-Shop nahtlos in Ihrer Cloud ERP integriert? Vereinfachen Sie die Verwaltung von Onnline-Auftr\u00e4gen, Stammdaten und Best\u00e4nden. Entdecken Sie Mago e-Commerce!\" \/>\n<meta property=\"og:url\" content=\"https:\/\/mago.cloud\/de\/funktionen-tools\/mago-e-commerce\" \/>\n<meta property=\"og:site_name\" content=\"MagoCloud ERP\" \/>\n<meta property=\"article:publisher\" content=\"https:\/\/www.facebook.com\/Zucchetti-Worldwide-799895010175846\/\" \/>\n<meta property=\"article:modified_time\" content=\"2022-08-10T13:33:07+00:00\" \/>\n<meta name=\"twitter:card\" content=\"summary_large_image\" \/>\n<meta name=\"twitter:site\" content=\"@ZucchettiWorld\" \/>\n<meta name=\"twitter:label1\" content=\"Gesch\u00e4tzte Lesezeit\" \/>\n\t<meta name=\"twitter:data1\" content=\"3\u00a0Minuten\" \/>\n<script type=\"application\/ld+json\" class=\"yoast-schema-graph\">{\"@context\":\"https:\\\/\\\/schema.org\",\"@graph\":[{\"@type\":\"WebPage\",\"@id\":\"https:\\\/\\\/mago.cloud\\\/de\\\/funktionen-tools\\\/mago-e-commerce\",\"url\":\"https:\\\/\\\/mago.cloud\\\/de\\\/funktionen-tools\\\/mago-e-commerce\",\"name\":\"Die e-Commerce-L\u00f6sung mit vollst\u00e4ndiger ERP-Integration!\",\"isPartOf\":{\"@id\":\"https:\\\/\\\/mago.cloud\\\/de#website\"},\"datePublished\":\"2021-12-01T15:11:30+00:00\",\"dateModified\":\"2022-08-10T13:33:07+00:00\",\"description\":\"Ihr Online-Shop nahtlos in Ihrer Cloud ERP integriert? Vereinfachen Sie die Verwaltung von Onnline-Auftr\u00e4gen, Stammdaten und Best\u00e4nden. Entdecken Sie Mago e-Commerce!\",\"breadcrumb\":{\"@id\":\"https:\\\/\\\/mago.cloud\\\/de\\\/funktionen-tools\\\/mago-e-commerce#breadcrumb\"},\"inLanguage\":\"de\",\"potentialAction\":[{\"@type\":\"ReadAction\",\"target\":[\"https:\\\/\\\/mago.cloud\\\/de\\\/funktionen-tools\\\/mago-e-commerce\"]}]},{\"@type\":\"BreadcrumbList\",\"@id\":\"https:\\\/\\\/mago.cloud\\\/de\\\/funktionen-tools\\\/mago-e-commerce#breadcrumb\",\"itemListElement\":[{\"@type\":\"ListItem\",\"position\":1,\"name\":\"Home\",\"item\":\"https:\\\/\\\/mago.cloud\\\/de\"},{\"@type\":\"ListItem\",\"position\":2,\"name\":\"Funktionen &amp; Tools\",\"item\":\"https:\\\/\\\/mago.cloud\\\/de\\\/funktionen-tools\"},{\"@type\":\"ListItem\",\"position\":3,\"name\":\"Mago e-Commerce\"}]},{\"@type\":\"WebSite\",\"@id\":\"https:\\\/\\\/mago.cloud\\\/de#website\",\"url\":\"https:\\\/\\\/mago.cloud\\\/de\",\"name\":\"MagoCloud ERP\",\"description\":\"\",\"potentialAction\":[{\"@type\":\"SearchAction\",\"target\":{\"@type\":\"EntryPoint\",\"urlTemplate\":\"https:\\\/\\\/mago.cloud\\\/de?s={search_term_string}\"},\"query-input\":{\"@type\":\"PropertyValueSpecification\",\"valueRequired\":true,\"valueName\":\"search_term_string\"}}],\"inLanguage\":\"de\"}]}<\/script>\n<!-- \/ Yoast SEO plugin. -->","yoast_head_json":{"title":"Die e-Commerce-L\u00f6sung mit vollst\u00e4ndiger ERP-Integration!","description":"Ihr Online-Shop nahtlos in Ihrer Cloud ERP integriert? Vereinfachen Sie die Verwaltung von Onnline-Auftr\u00e4gen, Stammdaten und Best\u00e4nden. Entdecken Sie Mago e-Commerce!","robots":{"index":"index","follow":"follow","max-snippet":"max-snippet:-1","max-image-preview":"max-image-preview:large","max-video-preview":"max-video-preview:-1"},"canonical":"https:\/\/mago.cloud\/de\/funktionen-tools\/mago-e-commerce","og_locale":"de_DE","og_type":"article","og_title":"Die e-Commerce-L\u00f6sung mit vollst\u00e4ndiger ERP-Integration!","og_description":"Ihr Online-Shop nahtlos in Ihrer Cloud ERP integriert? Vereinfachen Sie die Verwaltung von Onnline-Auftr\u00e4gen, Stammdaten und Best\u00e4nden. Entdecken Sie Mago e-Commerce!","og_url":"https:\/\/mago.cloud\/de\/funktionen-tools\/mago-e-commerce","og_site_name":"MagoCloud ERP","article_publisher":"https:\/\/www.facebook.com\/Zucchetti-Worldwide-799895010175846\/","article_modified_time":"2022-08-10T13:33:07+00:00","twitter_card":"summary_large_image","twitter_site":"@ZucchettiWorld","twitter_misc":{"Gesch\u00e4tzte Lesezeit":"3\u00a0Minuten"},"schema":{"@context":"https:\/\/schema.org","@graph":[{"@type":"WebPage","@id":"https:\/\/mago.cloud\/de\/funktionen-tools\/mago-e-commerce","url":"https:\/\/mago.cloud\/de\/funktionen-tools\/mago-e-commerce","name":"Die e-Commerce-L\u00f6sung mit vollst\u00e4ndiger ERP-Integration!","isPartOf":{"@id":"https:\/\/mago.cloud\/de#website"},"datePublished":"2021-12-01T15:11:30+00:00","dateModified":"2022-08-10T13:33:07+00:00","description":"Ihr Online-Shop nahtlos in Ihrer Cloud ERP integriert? Vereinfachen Sie die Verwaltung von Onnline-Auftr\u00e4gen, Stammdaten und Best\u00e4nden. Entdecken Sie Mago e-Commerce!","breadcrumb":{"@id":"https:\/\/mago.cloud\/de\/funktionen-tools\/mago-e-commerce#breadcrumb"},"inLanguage":"de","potentialAction":[{"@type":"ReadAction","target":["https:\/\/mago.cloud\/de\/funktionen-tools\/mago-e-commerce"]}]},{"@type":"BreadcrumbList","@id":"https:\/\/mago.cloud\/de\/funktionen-tools\/mago-e-commerce#breadcrumb","itemListElement":[{"@type":"ListItem","position":1,"name":"Home","item":"https:\/\/mago.cloud\/de"},{"@type":"ListItem","position":2,"name":"Funktionen &amp; Tools","item":"https:\/\/mago.cloud\/de\/funktionen-tools"},{"@type":"ListItem","position":3,"name":"Mago e-Commerce"}]},{"@type":"WebSite","@id":"https:\/\/mago.cloud\/de#website","url":"https:\/\/mago.cloud\/de","name":"MagoCloud ERP","description":"","potentialAction":[{"@type":"SearchAction","target":{"@type":"EntryPoint","urlTemplate":"https:\/\/mago.cloud\/de?s={search_term_string}"},"query-input":{"@type":"PropertyValueSpecification","valueRequired":true,"valueName":"search_term_string"}}],"inLanguage":"de"}]}},"_links":{"self":[{"href":"https:\/\/mago.cloud\/de\/wp-json\/wp\/v2\/pages\/17303","targetHints":{"allow":["GET"]}}],"collection":[{"href":"https:\/\/mago.cloud\/de\/wp-json\/wp\/v2\/pages"}],"about":[{"href":"https:\/\/mago.cloud\/de\/wp-json\/wp\/v2\/types\/page"}],"author":[{"embeddable":true,"href":"https:\/\/mago.cloud\/de\/wp-json\/wp\/v2\/users\/4"}],"replies":[{"embeddable":true,"href":"https:\/\/mago.cloud\/de\/wp-json\/wp\/v2\/comments?post=17303"}],"version-history":[{"count":22,"href":"https:\/\/mago.cloud\/de\/wp-json\/wp\/v2\/pages\/17303\/revisions"}],"predecessor-version":[{"id":18405,"href":"https:\/\/mago.cloud\/de\/wp-json\/wp\/v2\/pages\/17303\/revisions\/18405"}],"up":[{"embeddable":true,"href":"https:\/\/mago.cloud\/de\/wp-json\/wp\/v2\/pages\/17425"}],"wp:attachment":[{"href":"https:\/\/mago.cloud\/de\/wp-json\/wp\/v2\/media?parent=17303"}],"curies":[{"name":"wp","href":"https:\/\/api.w.org\/{rel}","templated":true}]}}